{"id":6543,"date":"2025-03-06T08:31:39","date_gmt":"2025-03-06T07:31:39","guid":{"rendered":"https:\/\/kawe.ch\/?page_id=6543"},"modified":"2025-03-07T16:39:11","modified_gmt":"2025-03-07T15:39:11","slug":"kawe-spezialwerkzeuge","status":"publish","type":"page","link":"https:\/\/kawe.ch\/en\/kawe-spezialwerkzeuge\/","title":{"rendered":"kawe special tools"},"content":{"rendered":"<div data-elementor-type=\"wp-page\" data-elementor-id=\"6543\" class=\"elementor elementor-6543\" data-elementor-post-type=\"page\">\n\t\t\t\t\t\t<section class=\"elementor-section elementor-top-section elementor-element elementor-element-dba86af elementor-section-full_width elementor-section-height-min-height elementor-section-height-default elementor-section-items-middle\" data-id=\"dba86af\" data-element_type=\"section\" data-settings=\"{&quot;background_background&quot;:&quot;classic&quot;}\">\n\t\t\t\t\t\t<div class=\"elementor-container elementor-column-gap-default\">\n\t\t\t\t\t<div class=\"elementor-column elementor-col-100 elementor-top-column elementor-element elementor-element-9b440fe\" data-id=\"9b440fe\" data-element_type=\"column\" data-settings=\"{&quot;background_background&quot;:&quot;classic&quot;}\">\n\t\t\t<div class=\"elementor-widget-wrap\">\n\t\t\t\t\t\t\t<\/div>\n\t\t<\/div>\n\t\t\t\t\t<\/div>\n\t\t<\/section>\n\t\t\t\t<section class=\"elementor-section elementor-top-section elementor-element elementor-element-8a9e469 elementor-section-boxed elementor-section-height-default elementor-section-height-default\" data-id=\"8a9e469\" data-element_type=\"section\">\n\t\t\t\t\t\t<div class=\"elementor-container elementor-column-gap-extended\">\n\t\t\t\t\t<div class=\"elementor-column elementor-col-50 elementor-top-column elementor-element elementor-element-c1f8b0b\" data-id=\"c1f8b0b\" data-element_type=\"column\">\n\t\t\t<div class=\"elementor-widget-wrap elementor-element-populated\">\n\t\t\t\t\t\t<div class=\"elementor-element elementor-element-6f7edaf elementor-widget elementor-widget-iheading\" data-id=\"6f7edaf\" data-element_type=\"widget\" data-widget_type=\"iheading.default\">\n\t\t\t\t<div class=\"elementor-widget-container\">\n\t\t\t\t\t\t\t<div class=\"section-head\">\n\t        \t            <h6 class=\"text-primary\">Increasing production efficiency<\/h6>\n\t        \t        <h2 class=\"section-title\">kawe special tools <span class=\"text-primary\"><\/span><\/h2>\n\t        \t    <\/div>\n\t    \t\t\t\t<\/div>\n\t\t\t\t<\/div>\n\t\t\t\t<div class=\"elementor-element elementor-element-9262ba5 elementor-widget elementor-widget-text-editor\" data-id=\"9262ba5\" data-element_type=\"widget\" data-widget_type=\"text-editor.default\">\n\t\t\t\t<div class=\"elementor-widget-container\">\n\t\t\t\t\t\t\t\t\t<p><strong data-renderer-mark=\"true\">Increase the efficiency of your production processes and your assembly staff with our kawe special tools<\/strong><\/p><p>Our special toolboxes, production tools and production gauges help to better manufacture, repair and install components. Used in power plants, industrial plants or in the transport sectors they enable our customers to provide highly efficient, reliable services. Special tasks for which no standard tools, machine components and machines exist are developed by our engineering department as prototype or series tools, and manufactured with kawe product certification and operating documents.<\/p>\t\t\t\t\t\t\t\t<\/div>\n\t\t\t\t<\/div>\n\t\t\t\t<div class=\"elementor-element elementor-element-2b1fa44 elementor-widget elementor-widget-text-editor\" data-id=\"2b1fa44\" data-element_type=\"widget\" data-widget_type=\"text-editor.default\">\n\t\t\t\t<div class=\"elementor-widget-container\">\n\t\t\t\t\t\t\t\t\t<p><strong data-renderer-mark=\"true\">WHY kawe special tools?<\/strong><\/p><ul><li>Up to 30% efficiency increase possible<\/li><li>Avoidance of manufacturing and assembly errors<\/li><li>Improvement in occupational safety<\/li><li>Increase in process stability<\/li><li>Customisable<\/li><li>With operation and maintenance documentation<\/li><li>CE certification possible<\/li><li>Employee training<\/li><\/ul>\t\t\t\t\t\t\t\t<\/div>\n\t\t\t\t<\/div>\n\t\t\t\t\t<\/div>\n\t\t<\/div>\n\t\t\t\t<div class=\"elementor-column elementor-col-50 elementor-top-column elementor-element elementor-element-ab28f1e\" data-id=\"ab28f1e\" data-element_type=\"column\">\n\t\t\t<div class=\"elementor-widget-wrap elementor-element-populated\">\n\t\t\t\t\t\t<div class=\"elementor-element elementor-element-d87c740 elementor-widget elementor-widget-image\" data-id=\"d87c740\" data-element_type=\"widget\" data-widget_type=\"image.default\">\n\t\t\t\t<div class=\"elementor-widget-container\">\n\t\t\t\t\t\t\t\t\t\t\t\t\t\t\t<img fetchpriority=\"high\" decoding=\"async\" width=\"640\" height=\"406\" src=\"https:\/\/kawe.ch\/wp-content\/uploads\/2025\/03\/24-034723_2-768x487.webp\" class=\"attachment-medium_large size-medium_large wp-image-6546\" alt=\"\" srcset=\"https:\/\/kawe.ch\/wp-content\/uploads\/2025\/03\/24-034723_2-768x487.webp 768w, https:\/\/kawe.ch\/wp-content\/uploads\/2025\/03\/24-034723_2-300x190.webp 300w, https:\/\/kawe.ch\/wp-content\/uploads\/2025\/03\/24-034723_2-1024x649.webp 1024w, https:\/\/kawe.ch\/wp-content\/uploads\/2025\/03\/24-034723_2-1536x974.webp 1536w, https:\/\/kawe.ch\/wp-content\/uploads\/2025\/03\/24-034723_2-18x12.webp 18w, https:\/\/kawe.ch\/wp-content\/uploads\/2025\/03\/24-034723_2.webp 1893w\" sizes=\"(max-width: 640px) 100vw, 640px\" \/>\t\t\t\t\t\t\t\t\t\t\t\t\t\t\t<\/div>\n\t\t\t\t<\/div>\n\t\t\t\t\t<\/div>\n\t\t<\/div>\n\t\t\t\t\t<\/div>\n\t\t<\/section>\n\t\t\t\t<section class=\"elementor-section elementor-top-section elementor-element elementor-element-5f58000 elementor-section-full_width elementor-section-height-default elementor-section-height-default\" data-id=\"5f58000\" data-element_type=\"section\" data-settings=\"{&quot;background_background&quot;:&quot;slideshow&quot;,&quot;background_slideshow_gallery&quot;:[],&quot;background_slideshow_loop&quot;:&quot;yes&quot;,&quot;background_slideshow_slide_duration&quot;:5000,&quot;background_slideshow_slide_transition&quot;:&quot;fade&quot;,&quot;background_slideshow_transition_duration&quot;:500}\">\n\t\t\t\t\t\t<div class=\"elementor-container elementor-column-gap-default\">\n\t\t\t\t\t<div class=\"elementor-column elementor-col-100 elementor-top-column elementor-element elementor-element-210d857\" data-id=\"210d857\" data-element_type=\"column\">\n\t\t\t<div class=\"elementor-widget-wrap elementor-element-populated\">\n\t\t\t\t\t\t<div class=\"elementor-element elementor-element-9ba7515 elementor-arrows-position-inside elementor-pagination-position-outside elementor-widget elementor-widget-image-carousel\" data-id=\"9ba7515\" data-element_type=\"widget\" data-settings=\"{&quot;slides_to_show&quot;:&quot;4&quot;,&quot;image_spacing_custom&quot;:{&quot;unit&quot;:&quot;px&quot;,&quot;size&quot;:15,&quot;sizes&quot;:[]},&quot;navigation&quot;:&quot;both&quot;,&quot;autoplay&quot;:&quot;yes&quot;,&quot;pause_on_hover&quot;:&quot;yes&quot;,&quot;pause_on_interaction&quot;:&quot;yes&quot;,&quot;autoplay_speed&quot;:5000,&quot;infinite&quot;:&quot;yes&quot;,&quot;speed&quot;:500,&quot;image_spacing_custom_tablet&quot;:{&quot;unit&quot;:&quot;px&quot;,&quot;size&quot;:&quot;&quot;,&quot;sizes&quot;:[]},&quot;image_spacing_custom_mobile&quot;:{&quot;unit&quot;:&quot;px&quot;,&quot;size&quot;:&quot;&quot;,&quot;sizes&quot;:[]}}\" data-widget_type=\"image-carousel.default\">\n\t\t\t\t<div class=\"elementor-widget-container\">\n\t\t\t\t\t\t\t<div class=\"elementor-image-carousel-wrapper swiper\" role=\"region\" aria-roledescription=\"carousel\" aria-label=\"Bild Karussell\" dir=\"ltr\">\n\t\t\t<div class=\"elementor-image-carousel swiper-wrapper\" aria-live=\"off\">\n\t\t\t\t\t\t\t\t<div class=\"swiper-slide\" role=\"group\" aria-roledescription=\"slide\" aria-label=\"1 von 6\"><a data-elementor-open-lightbox=\"yes\" data-elementor-lightbox-slideshow=\"9ba7515\" data-elementor-lightbox-title=\"23-030180-30\" data-e-action-hash=\"#elementor-action%3Aaction%3Dlightbox%26settings%3DeyJpZCI6NjU0OCwidXJsIjoiaHR0cHM6XC9cL2thd2UuY2hcL3dwLWNvbnRlbnRcL3VwbG9hZHNcLzIwMjVcLzAzXC8yMy0wMzAxODAtMzAud2VicCIsInNsaWRlc2hvdyI6IjliYTc1MTUifQ%3D%3D\" href=\"https:\/\/kawe.ch\/wp-content\/uploads\/2025\/03\/23-030180-30.webp\"><figure class=\"swiper-slide-inner\"><img decoding=\"async\" class=\"swiper-slide-image\" src=\"https:\/\/kawe.ch\/wp-content\/uploads\/2025\/03\/23-030180-30-768x404.webp\" alt=\"23-030180-30\" \/><\/figure><\/a><\/div><div class=\"swiper-slide\" role=\"group\" aria-roledescription=\"slide\" aria-label=\"2 von 6\"><a data-elementor-open-lightbox=\"yes\" data-elementor-lightbox-slideshow=\"9ba7515\" data-elementor-lightbox-title=\"23-030500-1\" data-e-action-hash=\"#elementor-action%3Aaction%3Dlightbox%26settings%3DeyJpZCI6NjU0OSwidXJsIjoiaHR0cHM6XC9cL2thd2UuY2hcL3dwLWNvbnRlbnRcL3VwbG9hZHNcLzIwMjVcLzAzXC8yMy0wMzA1MDAtMS53ZWJwIiwic2xpZGVzaG93IjoiOWJhNzUxNSJ9\" href=\"https:\/\/kawe.ch\/wp-content\/uploads\/2025\/03\/23-030500-1.webp\"><figure class=\"swiper-slide-inner\"><img decoding=\"async\" class=\"swiper-slide-image\" src=\"https:\/\/kawe.ch\/wp-content\/uploads\/2025\/03\/23-030500-1-768x404.webp\" alt=\"23-030500-1\" \/><\/figure><\/a><\/div><div class=\"swiper-slide\" role=\"group\" aria-roledescription=\"slide\" aria-label=\"3 von 6\"><a data-elementor-open-lightbox=\"yes\" data-elementor-lightbox-slideshow=\"9ba7515\" data-elementor-lightbox-title=\"23-030511-30\" data-e-action-hash=\"#elementor-action%3Aaction%3Dlightbox%26settings%3DeyJpZCI6NjU1MCwidXJsIjoiaHR0cHM6XC9cL2thd2UuY2hcL3dwLWNvbnRlbnRcL3VwbG9hZHNcLzIwMjVcLzAzXC8yMy0wMzA1MTEtMzAud2VicCIsInNsaWRlc2hvdyI6IjliYTc1MTUifQ%3D%3D\" href=\"https:\/\/kawe.ch\/wp-content\/uploads\/2025\/03\/23-030511-30.webp\"><figure class=\"swiper-slide-inner\"><img decoding=\"async\" class=\"swiper-slide-image\" src=\"https:\/\/kawe.ch\/wp-content\/uploads\/2025\/03\/23-030511-30-768x404.webp\" alt=\"23-030511-30\" \/><\/figure><\/a><\/div><div class=\"swiper-slide\" role=\"group\" aria-roledescription=\"slide\" aria-label=\"4 von 6\"><a data-elementor-open-lightbox=\"yes\" data-elementor-lightbox-slideshow=\"9ba7515\" data-elementor-lightbox-title=\"24-034475-30\" data-e-action-hash=\"#elementor-action%3Aaction%3Dlightbox%26settings%3DeyJpZCI6NjU1MSwidXJsIjoiaHR0cHM6XC9cL2thd2UuY2hcL3dwLWNvbnRlbnRcL3VwbG9hZHNcLzIwMjVcLzAzXC8yNC0wMzQ0NzUtMzAud2VicCIsInNsaWRlc2hvdyI6IjliYTc1MTUifQ%3D%3D\" href=\"https:\/\/kawe.ch\/wp-content\/uploads\/2025\/03\/24-034475-30.webp\"><figure class=\"swiper-slide-inner\"><img decoding=\"async\" class=\"swiper-slide-image\" src=\"https:\/\/kawe.ch\/wp-content\/uploads\/2025\/03\/24-034475-30-768x404.webp\" alt=\"24-034475-30\" \/><\/figure><\/a><\/div><div class=\"swiper-slide\" role=\"group\" aria-roledescription=\"slide\" aria-label=\"5 von 6\"><a data-elementor-open-lightbox=\"yes\" data-elementor-lightbox-slideshow=\"9ba7515\" data-elementor-lightbox-title=\"24-03545910\" data-e-action-hash=\"#elementor-action%3Aaction%3Dlightbox%26settings%3DeyJpZCI6NjU1MiwidXJsIjoiaHR0cHM6XC9cL2thd2UuY2hcL3dwLWNvbnRlbnRcL3VwbG9hZHNcLzIwMjVcLzAzXC8yNC0wMzU0NTkxMC53ZWJwIiwic2xpZGVzaG93IjoiOWJhNzUxNSJ9\" href=\"https:\/\/kawe.ch\/wp-content\/uploads\/2025\/03\/24-03545910.webp\"><figure class=\"swiper-slide-inner\"><img decoding=\"async\" class=\"swiper-slide-image\" src=\"https:\/\/kawe.ch\/wp-content\/uploads\/2025\/03\/24-03545910-768x404.webp\" alt=\"24-03545910\" \/><\/figure><\/a><\/div><div class=\"swiper-slide\" role=\"group\" aria-roledescription=\"slide\" aria-label=\"6 von 6\"><a data-elementor-open-lightbox=\"yes\" data-elementor-lightbox-slideshow=\"9ba7515\" data-elementor-lightbox-title=\"24-035726-40\" data-e-action-hash=\"#elementor-action%3Aaction%3Dlightbox%26settings%3DeyJpZCI6NjU2OSwidXJsIjoiaHR0cHM6XC9cL2thd2UuY2hcL3dwLWNvbnRlbnRcL3VwbG9hZHNcLzIwMjVcLzAzXC8yNC0wMzU3MjYtNDAucG5nIiwic2xpZGVzaG93IjoiOWJhNzUxNSJ9\" href=\"https:\/\/kawe.ch\/wp-content\/uploads\/2025\/03\/24-035726-40.png\"><figure class=\"swiper-slide-inner\"><img decoding=\"async\" class=\"swiper-slide-image\" src=\"https:\/\/kawe.ch\/wp-content\/uploads\/2025\/03\/24-035726-40-768x404.png\" alt=\"24-035726-40\" \/><\/figure><\/a><\/div>\t\t\t<\/div>\n\t\t\t\t\t\t\t\t\t\t\t\t<div class=\"elementor-swiper-button elementor-swiper-button-prev\" role=\"button\" tabindex=\"0\">\n\t\t\t\t\t\t<i aria-hidden=\"true\" class=\"eicon-chevron-left\"><\/i>\t\t\t\t\t<\/div>\n\t\t\t\t\t<div class=\"elementor-swiper-button elementor-swiper-button-next\" role=\"button\" tabindex=\"0\">\n\t\t\t\t\t\t<i aria-hidden=\"true\" class=\"eicon-chevron-right\"><\/i>\t\t\t\t\t<\/div>\n\t\t\t\t\n\t\t\t\t\t\t\t\t\t<div class=\"swiper-pagination\"><\/div>\n\t\t\t\t\t\t\t\t\t<\/div>\n\t\t\t\t\t\t<\/div>\n\t\t\t\t<\/div>\n\t\t\t\t\t<\/div>\n\t\t<\/div>\n\t\t\t\t\t<\/div>\n\t\t<\/section>\n\t\t\t\t<\/div>","protected":false},"excerpt":{"rendered":"<p>Steigerung der Produktionseffizienz kawe Spezialwerkzeuge Steigern Sie die Produktionseffizienz Ihrer Produktions- und Montagemitarbeiter mit unseren kawe Spezialwerkzeugen Unsere Spezial Werkzeugkoffer, Produktionswerkzeuge und Produktionslehren f\u00fcr die Fertigung, Reparatur und den Einbau von Komponenten aus dem Kraftwerk-, Industrie- und Transportbereich erm\u00f6glichen eine hocheffiziente, sichere Leistungserstellung unserer Kunden. Spezialaufgaben f\u00fcr welche keine Standardwerkzeuge, Maschinenbauteile und Maschinen existieren werden [&hellip;]<\/p>\n","protected":false},"author":1,"featured_media":0,"parent":0,"menu_order":0,"comment_status":"closed","ping_status":"closed","template":"elementor_header_footer","meta":{"iawp_total_views":640,"footnotes":""},"class_list":["post-6543","page","type-page","status-publish","hentry"],"yoast_head":"<!-- This site is optimized with the Yoast SEO plugin v26.7 - https:\/\/yoast.com\/wordpress\/plugins\/seo\/ -->\n<title>kawe Spezialwerkzeuge - Kawe<\/title>\n<meta name=\"robots\" content=\"index, follow, max-snippet:-1, max-image-preview:large, max-video-preview:-1\" \/>\n<link rel=\"canonical\" href=\"https:\/\/kawe.ch\/en\/kawe-spezialwerkzeuge\/\" \/>\n<meta property=\"og:locale\" content=\"en_US\" \/>\n<meta property=\"og:type\" content=\"article\" \/>\n<meta property=\"og:title\" content=\"kawe Spezialwerkzeuge - Kawe\" \/>\n<meta property=\"og:description\" content=\"Steigerung der Produktionseffizienz kawe Spezialwerkzeuge Steigern Sie die Produktionseffizienz Ihrer Produktions- und Montagemitarbeiter mit unseren kawe Spezialwerkzeugen Unsere Spezial Werkzeugkoffer, Produktionswerkzeuge und Produktionslehren f\u00fcr die Fertigung, Reparatur und den Einbau von Komponenten aus dem Kraftwerk-, Industrie- und Transportbereich erm\u00f6glichen eine hocheffiziente, sichere Leistungserstellung unserer Kunden. Spezialaufgaben f\u00fcr welche keine Standardwerkzeuge, Maschinenbauteile und Maschinen existieren werden [&hellip;]\" \/>\n<meta property=\"og:url\" content=\"https:\/\/kawe.ch\/en\/kawe-spezialwerkzeuge\/\" \/>\n<meta property=\"og:site_name\" content=\"Kawe\" \/>\n<meta property=\"article:modified_time\" content=\"2025-03-07T15:39:11+00:00\" \/>\n<meta property=\"og:image\" content=\"https:\/\/kawe.ch\/wp-content\/uploads\/2025\/03\/24-034723_2-768x487.webp\" \/>\n<meta name=\"twitter:card\" content=\"summary_large_image\" \/>\n<meta name=\"twitter:label1\" content=\"Est. reading time\" \/>\n\t<meta name=\"twitter:data1\" content=\"4 minutes\" \/>\n<script type=\"application\/ld+json\" class=\"yoast-schema-graph\">{\"@context\":\"https:\/\/schema.org\",\"@graph\":[{\"@type\":\"WebPage\",\"@id\":\"https:\/\/kawe.ch\/kawe-spezialwerkzeuge\/\",\"url\":\"https:\/\/kawe.ch\/kawe-spezialwerkzeuge\/\",\"name\":\"kawe Spezialwerkzeuge - Kawe\",\"isPartOf\":{\"@id\":\"https:\/\/kawe.ch\/#website\"},\"primaryImageOfPage\":{\"@id\":\"https:\/\/kawe.ch\/kawe-spezialwerkzeuge\/#primaryimage\"},\"image\":{\"@id\":\"https:\/\/kawe.ch\/kawe-spezialwerkzeuge\/#primaryimage\"},\"thumbnailUrl\":\"https:\/\/kawe.ch\/wp-content\/uploads\/2025\/03\/24-034723_2-768x487.webp\",\"datePublished\":\"2025-03-06T07:31:39+00:00\",\"dateModified\":\"2025-03-07T15:39:11+00:00\",\"breadcrumb\":{\"@id\":\"https:\/\/kawe.ch\/kawe-spezialwerkzeuge\/#breadcrumb\"},\"inLanguage\":\"en-US\",\"potentialAction\":[{\"@type\":\"ReadAction\",\"target\":[\"https:\/\/kawe.ch\/kawe-spezialwerkzeuge\/\"]}]},{\"@type\":\"ImageObject\",\"inLanguage\":\"en-US\",\"@id\":\"https:\/\/kawe.ch\/kawe-spezialwerkzeuge\/#primaryimage\",\"url\":\"https:\/\/kawe.ch\/wp-content\/uploads\/2025\/03\/24-034723_2-768x487.webp\",\"contentUrl\":\"https:\/\/kawe.ch\/wp-content\/uploads\/2025\/03\/24-034723_2-768x487.webp\"},{\"@type\":\"BreadcrumbList\",\"@id\":\"https:\/\/kawe.ch\/kawe-spezialwerkzeuge\/#breadcrumb\",\"itemListElement\":[{\"@type\":\"ListItem\",\"position\":1,\"name\":\"Startseite\",\"item\":\"https:\/\/kawe.ch\/\"},{\"@type\":\"ListItem\",\"position\":2,\"name\":\"kawe Spezialwerkzeuge\"}]},{\"@type\":\"WebSite\",\"@id\":\"https:\/\/kawe.ch\/#website\",\"url\":\"https:\/\/kawe.ch\/\",\"name\":\"Kawe\",\"description\":\"Ihr Partner f\u00fcr Systeml\u00f6sungen\",\"publisher\":{\"@id\":\"https:\/\/kawe.ch\/#organization\"},\"potentialAction\":[{\"@type\":\"SearchAction\",\"target\":{\"@type\":\"EntryPoint\",\"urlTemplate\":\"https:\/\/kawe.ch\/?s={search_term_string}\"},\"query-input\":{\"@type\":\"PropertyValueSpecification\",\"valueRequired\":true,\"valueName\":\"search_term_string\"}}],\"inLanguage\":\"en-US\"},{\"@type\":\"Organization\",\"@id\":\"https:\/\/kawe.ch\/#organization\",\"name\":\"Kawe\",\"url\":\"https:\/\/kawe.ch\/\",\"logo\":{\"@type\":\"ImageObject\",\"inLanguage\":\"en-US\",\"@id\":\"https:\/\/kawe.ch\/#\/schema\/logo\/image\/\",\"url\":\"https:\/\/kawe.ch\/wp-content\/uploads\/2021\/06\/kawe-logo.png\",\"contentUrl\":\"https:\/\/kawe.ch\/wp-content\/uploads\/2021\/06\/kawe-logo.png\",\"width\":600,\"height\":134,\"caption\":\"Kawe\"},\"image\":{\"@id\":\"https:\/\/kawe.ch\/#\/schema\/logo\/image\/\"}}]}<\/script>\n<!-- \/ Yoast SEO plugin. -->","yoast_head_json":{"title":"kawe Spezialwerkzeuge - Kawe","robots":{"index":"index","follow":"follow","max-snippet":"max-snippet:-1","max-image-preview":"max-image-preview:large","max-video-preview":"max-video-preview:-1"},"canonical":"https:\/\/kawe.ch\/en\/kawe-spezialwerkzeuge\/","og_locale":"en_US","og_type":"article","og_title":"kawe Spezialwerkzeuge - Kawe","og_description":"Steigerung der Produktionseffizienz kawe Spezialwerkzeuge Steigern Sie die Produktionseffizienz Ihrer Produktions- und Montagemitarbeiter mit unseren kawe Spezialwerkzeugen Unsere Spezial Werkzeugkoffer, Produktionswerkzeuge und Produktionslehren f\u00fcr die Fertigung, Reparatur und den Einbau von Komponenten aus dem Kraftwerk-, Industrie- und Transportbereich erm\u00f6glichen eine hocheffiziente, sichere Leistungserstellung unserer Kunden. Spezialaufgaben f\u00fcr welche keine Standardwerkzeuge, Maschinenbauteile und Maschinen existieren werden [&hellip;]","og_url":"https:\/\/kawe.ch\/en\/kawe-spezialwerkzeuge\/","og_site_name":"Kawe","article_modified_time":"2025-03-07T15:39:11+00:00","og_image":[{"url":"https:\/\/kawe.ch\/wp-content\/uploads\/2025\/03\/24-034723_2-768x487.webp","type":"","width":"","height":""}],"twitter_card":"summary_large_image","twitter_misc":{"Est. reading time":"4 minutes"},"schema":{"@context":"https:\/\/schema.org","@graph":[{"@type":"WebPage","@id":"https:\/\/kawe.ch\/kawe-spezialwerkzeuge\/","url":"https:\/\/kawe.ch\/kawe-spezialwerkzeuge\/","name":"kawe Spezialwerkzeuge - Kawe","isPartOf":{"@id":"https:\/\/kawe.ch\/#website"},"primaryImageOfPage":{"@id":"https:\/\/kawe.ch\/kawe-spezialwerkzeuge\/#primaryimage"},"image":{"@id":"https:\/\/kawe.ch\/kawe-spezialwerkzeuge\/#primaryimage"},"thumbnailUrl":"https:\/\/kawe.ch\/wp-content\/uploads\/2025\/03\/24-034723_2-768x487.webp","datePublished":"2025-03-06T07:31:39+00:00","dateModified":"2025-03-07T15:39:11+00:00","breadcrumb":{"@id":"https:\/\/kawe.ch\/kawe-spezialwerkzeuge\/#breadcrumb"},"inLanguage":"en-US","potentialAction":[{"@type":"ReadAction","target":["https:\/\/kawe.ch\/kawe-spezialwerkzeuge\/"]}]},{"@type":"ImageObject","inLanguage":"en-US","@id":"https:\/\/kawe.ch\/kawe-spezialwerkzeuge\/#primaryimage","url":"https:\/\/kawe.ch\/wp-content\/uploads\/2025\/03\/24-034723_2-768x487.webp","contentUrl":"https:\/\/kawe.ch\/wp-content\/uploads\/2025\/03\/24-034723_2-768x487.webp"},{"@type":"BreadcrumbList","@id":"https:\/\/kawe.ch\/kawe-spezialwerkzeuge\/#breadcrumb","itemListElement":[{"@type":"ListItem","position":1,"name":"Startseite","item":"https:\/\/kawe.ch\/"},{"@type":"ListItem","position":2,"name":"kawe Spezialwerkzeuge"}]},{"@type":"WebSite","@id":"https:\/\/kawe.ch\/#website","url":"https:\/\/kawe.ch\/","name":"Kawe","description":"Your partner for system solutions","publisher":{"@id":"https:\/\/kawe.ch\/#organization"},"potentialAction":[{"@type":"SearchAction","target":{"@type":"EntryPoint","urlTemplate":"https:\/\/kawe.ch\/?s={search_term_string}"},"query-input":{"@type":"PropertyValueSpecification","valueRequired":true,"valueName":"search_term_string"}}],"inLanguage":"en-US"},{"@type":"Organization","@id":"https:\/\/kawe.ch\/#organization","name":"Kawe","url":"https:\/\/kawe.ch\/","logo":{"@type":"ImageObject","inLanguage":"en-US","@id":"https:\/\/kawe.ch\/#\/schema\/logo\/image\/","url":"https:\/\/kawe.ch\/wp-content\/uploads\/2021\/06\/kawe-logo.png","contentUrl":"https:\/\/kawe.ch\/wp-content\/uploads\/2021\/06\/kawe-logo.png","width":600,"height":134,"caption":"Kawe"},"image":{"@id":"https:\/\/kawe.ch\/#\/schema\/logo\/image\/"}}]}},"_links":{"self":[{"href":"https:\/\/kawe.ch\/en\/wp-json\/wp\/v2\/pages\/6543","targetHints":{"allow":["GET"]}}],"collection":[{"href":"https:\/\/kawe.ch\/en\/wp-json\/wp\/v2\/pages"}],"about":[{"href":"https:\/\/kawe.ch\/en\/wp-json\/wp\/v2\/types\/page"}],"author":[{"embeddable":true,"href":"https:\/\/kawe.ch\/en\/wp-json\/wp\/v2\/users\/1"}],"replies":[{"embeddable":true,"href":"https:\/\/kawe.ch\/en\/wp-json\/wp\/v2\/comments?post=6543"}],"version-history":[{"count":10,"href":"https:\/\/kawe.ch\/en\/wp-json\/wp\/v2\/pages\/6543\/revisions"}],"predecessor-version":[{"id":6572,"href":"https:\/\/kawe.ch\/en\/wp-json\/wp\/v2\/pages\/6543\/revisions\/6572"}],"wp:attachment":[{"href":"https:\/\/kawe.ch\/en\/wp-json\/wp\/v2\/media?parent=6543"}],"curies":[{"name":"wp","href":"https:\/\/api.w.org\/{rel}","templated":true}]}}