{"id":6431,"date":"2025-01-24T11:08:56","date_gmt":"2025-01-24T10:08:56","guid":{"rendered":"https:\/\/kawe.ch\/?page_id=6431"},"modified":"2025-01-30T09:29:12","modified_gmt":"2025-01-30T08:29:12","slug":"zerspannung","status":"publish","type":"page","link":"https:\/\/kawe.ch\/en\/zerspannung\/","title":{"rendered":"Machining"},"content":{"rendered":"\t\t<div data-elementor-type=\"wp-page\" data-elementor-id=\"6431\" class=\"elementor elementor-6431\" data-elementor-post-type=\"page\">\n\t\t\t\t\t\t<section class=\"elementor-section elementor-top-section elementor-element elementor-element-a22d244 elementor-section-full_width elementor-section-height-min-height elementor-section-height-default elementor-section-items-middle\" data-id=\"a22d244\" data-element_type=\"section\" data-settings=\"{&quot;background_background&quot;:&quot;classic&quot;}\">\n\t\t\t\t\t\t<div class=\"elementor-container elementor-column-gap-default\">\n\t\t\t\t\t<div class=\"elementor-column elementor-col-100 elementor-top-column elementor-element elementor-element-886a1cf\" data-id=\"886a1cf\" data-element_type=\"column\" data-settings=\"{&quot;background_background&quot;:&quot;classic&quot;}\">\n\t\t\t<div class=\"elementor-widget-wrap elementor-element-populated\">\n\t\t\t\t\t\t<div class=\"elementor-element elementor-element-df74bca elementor-widget elementor-widget-spacer\" data-id=\"df74bca\" data-element_type=\"widget\" data-widget_type=\"spacer.default\">\n\t\t\t\t<div class=\"elementor-widget-container\">\n\t\t\t\t\t\t\t<div class=\"elementor-spacer\">\n\t\t\t<div class=\"elementor-spacer-inner\"><\/div>\n\t\t<\/div>\n\t\t\t\t\t\t<\/div>\n\t\t\t\t<\/div>\n\t\t\t\t\t<\/div>\n\t\t<\/div>\n\t\t\t\t\t<\/div>\n\t\t<\/section>\n\t\t\t\t<section class=\"elementor-section elementor-top-section elementor-element elementor-element-de5187a elementor-section-boxed elementor-section-height-default elementor-section-height-default\" data-id=\"de5187a\" data-element_type=\"section\">\n\t\t\t\t\t\t<div class=\"elementor-container elementor-column-gap-default\">\n\t\t\t\t\t<div class=\"elementor-column elementor-col-50 elementor-top-column elementor-element elementor-element-54f6092\" data-id=\"54f6092\" data-element_type=\"column\">\n\t\t\t<div class=\"elementor-widget-wrap elementor-element-populated\">\n\t\t\t\t\t\t<div class=\"elementor-element elementor-element-6eee95c elementor-widget elementor-widget-iheading\" data-id=\"6eee95c\" data-element_type=\"widget\" data-widget_type=\"iheading.default\">\n\t\t\t\t<div class=\"elementor-widget-container\">\n\t\t\t\t\t\t\t<div class=\"section-head\">\n\t        \t            <h6 class=\"text-primary\">Unsere Dienstleistungen<\/h6>\n\t        \t        <h2 class=\"section-title\">Zerspanung <span class=\"text-primary\"><\/span><\/h2>\n\t        \t    <\/div>\n\t    \t\t\t\t<\/div>\n\t\t\t\t<\/div>\n\t\t\t\t<div class=\"elementor-element elementor-element-4967280 elementor-widget elementor-widget-text-editor\" data-id=\"4967280\" data-element_type=\"widget\" data-widget_type=\"text-editor.default\">\n\t\t\t\t<div class=\"elementor-widget-container\">\n\t\t\t\t\t\t\t\t\t<p data-renderer-start-pos=\"369\">Mit unseren kompetenten Dreh- und Fr\u00e4sexperten, einem breit aufgestellten Maschinenpark und zeitgem\u00e4sser Mastercam Software stellen wir f\u00fcr Sie einfache und komplexe Einzelteile, Prototypen und Kleinserien her.<\/p><p data-renderer-start-pos=\"581\">Unsere weit herum bekannte Lehrwerkstatt f\u00f6rdert und entwickelt junge Berufsleute zu hervorragenden Zerspanungsfachleuten, welche bef\u00e4higt sind mit engsten Toleranzen zu fertigen.<\/p>\t\t\t\t\t\t\t\t<\/div>\n\t\t\t\t<\/div>\n\t\t\t\t\t<\/div>\n\t\t<\/div>\n\t\t\t\t<div class=\"elementor-column elementor-col-50 elementor-top-column elementor-element elementor-element-dc51943 elementor-hidden-mobile\" data-id=\"dc51943\" data-element_type=\"column\" data-settings=\"{&quot;background_background&quot;:&quot;classic&quot;}\">\n\t\t\t<div class=\"elementor-widget-wrap elementor-element-populated\">\n\t\t\t\t\t\t<div class=\"elementor-element elementor-element-b4518be elementor-widget elementor-widget-image\" data-id=\"b4518be\" data-element_type=\"widget\" data-widget_type=\"image.default\">\n\t\t\t\t<div class=\"elementor-widget-container\">\n\t\t\t\t\t\t\t\t\t\t\t\t\t\t\t<img fetchpriority=\"high\" decoding=\"async\" width=\"640\" height=\"480\" src=\"https:\/\/kawe.ch\/wp-content\/uploads\/2025\/01\/Screenshot_15-1024x768.jpg\" class=\"attachment-large size-large wp-image-6520\" alt=\"\" srcset=\"https:\/\/kawe.ch\/wp-content\/uploads\/2025\/01\/Screenshot_15-1024x768.jpg 1024w, https:\/\/kawe.ch\/wp-content\/uploads\/2025\/01\/Screenshot_15-300x225.jpg 300w, https:\/\/kawe.ch\/wp-content\/uploads\/2025\/01\/Screenshot_15-768x576.jpg 768w, https:\/\/kawe.ch\/wp-content\/uploads\/2025\/01\/Screenshot_15-1536x1152.jpg 1536w, https:\/\/kawe.ch\/wp-content\/uploads\/2025\/01\/Screenshot_15-16x12.jpg 16w, https:\/\/kawe.ch\/wp-content\/uploads\/2025\/01\/Screenshot_15.jpg 1920w\" sizes=\"(max-width: 640px) 100vw, 640px\" \/>\t\t\t\t\t\t\t\t\t\t\t\t\t\t\t<\/div>\n\t\t\t\t<\/div>\n\t\t\t\t\t<\/div>\n\t\t<\/div>\n\t\t\t\t\t<\/div>\n\t\t<\/section>\n\t\t\t\t<section class=\"elementor-section elementor-top-section elementor-element elementor-element-9682265 elementor-section-full_width elementor-section-content-middle elementor-section-height-default elementor-section-height-default\" data-id=\"9682265\" data-element_type=\"section\" data-settings=\"{&quot;background_background&quot;:&quot;classic&quot;}\">\n\t\t\t\t\t\t<div class=\"elementor-container elementor-column-gap-no\">\n\t\t\t\t\t<div class=\"elementor-column elementor-col-50 elementor-top-column elementor-element elementor-element-b2f1017\" data-id=\"b2f1017\" data-element_type=\"column\" data-settings=\"{&quot;background_background&quot;:&quot;slideshow&quot;,&quot;background_slideshow_gallery&quot;:[{&quot;id&quot;:6521,&quot;url&quot;:&quot;https:\\\/\\\/kawe.ch\\\/wp-content\\\/uploads\\\/2025\\\/01\\\/Screenshot_16.jpg&quot;}],&quot;background_slideshow_slide_duration&quot;:6500,&quot;background_slideshow_transition_duration&quot;:1000,&quot;background_slideshow_ken_burns&quot;:&quot;yes&quot;,&quot;background_slideshow_loop&quot;:&quot;yes&quot;,&quot;background_slideshow_slide_transition&quot;:&quot;fade&quot;,&quot;background_slideshow_ken_burns_zoom_direction&quot;:&quot;in&quot;}\">\n\t\t\t<div class=\"elementor-widget-wrap elementor-element-populated\">\n\t\t\t\t\t\t<div class=\"elementor-element elementor-element-aa6f3f1 elementor-widget elementor-widget-spacer\" data-id=\"aa6f3f1\" data-element_type=\"widget\" data-widget_type=\"spacer.default\">\n\t\t\t\t<div class=\"elementor-widget-container\">\n\t\t\t\t\t\t\t<div class=\"elementor-spacer\">\n\t\t\t<div class=\"elementor-spacer-inner\"><\/div>\n\t\t<\/div>\n\t\t\t\t\t\t<\/div>\n\t\t\t\t<\/div>\n\t\t\t\t\t<\/div>\n\t\t<\/div>\n\t\t\t\t<div class=\"elementor-column elementor-col-50 elementor-top-column elementor-element elementor-element-0aa9fc2\" data-id=\"0aa9fc2\" data-element_type=\"column\" data-settings=\"{&quot;background_background&quot;:&quot;classic&quot;}\">\n\t\t\t<div class=\"elementor-widget-wrap elementor-element-populated\">\n\t\t\t\t\t\t<div class=\"elementor-element elementor-element-ff9c3eb elementor-blockquote--skin-clean elementor-widget elementor-widget-blockquote\" data-id=\"ff9c3eb\" data-element_type=\"widget\" data-widget_type=\"blockquote.default\">\n\t\t\t\t<div class=\"elementor-widget-container\">\n\t\t\t\t\t\t\t<blockquote class=\"elementor-blockquote\">\n\t\t\t<p class=\"elementor-blockquote__content\">\n\t\t\t\tDank unserem klimatisierten Messraum sind wir in der Lage, die in der Zerspanung produzierten High Tech Fertigungsteile, falls notwendig mit entsprechenden Computer-Messprotokollen, auf unserer hochpr\u00e4zisen 3D Messmaschine zu verifizierten.\t\t\t<\/p>\n\t\t\t\t\t<\/blockquote>\n\t\t\t\t\t\t<\/div>\n\t\t\t\t<\/div>\n\t\t\t\t\t<\/div>\n\t\t<\/div>\n\t\t\t\t\t<\/div>\n\t\t<\/section>\n\t\t\t\t<\/div>\n\t\t","protected":false},"excerpt":{"rendered":"<p>Unsere Dienstleistungen Zerspanung Mit unseren kompetenten Dreh- und Fr\u00e4sexperten, einem breit aufgestellten Maschinenpark und zeitgem\u00e4sser Mastercam Software stellen wir f\u00fcr Sie einfache und komplexe Einzelteile, Prototypen und Kleinserien her. Unsere weit herum bekannte Lehrwerkstatt f\u00f6rdert und entwickelt junge Berufsleute zu hervorragenden Zerspanungsfachleuten, welche bef\u00e4higt sind mit engsten Toleranzen zu fertigen. Dank unserem klimatisierten Messraum sind [&hellip;]<\/p>\n","protected":false},"author":1,"featured_media":0,"parent":0,"menu_order":0,"comment_status":"closed","ping_status":"closed","template":"elementor_header_footer","meta":{"iawp_total_views":233,"footnotes":""},"class_list":["post-6431","page","type-page","status-publish","hentry"],"yoast_head":"<!-- This site is optimized with the Yoast SEO plugin v26.7 - https:\/\/yoast.com\/wordpress\/plugins\/seo\/ -->\n<title>Zerspannung - Kawe<\/title>\n<meta name=\"robots\" content=\"index, follow, max-snippet:-1, max-image-preview:large, max-video-preview:-1\" \/>\n<link rel=\"canonical\" href=\"https:\/\/kawe.ch\/en\/zerspannung\/\" \/>\n<meta property=\"og:locale\" content=\"en_US\" \/>\n<meta property=\"og:type\" content=\"article\" \/>\n<meta property=\"og:title\" content=\"Zerspannung - Kawe\" \/>\n<meta property=\"og:description\" content=\"Unsere Dienstleistungen Zerspanung Mit unseren kompetenten Dreh- und Fr\u00e4sexperten, einem breit aufgestellten Maschinenpark und zeitgem\u00e4sser Mastercam Software stellen wir f\u00fcr Sie einfache und komplexe Einzelteile, Prototypen und Kleinserien her. Unsere weit herum bekannte Lehrwerkstatt f\u00f6rdert und entwickelt junge Berufsleute zu hervorragenden Zerspanungsfachleuten, welche bef\u00e4higt sind mit engsten Toleranzen zu fertigen. Dank unserem klimatisierten Messraum sind [&hellip;]\" \/>\n<meta property=\"og:url\" content=\"https:\/\/kawe.ch\/en\/zerspannung\/\" \/>\n<meta property=\"og:site_name\" content=\"Kawe\" \/>\n<meta property=\"article:modified_time\" content=\"2025-01-30T08:29:12+00:00\" \/>\n<meta property=\"og:image\" content=\"https:\/\/kawe.ch\/wp-content\/uploads\/2025\/01\/Screenshot_15-1024x768.jpg\" \/>\n<meta name=\"twitter:card\" content=\"summary_large_image\" \/>\n<meta name=\"twitter:label1\" content=\"Est. reading time\" \/>\n\t<meta name=\"twitter:data1\" content=\"1 minute\" \/>\n<script type=\"application\/ld+json\" class=\"yoast-schema-graph\">{\"@context\":\"https:\/\/schema.org\",\"@graph\":[{\"@type\":\"WebPage\",\"@id\":\"https:\/\/kawe.ch\/zerspannung\/\",\"url\":\"https:\/\/kawe.ch\/zerspannung\/\",\"name\":\"Zerspannung - Kawe\",\"isPartOf\":{\"@id\":\"https:\/\/kawe.ch\/#website\"},\"primaryImageOfPage\":{\"@id\":\"https:\/\/kawe.ch\/zerspannung\/#primaryimage\"},\"image\":{\"@id\":\"https:\/\/kawe.ch\/zerspannung\/#primaryimage\"},\"thumbnailUrl\":\"https:\/\/kawe.ch\/wp-content\/uploads\/2025\/01\/Screenshot_15-1024x768.jpg\",\"datePublished\":\"2025-01-24T10:08:56+00:00\",\"dateModified\":\"2025-01-30T08:29:12+00:00\",\"breadcrumb\":{\"@id\":\"https:\/\/kawe.ch\/zerspannung\/#breadcrumb\"},\"inLanguage\":\"en-US\",\"potentialAction\":[{\"@type\":\"ReadAction\",\"target\":[\"https:\/\/kawe.ch\/zerspannung\/\"]}]},{\"@type\":\"ImageObject\",\"inLanguage\":\"en-US\",\"@id\":\"https:\/\/kawe.ch\/zerspannung\/#primaryimage\",\"url\":\"https:\/\/kawe.ch\/wp-content\/uploads\/2025\/01\/Screenshot_15-1024x768.jpg\",\"contentUrl\":\"https:\/\/kawe.ch\/wp-content\/uploads\/2025\/01\/Screenshot_15-1024x768.jpg\"},{\"@type\":\"BreadcrumbList\",\"@id\":\"https:\/\/kawe.ch\/zerspannung\/#breadcrumb\",\"itemListElement\":[{\"@type\":\"ListItem\",\"position\":1,\"name\":\"Startseite\",\"item\":\"https:\/\/kawe.ch\/\"},{\"@type\":\"ListItem\",\"position\":2,\"name\":\"Zerspannung\"}]},{\"@type\":\"WebSite\",\"@id\":\"https:\/\/kawe.ch\/#website\",\"url\":\"https:\/\/kawe.ch\/\",\"name\":\"Kawe\",\"description\":\"Ihr Partner f\u00fcr Systeml\u00f6sungen\",\"publisher\":{\"@id\":\"https:\/\/kawe.ch\/#organization\"},\"potentialAction\":[{\"@type\":\"SearchAction\",\"target\":{\"@type\":\"EntryPoint\",\"urlTemplate\":\"https:\/\/kawe.ch\/?s={search_term_string}\"},\"query-input\":{\"@type\":\"PropertyValueSpecification\",\"valueRequired\":true,\"valueName\":\"search_term_string\"}}],\"inLanguage\":\"en-US\"},{\"@type\":\"Organization\",\"@id\":\"https:\/\/kawe.ch\/#organization\",\"name\":\"Kawe\",\"url\":\"https:\/\/kawe.ch\/\",\"logo\":{\"@type\":\"ImageObject\",\"inLanguage\":\"en-US\",\"@id\":\"https:\/\/kawe.ch\/#\/schema\/logo\/image\/\",\"url\":\"https:\/\/kawe.ch\/wp-content\/uploads\/2021\/06\/kawe-logo.png\",\"contentUrl\":\"https:\/\/kawe.ch\/wp-content\/uploads\/2021\/06\/kawe-logo.png\",\"width\":600,\"height\":134,\"caption\":\"Kawe\"},\"image\":{\"@id\":\"https:\/\/kawe.ch\/#\/schema\/logo\/image\/\"}}]}<\/script>\n<!-- \/ Yoast SEO plugin. -->","yoast_head_json":{"title":"Zerspannung - Kawe","robots":{"index":"index","follow":"follow","max-snippet":"max-snippet:-1","max-image-preview":"max-image-preview:large","max-video-preview":"max-video-preview:-1"},"canonical":"https:\/\/kawe.ch\/en\/zerspannung\/","og_locale":"en_US","og_type":"article","og_title":"Zerspannung - Kawe","og_description":"Unsere Dienstleistungen Zerspanung Mit unseren kompetenten Dreh- und Fr\u00e4sexperten, einem breit aufgestellten Maschinenpark und zeitgem\u00e4sser Mastercam Software stellen wir f\u00fcr Sie einfache und komplexe Einzelteile, Prototypen und Kleinserien her. Unsere weit herum bekannte Lehrwerkstatt f\u00f6rdert und entwickelt junge Berufsleute zu hervorragenden Zerspanungsfachleuten, welche bef\u00e4higt sind mit engsten Toleranzen zu fertigen. Dank unserem klimatisierten Messraum sind [&hellip;]","og_url":"https:\/\/kawe.ch\/en\/zerspannung\/","og_site_name":"Kawe","article_modified_time":"2025-01-30T08:29:12+00:00","og_image":[{"url":"https:\/\/kawe.ch\/wp-content\/uploads\/2025\/01\/Screenshot_15-1024x768.jpg","type":"","width":"","height":""}],"twitter_card":"summary_large_image","twitter_misc":{"Est. reading time":"1 minute"},"schema":{"@context":"https:\/\/schema.org","@graph":[{"@type":"WebPage","@id":"https:\/\/kawe.ch\/zerspannung\/","url":"https:\/\/kawe.ch\/zerspannung\/","name":"Zerspannung - Kawe","isPartOf":{"@id":"https:\/\/kawe.ch\/#website"},"primaryImageOfPage":{"@id":"https:\/\/kawe.ch\/zerspannung\/#primaryimage"},"image":{"@id":"https:\/\/kawe.ch\/zerspannung\/#primaryimage"},"thumbnailUrl":"https:\/\/kawe.ch\/wp-content\/uploads\/2025\/01\/Screenshot_15-1024x768.jpg","datePublished":"2025-01-24T10:08:56+00:00","dateModified":"2025-01-30T08:29:12+00:00","breadcrumb":{"@id":"https:\/\/kawe.ch\/zerspannung\/#breadcrumb"},"inLanguage":"en-US","potentialAction":[{"@type":"ReadAction","target":["https:\/\/kawe.ch\/zerspannung\/"]}]},{"@type":"ImageObject","inLanguage":"en-US","@id":"https:\/\/kawe.ch\/zerspannung\/#primaryimage","url":"https:\/\/kawe.ch\/wp-content\/uploads\/2025\/01\/Screenshot_15-1024x768.jpg","contentUrl":"https:\/\/kawe.ch\/wp-content\/uploads\/2025\/01\/Screenshot_15-1024x768.jpg"},{"@type":"BreadcrumbList","@id":"https:\/\/kawe.ch\/zerspannung\/#breadcrumb","itemListElement":[{"@type":"ListItem","position":1,"name":"Startseite","item":"https:\/\/kawe.ch\/"},{"@type":"ListItem","position":2,"name":"Zerspannung"}]},{"@type":"WebSite","@id":"https:\/\/kawe.ch\/#website","url":"https:\/\/kawe.ch\/","name":"Kawe","description":"Your partner for system solutions","publisher":{"@id":"https:\/\/kawe.ch\/#organization"},"potentialAction":[{"@type":"SearchAction","target":{"@type":"EntryPoint","urlTemplate":"https:\/\/kawe.ch\/?s={search_term_string}"},"query-input":{"@type":"PropertyValueSpecification","valueRequired":true,"valueName":"search_term_string"}}],"inLanguage":"en-US"},{"@type":"Organization","@id":"https:\/\/kawe.ch\/#organization","name":"Kawe","url":"https:\/\/kawe.ch\/","logo":{"@type":"ImageObject","inLanguage":"en-US","@id":"https:\/\/kawe.ch\/#\/schema\/logo\/image\/","url":"https:\/\/kawe.ch\/wp-content\/uploads\/2021\/06\/kawe-logo.png","contentUrl":"https:\/\/kawe.ch\/wp-content\/uploads\/2021\/06\/kawe-logo.png","width":600,"height":134,"caption":"Kawe"},"image":{"@id":"https:\/\/kawe.ch\/#\/schema\/logo\/image\/"}}]}},"_links":{"self":[{"href":"https:\/\/kawe.ch\/en\/wp-json\/wp\/v2\/pages\/6431","targetHints":{"allow":["GET"]}}],"collection":[{"href":"https:\/\/kawe.ch\/en\/wp-json\/wp\/v2\/pages"}],"about":[{"href":"https:\/\/kawe.ch\/en\/wp-json\/wp\/v2\/types\/page"}],"author":[{"embeddable":true,"href":"https:\/\/kawe.ch\/en\/wp-json\/wp\/v2\/users\/1"}],"replies":[{"embeddable":true,"href":"https:\/\/kawe.ch\/en\/wp-json\/wp\/v2\/comments?post=6431"}],"version-history":[{"count":15,"href":"https:\/\/kawe.ch\/en\/wp-json\/wp\/v2\/pages\/6431\/revisions"}],"predecessor-version":[{"id":6524,"href":"https:\/\/kawe.ch\/en\/wp-json\/wp\/v2\/pages\/6431\/revisions\/6524"}],"wp:attachment":[{"href":"https:\/\/kawe.ch\/en\/wp-json\/wp\/v2\/media?parent=6431"}],"curies":[{"name":"wp","href":"https:\/\/api.w.org\/{rel}","templated":true}]}}