{"id":5936,"date":"2023-08-10T11:30:07","date_gmt":"2023-08-10T09:30:07","guid":{"rendered":"https:\/\/kawe.ch\/?page_id=5936"},"modified":"2026-03-02T15:29:51","modified_gmt":"2026-03-02T14:29:51","slug":"unsere-geschichte","status":"publish","type":"page","link":"https:\/\/kawe.ch\/en\/unsere-geschichte\/","title":{"rendered":"Our history"},"content":{"rendered":"\t\t<div data-elementor-type=\"wp-page\" data-elementor-id=\"5936\" class=\"elementor elementor-5936\" data-elementor-post-type=\"page\">\n\t\t\t\t\t\t<section class=\"elementor-section elementor-top-section elementor-element elementor-element-8f62c93 elementor-section-full_width elementor-section-height-min-height elementor-section-height-default elementor-section-items-middle\" data-id=\"8f62c93\" data-element_type=\"section\" data-settings=\"{&quot;background_background&quot;:&quot;classic&quot;}\">\n\t\t\t\t\t\t<div class=\"elementor-container elementor-column-gap-default\">\n\t\t\t\t\t<div class=\"elementor-column elementor-col-100 elementor-top-column elementor-element elementor-element-3c4ca30\" data-id=\"3c4ca30\" data-element_type=\"column\" data-settings=\"{&quot;background_background&quot;:&quot;classic&quot;}\">\n\t\t\t<div class=\"elementor-widget-wrap elementor-element-populated\">\n\t\t\t\t\t\t<div class=\"elementor-element elementor-element-5065146 elementor-widget elementor-widget-spacer\" data-id=\"5065146\" data-element_type=\"widget\" data-widget_type=\"spacer.default\">\n\t\t\t\t<div class=\"elementor-widget-container\">\n\t\t\t\t\t\t\t<div class=\"elementor-spacer\">\n\t\t\t<div class=\"elementor-spacer-inner\"><\/div>\n\t\t<\/div>\n\t\t\t\t\t\t<\/div>\n\t\t\t\t<\/div>\n\t\t\t\t\t<\/div>\n\t\t<\/div>\n\t\t\t\t\t<\/div>\n\t\t<\/section>\n\t\t\t\t<section class=\"elementor-section elementor-top-section elementor-element elementor-element-b2638e3 elementor-section-boxed elementor-section-height-default elementor-section-height-default\" data-id=\"b2638e3\" data-element_type=\"section\" data-settings=\"{&quot;background_background&quot;:&quot;classic&quot;}\">\n\t\t\t\t\t\t<div class=\"elementor-container elementor-column-gap-default\">\n\t\t\t\t\t<div class=\"elementor-column elementor-col-100 elementor-top-column elementor-element elementor-element-3154872\" data-id=\"3154872\" data-element_type=\"column\">\n\t\t\t<div class=\"elementor-widget-wrap elementor-element-populated\">\n\t\t\t\t\t\t<div class=\"elementor-element elementor-element-09e1e11 elementor-widget elementor-widget-iheading\" data-id=\"09e1e11\" data-element_type=\"widget\" data-widget_type=\"iheading.default\">\n\t\t\t\t<div class=\"elementor-widget-container\">\n\t\t\t\t\t\t\t<div class=\"section-head\">\n\t        \t            <h6 class=\"text-primary\">motiviert & stark<\/h6>\n\t        \t        <h2 class=\"section-title\">Unsere Geschichte <span class=\"text-primary\"><\/span><\/h2>\n\t        \t    <\/div>\n\t    \t\t\t\t<\/div>\n\t\t\t\t<\/div>\n\t\t\t\t<div class=\"elementor-element elementor-element-ccb3ec1 elementor-widget elementor-widget-timeline-widget-addon\" data-id=\"ccb3ec1\" data-element_type=\"widget\" data-widget_type=\"timeline-widget-addon.default\">\n\t\t\t\t<div class=\"elementor-widget-container\">\n\t\t\t\t\t<!-- ========= Timeline Widget Addon For Elementor 1.6.17 ========= -->\n<div id=\"twae-wrapper-ccb3ec1\" class=\"twae-vertical twae-wrapper  twae-both-sided\">   \n    <div class=\"twae-start\"><\/div>    \n    <div id=\"twea-timeline-ccb3ec1\" class=\"twae-timeline\" ><!-- Start of Story Repeater Content --><div id=\"story-fbb72ca\" class=\"twae-story twae-repeater-item twae-story-right twae-story-no-icon\"><!-- Story Label --><div class=\"twae-labels\"><div class=\"twae-label-big\">Juli 2025<\/div><div class=\"twae-label-small\">Neue Gesch\u00e4ftsleitung<\/div><\/div><!-- Story Icon --><div class=\"twae-icon\"><i aria-hidden=\"true\" class=\"far fa-clock\"><\/i><\/div><!-- Story Arrow --><div class=\"twae-arrow\"><\/div><!-- Start of Story Content --><div class=\"twae-content\"><!-- Story Title --><div class=\"twae-title\">Neue Gesch\u00e4ftsleitung<\/div><!-- Story Description --><div class=\"twae-description\"><p data-prosemirror-content-type=\"node\" data-prosemirror-node-name=\"paragraph\" data-prosemirror-node-block=\"true\" data-pm-slice=\"1 1 []\">Im Juli 2025 wurde die operative Leitung der kawe AG im Rahmen einer vorausschauend geplanten Nachfolgel\u00f6sung an eine neue F\u00fchrungscrew \u00fcbergeben. Die bisherigen Inhaber und Gesch\u00e4ftsf\u00fchrer Stephan Leunig\u00a0und Michel Indrizzi\u00a0\u00fcbergaben das operative Steuer an Michael Reinhard\u00a0als CEO und Marc Fl\u00fcckiger\u00a0als CFO.<\/p><p data-prosemirror-content-type=\"node\" data-prosemirror-node-name=\"paragraph\" data-prosemirror-node-block=\"true\">Leunig und Indrizzi bleiben dem Unternehmen weiterhin als Investoren verbunden, und Michel Indrizzi \u00fcbernimmt zus\u00e4tzlich ein Mandat im Verwaltungsrat \u2013 damit ist Kontinuit\u00e4t auf Besitzer- und F\u00fchrungsebene gew\u00e4hrleistet.<\/p><p data-prosemirror-content-type=\"node\" data-prosemirror-node-name=\"paragraph\" data-prosemirror-node-block=\"true\">Mit der \u00dcbergabe vollzieht die kawe AG einen weiteren bedeutenden Meilenstein in ihrer Entwicklung und setzt den Wachstumskurs fort. Die neue Gesch\u00e4ftsleitung fokussiert auf die langfristige Weiterentwicklung des Unternehmens, mit besonderem Augenmerk auf eigene Grossanlagen-Entwicklungen und innovative Produkte f\u00fcr den Energiesektor.<\/p><p data-prosemirror-content-type=\"node\" data-prosemirror-node-name=\"paragraph\" data-prosemirror-node-block=\"true\" data-pm-slice=\"1 1 [&quot;bulletList&quot;,{&quot;localId&quot;:null},&quot;listItem&quot;,{&quot;localId&quot;:null}]\"><a href=\"https:\/\/kawe.ch\/neue-geschaeftsleitung\/\" data-prosemirror-content-type=\"mark\" data-prosemirror-mark-name=\"link\">Neue Gesch\u00e4ftsleitung - Kawe<\/a><\/p><p>\u00a0<\/p><\/div><\/div><\/div><!-- Start of Story Repeater Content --><div id=\"story-9e05d10\" class=\"twae-story twae-repeater-item twae-story-left twae-story-no-icon\"><!-- Story Label --><div class=\"twae-labels\"><div class=\"twae-label-big\">2018 - 2020<\/div><div class=\"twae-label-small\">Die Erweiterung<\/div><\/div><!-- Story Icon --><div class=\"twae-icon\"><i aria-hidden=\"true\" class=\"far fa-clock\"><\/i><\/div><!-- Story Arrow --><div class=\"twae-arrow\"><\/div><!-- Start of Story Content --><div class=\"twae-content\"><!-- Story Title --><div class=\"twae-title\">Erweiterung der Kompetenzen und Standortverlagerung<\/div><!-- Story Description --><div class=\"twae-description\"><p>2018 \u00fcbernahmen wir die Mechtronik AG in die kawe-Gruppe, im 2019 fusionierten die beiden Firmen. Mit dieser \u00dcbernahme verst\u00e4rkten wir uns in den Bereichen Elektronik, Elektromechanik sowie in der Zerspanung. Wir konnten dadurch unsere interne Fertigungskette vervollst\u00e4ndigen und bieten unseren Kunden nun eine beeindruckende Fertigungstiefe aus einer Hand. Die Mitarbeiterzahl an beiden Standorten wuchs auf \u00fcber 70 Fachspezialisten an.<\/p><p>Im Zuge der Fusion wurde ein gemeinsamer Firmenstandort als wesentlicher Schritt f\u00fcr die Optimierung unserer Dienstleistung unerl\u00e4sslich. Der Standortentscheid fiel auf Untersiggenthal\/AG.<\/p><p>Mit der Durent AG hatten wir einen professionellen Partner, der den Bau der neuen Produktionshalle, anschliessend an das bestehende Mechtronik-Firmengeb\u00e4ude, termingerecht realisierte.<\/p><p>2020 bezogen wir die neue Produktionshalle. Gleichzeitig wurde die IT-Infrastruktur ausgebaut und die beiden bestehenden ERP-Systeme durch eine zeitgem\u00e4sse, produktionsgerichtete Software ersetzt. Eine der gr\u00f6ssten Solaranlagen des Kantons auf unserem Neubau ist unser wichtiger Beitrag zur Nachhaltigkeit.<\/p><\/div><\/div><\/div><!-- Start of Story Repeater Content --><div id=\"story-6ec602b\" class=\"twae-story twae-repeater-item twae-story-right twae-story-no-icon\"><!-- Story Label --><div class=\"twae-labels\"><div class=\"twae-label-big\">2015 - 2017<\/div><div class=\"twae-label-small\">Vertiefung<\/div><\/div><!-- Story Icon --><div class=\"twae-icon\"><i aria-hidden=\"true\" class=\"far fa-clock\"><\/i><\/div><!-- Story Arrow --><div class=\"twae-arrow\"><\/div><!-- Start of Story Content --><div class=\"twae-content\"><!-- Story Title --><div class=\"twae-title\">Vertiefung Produktportfolio und Wachstum in neue Branchen<\/div><!-- Story Description --><div class=\"twae-description\"><p>In diesen Jahren bauten wir unser Know-How im Bereich der Herstellung der technisch anspruchsvollen Kl\u00e4rschlammtrocknungsanlagen und Reformer weiter aus und installierten diese europaweit. Eine moderne Bystronic Laserschneidanlage erweiterte unsere Kompetenzen in der Blechbearbeitung und die Logistik wurde durch den Aufbau von Kundenlagern optimiert.<\/p><p>2017 \u00fcbernahmen wir Teilbereiche der Maschinenfabrik Lehner AG und Stephan Leunig trat in die Gesch\u00e4ftsleitung ein. Die Kapitalbasis erh\u00f6hte sich durch die Erweiterung des Aktionariats. Wir verf\u00fcgten nun \u00fcber 30 hochqualifizierte Fachleute und waren ein attraktiver Arbeitgeber in der Region.<\/p><p>Mit den neuen Sparten Kraftwerkskomponenten, Maschinenbau und dem weiteren Ausbau des Engineerings erreichten wir einen weiteren Meilenstein. Im Qualit\u00e4tsbereich legten wir mit der Erstellung eines neuen Messraumes mit modernster Messtechnik die Basis f\u00fcr den Komponentenbau auf High-Tech-Stufe und wir zertifizierten uns erfolgreich f\u00fcr ISO:9001 und ISO:14001.<\/p><p>Ein neuer Internetauftritt und das dynamische kawe-Logo repr\u00e4sentierten unseren neuen Marktauftritt unter dem Slogan:<\/p><p>\u00abTaking your vision to reality!<\/p><\/div><\/div><\/div><!-- Start of Story Repeater Content --><div id=\"story-2f4b857\" class=\"twae-story twae-repeater-item twae-story-left twae-story-no-icon\"><!-- Story Label --><div class=\"twae-labels\"><div class=\"twae-label-big\">2000 - 2015 <\/div><div class=\"twae-label-small\">Ausbau<\/div><\/div><!-- Story Icon --><div class=\"twae-icon\"><i aria-hidden=\"true\" class=\"far fa-clock\"><\/i><\/div><!-- Story Arrow --><div class=\"twae-arrow\"><\/div><!-- Start of Story Content --><div class=\"twae-content\"><!-- Story Title --><div class=\"twae-title\">Ausbau Projektgesch\u00e4ft und F\u00fchrungswechsel<\/div><!-- Story Description --><div class=\"twae-description\"><p>Verschiedene Neukunden im Projektgesch\u00e4ft vertrauten unseren Leistungen und wir gewannen wiederkehrende Auftr\u00e4ge mit Projektleitungsverantwortung. Unseren Maschinenpark bauten wir laufend auf die neuen Anforderungen hin aus und modernisierten konstant. Zus\u00e4tzlich \u00fcbernahmen wir erste Konstruktionsaufgaben um das Portfolio und unser Dienstleistungsangebot auch in diesem Bereich zu erweitern. Die Produktion und Montage von Kl\u00e4rschlammtrocknern begann.<\/p><p>2013 \u00fcbernahm Michel Indrizzi die Gesch\u00e4ftsf\u00fchrung der kawe ag und sorgte f\u00fcr einen frischen Wind und die weitere Entwicklung der Unternehmung. Die Konstruktionsdienstleistungen wurden ausgebaut und der Kundenstamm laufend verbreitert, um eine konstante Auslastung sicherzustellen. 2015 \u00fcbernahm Michel<br \/>Indrizzi die Aktien der kawe ag.<\/p><\/div><\/div><\/div><!-- Start of Story Repeater Content --><div id=\"story-237afb3\" class=\"twae-story twae-repeater-item twae-story-right twae-story-no-icon\"><!-- Story Label --><div class=\"twae-labels\"><div class=\"twae-label-big\">1986 - 2000<\/div><div class=\"twae-label-small\">Die ersten Jahre<\/div><\/div><!-- Story Icon --><div class=\"twae-icon\"><i aria-hidden=\"true\" class=\"far fa-clock\"><\/i><\/div><!-- Story Arrow --><div class=\"twae-arrow\"><\/div><!-- Start of Story Content --><div class=\"twae-content\"><!-- Story Title --><div class=\"twae-title\">Die ersten Jahre<\/div><!-- Story Description --><div class=\"twae-description\"><p>Gegr\u00fcndet wurde die <strong>kawe ag<\/strong> 1986 in Reinach\/AG von den beiden innovativen Herren Peter <strong>Ka<\/strong>spar und Alwin <strong>We<\/strong>ber. Wir<br \/>entwickelten uns von einer kleineren Schlosserei mit 2 Mitarbeitern zu einer angesehenen Unternehmung im Anlagenbau mit 15 Mitarbeitenden. Der Fokus lag stets auf komplexen Anlagenprojekten, die flexibel, innovativ und sehr kundennah umgesetzt wurden. Die immer umfangreicheren Anlagen ben\u00f6tigten eine gr\u00f6ssere Produktionsfl\u00e4che. So entschieden wir uns f\u00fcr einen Standortwechsel nach<br \/>Hendschiken\/AG. Dort bezog die kawe ag 1990 ein B\u00fcrogeb\u00e4ude sowie zwei Industriehallen mit einer Gesamtfl\u00e4che von 4500 m2.<\/p><\/div><\/div><\/div><\/div>\n    <div class=\"twae-end\"><\/div>\n    <\/div><style type=\"text\/css\">@media (max-width: 1024px){ .twae-wrapper{--tw-ybx-size: 80px !important;}}@media (max-width: 767px){ .twae-wrapper{--tw-ybx-size: 80px !important}}<\/style>\t\t\t\t<\/div>\n\t\t\t\t<\/div>\n\t\t\t\t\t<\/div>\n\t\t<\/div>\n\t\t\t\t\t<\/div>\n\t\t<\/section>\n\t\t\t\t<section class=\"elementor-section elementor-top-section elementor-element elementor-element-fbc3944 elementor-section-height-min-height elementor-section-boxed elementor-section-height-default elementor-section-items-middle\" data-id=\"fbc3944\" data-element_type=\"section\" data-settings=\"{&quot;background_background&quot;:&quot;classic&quot;}\">\n\t\t\t\t\t\t<div class=\"elementor-container elementor-column-gap-default\">\n\t\t\t\t\t<div class=\"elementor-column elementor-col-100 elementor-top-column elementor-element elementor-element-3a80aa7\" data-id=\"3a80aa7\" data-element_type=\"column\">\n\t\t\t<div class=\"elementor-widget-wrap\">\n\t\t\t\t\t\t\t<\/div>\n\t\t<\/div>\n\t\t\t\t\t<\/div>\n\t\t<\/section>\n\t\t\t\t<\/div>\n\t\t","protected":false},"excerpt":{"rendered":"<p>motiviert &#038; stark Unsere Geschichte Juli 2025Neue Gesch\u00e4ftsleitungNeue Gesch\u00e4ftsleitung Im Juli 2025 wurde die operative Leitung der kawe AG im Rahmen einer vorausschauend geplanten Nachfolgel\u00f6sung an eine neue F\u00fchrungscrew \u00fcbergeben. Die bisherigen Inhaber und Gesch\u00e4ftsf\u00fchrer Stephan Leunig\u00a0und Michel Indrizzi\u00a0\u00fcbergaben das operative Steuer an Michael Reinhard\u00a0als CEO und Marc Fl\u00fcckiger\u00a0als CFO. Leunig und Indrizzi bleiben dem [&hellip;]<\/p>\n","protected":false},"author":1,"featured_media":0,"parent":0,"menu_order":0,"comment_status":"closed","ping_status":"closed","template":"elementor_header_footer","meta":{"iawp_total_views":714,"footnotes":""},"class_list":["post-5936","page","type-page","status-publish","hentry"],"yoast_head":"<!-- This site is optimized with the Yoast SEO plugin v26.7 - https:\/\/yoast.com\/wordpress\/plugins\/seo\/ -->\n<title>Geschichte - Kawe<\/title>\n<meta name=\"robots\" content=\"index, follow, max-snippet:-1, max-image-preview:large, max-video-preview:-1\" \/>\n<link rel=\"canonical\" href=\"https:\/\/kawe.ch\/en\/unsere-geschichte\/\" \/>\n<meta property=\"og:locale\" content=\"en_US\" \/>\n<meta property=\"og:type\" content=\"article\" \/>\n<meta property=\"og:title\" content=\"Geschichte - Kawe\" \/>\n<meta property=\"og:description\" content=\"motiviert &#038; stark Unsere Geschichte Juli 2025Neue Gesch\u00e4ftsleitungNeue Gesch\u00e4ftsleitung Im Juli 2025 wurde die operative Leitung der kawe AG im Rahmen einer vorausschauend geplanten Nachfolgel\u00f6sung an eine neue F\u00fchrungscrew \u00fcbergeben. Die bisherigen Inhaber und Gesch\u00e4ftsf\u00fchrer Stephan Leunig\u00a0und Michel Indrizzi\u00a0\u00fcbergaben das operative Steuer an Michael Reinhard\u00a0als CEO und Marc Fl\u00fcckiger\u00a0als CFO. Leunig und Indrizzi bleiben dem [&hellip;]\" \/>\n<meta property=\"og:url\" content=\"https:\/\/kawe.ch\/en\/unsere-geschichte\/\" \/>\n<meta property=\"og:site_name\" content=\"Kawe\" \/>\n<meta property=\"article:modified_time\" content=\"2026-03-02T14:29:51+00:00\" \/>\n<meta name=\"twitter:card\" content=\"summary_large_image\" \/>\n<meta name=\"twitter:label1\" content=\"Est. reading time\" \/>\n\t<meta name=\"twitter:data1\" content=\"4 minutes\" \/>\n<script type=\"application\/ld+json\" class=\"yoast-schema-graph\">{\"@context\":\"https:\/\/schema.org\",\"@graph\":[{\"@type\":\"WebPage\",\"@id\":\"https:\/\/kawe.ch\/unsere-geschichte\/\",\"url\":\"https:\/\/kawe.ch\/unsere-geschichte\/\",\"name\":\"Geschichte - Kawe\",\"isPartOf\":{\"@id\":\"https:\/\/kawe.ch\/#website\"},\"datePublished\":\"2023-08-10T09:30:07+00:00\",\"dateModified\":\"2026-03-02T14:29:51+00:00\",\"breadcrumb\":{\"@id\":\"https:\/\/kawe.ch\/unsere-geschichte\/#breadcrumb\"},\"inLanguage\":\"en-US\",\"potentialAction\":[{\"@type\":\"ReadAction\",\"target\":[\"https:\/\/kawe.ch\/unsere-geschichte\/\"]}]},{\"@type\":\"BreadcrumbList\",\"@id\":\"https:\/\/kawe.ch\/unsere-geschichte\/#breadcrumb\",\"itemListElement\":[{\"@type\":\"ListItem\",\"position\":1,\"name\":\"Startseite\",\"item\":\"https:\/\/kawe.ch\/\"},{\"@type\":\"ListItem\",\"position\":2,\"name\":\"Geschichte\"}]},{\"@type\":\"WebSite\",\"@id\":\"https:\/\/kawe.ch\/#website\",\"url\":\"https:\/\/kawe.ch\/\",\"name\":\"Kawe\",\"description\":\"Ihr Partner f\u00fcr Systeml\u00f6sungen\",\"publisher\":{\"@id\":\"https:\/\/kawe.ch\/#organization\"},\"potentialAction\":[{\"@type\":\"SearchAction\",\"target\":{\"@type\":\"EntryPoint\",\"urlTemplate\":\"https:\/\/kawe.ch\/?s={search_term_string}\"},\"query-input\":{\"@type\":\"PropertyValueSpecification\",\"valueRequired\":true,\"valueName\":\"search_term_string\"}}],\"inLanguage\":\"en-US\"},{\"@type\":\"Organization\",\"@id\":\"https:\/\/kawe.ch\/#organization\",\"name\":\"Kawe\",\"url\":\"https:\/\/kawe.ch\/\",\"logo\":{\"@type\":\"ImageObject\",\"inLanguage\":\"en-US\",\"@id\":\"https:\/\/kawe.ch\/#\/schema\/logo\/image\/\",\"url\":\"https:\/\/kawe.ch\/wp-content\/uploads\/2021\/06\/kawe-logo.png\",\"contentUrl\":\"https:\/\/kawe.ch\/wp-content\/uploads\/2021\/06\/kawe-logo.png\",\"width\":600,\"height\":134,\"caption\":\"Kawe\"},\"image\":{\"@id\":\"https:\/\/kawe.ch\/#\/schema\/logo\/image\/\"}}]}<\/script>\n<!-- \/ Yoast SEO plugin. -->","yoast_head_json":{"title":"Geschichte - Kawe","robots":{"index":"index","follow":"follow","max-snippet":"max-snippet:-1","max-image-preview":"max-image-preview:large","max-video-preview":"max-video-preview:-1"},"canonical":"https:\/\/kawe.ch\/en\/unsere-geschichte\/","og_locale":"en_US","og_type":"article","og_title":"Geschichte - Kawe","og_description":"motiviert &#038; stark Unsere Geschichte Juli 2025Neue Gesch\u00e4ftsleitungNeue Gesch\u00e4ftsleitung Im Juli 2025 wurde die operative Leitung der kawe AG im Rahmen einer vorausschauend geplanten Nachfolgel\u00f6sung an eine neue F\u00fchrungscrew \u00fcbergeben. Die bisherigen Inhaber und Gesch\u00e4ftsf\u00fchrer Stephan Leunig\u00a0und Michel Indrizzi\u00a0\u00fcbergaben das operative Steuer an Michael Reinhard\u00a0als CEO und Marc Fl\u00fcckiger\u00a0als CFO. Leunig und Indrizzi bleiben dem [&hellip;]","og_url":"https:\/\/kawe.ch\/en\/unsere-geschichte\/","og_site_name":"Kawe","article_modified_time":"2026-03-02T14:29:51+00:00","twitter_card":"summary_large_image","twitter_misc":{"Est. reading time":"4 minutes"},"schema":{"@context":"https:\/\/schema.org","@graph":[{"@type":"WebPage","@id":"https:\/\/kawe.ch\/unsere-geschichte\/","url":"https:\/\/kawe.ch\/unsere-geschichte\/","name":"Geschichte - Kawe","isPartOf":{"@id":"https:\/\/kawe.ch\/#website"},"datePublished":"2023-08-10T09:30:07+00:00","dateModified":"2026-03-02T14:29:51+00:00","breadcrumb":{"@id":"https:\/\/kawe.ch\/unsere-geschichte\/#breadcrumb"},"inLanguage":"en-US","potentialAction":[{"@type":"ReadAction","target":["https:\/\/kawe.ch\/unsere-geschichte\/"]}]},{"@type":"BreadcrumbList","@id":"https:\/\/kawe.ch\/unsere-geschichte\/#breadcrumb","itemListElement":[{"@type":"ListItem","position":1,"name":"Startseite","item":"https:\/\/kawe.ch\/"},{"@type":"ListItem","position":2,"name":"Geschichte"}]},{"@type":"WebSite","@id":"https:\/\/kawe.ch\/#website","url":"https:\/\/kawe.ch\/","name":"Kawe","description":"Your partner for system solutions","publisher":{"@id":"https:\/\/kawe.ch\/#organization"},"potentialAction":[{"@type":"SearchAction","target":{"@type":"EntryPoint","urlTemplate":"https:\/\/kawe.ch\/?s={search_term_string}"},"query-input":{"@type":"PropertyValueSpecification","valueRequired":true,"valueName":"search_term_string"}}],"inLanguage":"en-US"},{"@type":"Organization","@id":"https:\/\/kawe.ch\/#organization","name":"Kawe","url":"https:\/\/kawe.ch\/","logo":{"@type":"ImageObject","inLanguage":"en-US","@id":"https:\/\/kawe.ch\/#\/schema\/logo\/image\/","url":"https:\/\/kawe.ch\/wp-content\/uploads\/2021\/06\/kawe-logo.png","contentUrl":"https:\/\/kawe.ch\/wp-content\/uploads\/2021\/06\/kawe-logo.png","width":600,"height":134,"caption":"Kawe"},"image":{"@id":"https:\/\/kawe.ch\/#\/schema\/logo\/image\/"}}]}},"_links":{"self":[{"href":"https:\/\/kawe.ch\/en\/wp-json\/wp\/v2\/pages\/5936","targetHints":{"allow":["GET"]}}],"collection":[{"href":"https:\/\/kawe.ch\/en\/wp-json\/wp\/v2\/pages"}],"about":[{"href":"https:\/\/kawe.ch\/en\/wp-json\/wp\/v2\/types\/page"}],"author":[{"embeddable":true,"href":"https:\/\/kawe.ch\/en\/wp-json\/wp\/v2\/users\/1"}],"replies":[{"embeddable":true,"href":"https:\/\/kawe.ch\/en\/wp-json\/wp\/v2\/comments?post=5936"}],"version-history":[{"count":17,"href":"https:\/\/kawe.ch\/en\/wp-json\/wp\/v2\/pages\/5936\/revisions"}],"predecessor-version":[{"id":9142,"href":"https:\/\/kawe.ch\/en\/wp-json\/wp\/v2\/pages\/5936\/revisions\/9142"}],"wp:attachment":[{"href":"https:\/\/kawe.ch\/en\/wp-json\/wp\/v2\/media?parent=5936"}],"curies":[{"name":"wp","href":"https:\/\/api.w.org\/{rel}","templated":true}]}}