{"id":4028,"date":"2023-02-10T12:00:42","date_gmt":"2023-02-10T11:00:42","guid":{"rendered":"https:\/\/kawe.ch\/wordpress\/?page_id=4028"},"modified":"2023-02-10T12:00:42","modified_gmt":"2023-02-10T11:00:42","slug":"umwelt-und-nachhaltigkeit-2","status":"publish","type":"page","link":"https:\/\/kawe.ch\/en\/umwelt-und-nachhaltigkeit-2\/","title":{"rendered":"Environment and sustainability"},"content":{"rendered":"<div data-elementor-type=\"wp-page\" data-elementor-id=\"4028\" class=\"elementor elementor-4028\" data-elementor-post-type=\"page\">\n\t\t\t\t\t\t<section class=\"elementor-section elementor-top-section elementor-element elementor-element-8f62c93 elementor-section-full_width elementor-section-height-min-height elementor-section-height-default elementor-section-items-middle\" data-id=\"8f62c93\" data-element_type=\"section\" data-settings=\"{&quot;background_background&quot;:&quot;classic&quot;}\">\n\t\t\t\t\t\t<div class=\"elementor-container elementor-column-gap-default\">\n\t\t\t\t\t<div class=\"elementor-column elementor-col-100 elementor-top-column elementor-element elementor-element-3c4ca30\" data-id=\"3c4ca30\" data-element_type=\"column\" data-settings=\"{&quot;background_background&quot;:&quot;classic&quot;}\">\n\t\t\t<div class=\"elementor-widget-wrap elementor-element-populated\">\n\t\t\t\t\t\t<div class=\"elementor-element elementor-element-15760c3 elementor-widget elementor-widget-heading\" data-id=\"15760c3\" data-element_type=\"widget\" data-widget_type=\"heading.default\">\n\t\t\t\t<div class=\"elementor-widget-container\">\n\t\t\t\t\t<h2 class=\"elementor-heading-title elementor-size-default\">Services<\/h2>\t\t\t\t<\/div>\n\t\t\t\t<\/div>\n\t\t\t\t\t<\/div>\n\t\t<\/div>\n\t\t\t\t\t<\/div>\n\t\t<\/section>\n\t\t\t\t<section class=\"elementor-section elementor-top-section elementor-element elementor-element-b2638e3 elementor-section-boxed elementor-section-height-default elementor-section-height-default\" data-id=\"b2638e3\" data-element_type=\"section\">\n\t\t\t\t\t\t<div class=\"elementor-container elementor-column-gap-default\">\n\t\t\t\t\t<div class=\"elementor-column elementor-col-50 elementor-top-column elementor-element elementor-element-3154872\" data-id=\"3154872\" data-element_type=\"column\">\n\t\t\t<div class=\"elementor-widget-wrap elementor-element-populated\">\n\t\t\t\t\t\t<div class=\"elementor-element elementor-element-09e1e11 elementor-widget elementor-widget-iheading\" data-id=\"09e1e11\" data-element_type=\"widget\" data-widget_type=\"iheading.default\">\n\t\t\t\t<div class=\"elementor-widget-container\">\n\t\t\t\t\t\t\t<div class=\"section-head\">\n\t        \t            <h6 class=\"text-primary\">Our Services<\/h6>\n\t        \t        <h2 class=\"section-title\">Mechanik <span class=\"text-primary\"><\/span><\/h2>\n\t        \t    <\/div>\n\t    \t\t\t\t<\/div>\n\t\t\t\t<\/div>\n\t\t\t\t<div class=\"elementor-element elementor-element-7ae8528 elementor-widget elementor-widget-text-editor\" data-id=\"7ae8528\" data-element_type=\"widget\" data-widget_type=\"text-editor.default\">\n\t\t\t\t<div class=\"elementor-widget-container\">\n\t\t\t\t\t\t\t\t\t<p>Mit unserem breit aufgestellten Maschinenpark von modernen Fr\u00e4s- und Drehmaschinen und unseren motivierten, gut ausgebildeten Fachkr\u00e4ften stellen wir auch die komplexesten Einzelteile f\u00fcr Sie her. Unsere mechanische Fertigung ist mit mehreren Programmierstationen ausger\u00fcstet, welche die Simulation von komplexen Teilen inklusive unterschiedlichen Werkzeugen, Werkzeughaltern und Einspannvorrichtungen erlauben.<\/p>\t\t\t\t\t\t\t\t<\/div>\n\t\t\t\t<\/div>\n\t\t\t\t\t<\/div>\n\t\t<\/div>\n\t\t\t\t<div class=\"elementor-column elementor-col-50 elementor-top-column elementor-element elementor-element-7112cc8\" data-id=\"7112cc8\" data-element_type=\"column\" data-settings=\"{&quot;background_background&quot;:&quot;classic&quot;}\">\n\t\t\t<div class=\"elementor-widget-wrap elementor-element-populated\">\n\t\t\t\t\t\t<div class=\"elementor-element elementor-element-44d0c33 elementor-widget elementor-widget-image\" data-id=\"44d0c33\" data-element_type=\"widget\" data-widget_type=\"image.default\">\n\t\t\t\t<div class=\"elementor-widget-container\">\n\t\t\t\t\t\t\t\t\t\t\t\t\t\t\t<img fetchpriority=\"high\" decoding=\"async\" width=\"640\" height=\"427\" src=\"https:\/\/kawe.ch\/wp-content\/uploads\/2022\/08\/DSC_7435-1024x683.jpeg\" class=\"attachment-large size-large wp-image-3194\" alt=\"\" srcset=\"https:\/\/kawe.ch\/wp-content\/uploads\/2022\/08\/DSC_7435-1024x683.jpeg 1024w, https:\/\/kawe.ch\/wp-content\/uploads\/2022\/08\/DSC_7435-300x200.jpeg 300w, https:\/\/kawe.ch\/wp-content\/uploads\/2022\/08\/DSC_7435-768x512.jpeg 768w, https:\/\/kawe.ch\/wp-content\/uploads\/2022\/08\/DSC_7435-1536x1024.jpeg 1536w, https:\/\/kawe.ch\/wp-content\/uploads\/2022\/08\/DSC_7435-2048x1365.jpeg 2048w, https:\/\/kawe.ch\/wp-content\/uploads\/2022\/08\/DSC_7435-18x12.jpeg 18w, https:\/\/kawe.ch\/wp-content\/uploads\/2022\/08\/DSC_7435-600x400.jpeg 600w\" sizes=\"(max-width: 640px) 100vw, 640px\" \/>\t\t\t\t\t\t\t\t\t\t\t\t\t\t\t<\/div>\n\t\t\t\t<\/div>\n\t\t\t\t\t<\/div>\n\t\t<\/div>\n\t\t\t\t\t<\/div>\n\t\t<\/section>\n\t\t\t\t<\/div>","protected":false},"excerpt":{"rendered":"<p>Dienstleistungen Unsere Dienstleistungen Mechanik Mit unserem breit aufgestellten Maschinenpark von modernen Fr\u00e4s- und Drehmaschinen und unseren motivierten, gut ausgebildeten Fachkr\u00e4ften stellen wir auch die komplexesten Einzelteile f\u00fcr Sie her. Unsere mechanische Fertigung ist mit mehreren Programmierstationen ausger\u00fcstet, welche die Simulation von komplexen Teilen inklusive unterschiedlichen Werkzeugen, Werkzeughaltern und Einspannvorrichtungen erlauben.<\/p>","protected":false},"author":1,"featured_media":0,"parent":0,"menu_order":0,"comment_status":"closed","ping_status":"closed","template":"elementor_header_footer","meta":{"iawp_total_views":1,"footnotes":""},"class_list":["post-4028","page","type-page","status-publish","hentry"],"yoast_head":"<!-- This site is optimized with the Yoast SEO plugin v26.7 - https:\/\/yoast.com\/wordpress\/plugins\/seo\/ -->\n<title>Umwelt und Nachhaltigkeit - Kawe<\/title>\n<meta name=\"robots\" content=\"index, follow, max-snippet:-1, max-image-preview:large, max-video-preview:-1\" \/>\n<link rel=\"canonical\" href=\"https:\/\/kawe.ch\/en\/umwelt-und-nachhaltigkeit-2\/\" \/>\n<meta property=\"og:locale\" content=\"en_US\" \/>\n<meta property=\"og:type\" content=\"article\" \/>\n<meta property=\"og:title\" content=\"Umwelt und Nachhaltigkeit - Kawe\" \/>\n<meta property=\"og:description\" content=\"Dienstleistungen Unsere Dienstleistungen Mechanik Mit unserem breit aufgestellten Maschinenpark von modernen Fr\u00e4s- und Drehmaschinen und unseren motivierten, gut ausgebildeten Fachkr\u00e4ften stellen wir auch die komplexesten Einzelteile f\u00fcr Sie her. Unsere mechanische Fertigung ist mit mehreren Programmierstationen ausger\u00fcstet, welche die Simulation von komplexen Teilen inklusive unterschiedlichen Werkzeugen, Werkzeughaltern und Einspannvorrichtungen erlauben.\" \/>\n<meta property=\"og:url\" content=\"https:\/\/kawe.ch\/en\/umwelt-und-nachhaltigkeit-2\/\" \/>\n<meta property=\"og:site_name\" content=\"Kawe\" \/>\n<meta property=\"og:image\" content=\"https:\/\/kawe.ch\/\/wp-content\/uploads\/2022\/08\/DSC_7435-1024x683.jpeg\" \/>\n<meta name=\"twitter:card\" content=\"summary_large_image\" \/>\n<script type=\"application\/ld+json\" class=\"yoast-schema-graph\">{\"@context\":\"https:\/\/schema.org\",\"@graph\":[{\"@type\":\"WebPage\",\"@id\":\"https:\/\/kawe.ch\/umwelt-und-nachhaltigkeit-2\/\",\"url\":\"https:\/\/kawe.ch\/umwelt-und-nachhaltigkeit-2\/\",\"name\":\"Umwelt und Nachhaltigkeit - Kawe\",\"isPartOf\":{\"@id\":\"https:\/\/kawe.ch\/#website\"},\"primaryImageOfPage\":{\"@id\":\"https:\/\/kawe.ch\/umwelt-und-nachhaltigkeit-2\/#primaryimage\"},\"image\":{\"@id\":\"https:\/\/kawe.ch\/umwelt-und-nachhaltigkeit-2\/#primaryimage\"},\"thumbnailUrl\":\"https:\/\/kawe.ch\/\/wp-content\/uploads\/2022\/08\/DSC_7435-1024x683.jpeg\",\"datePublished\":\"2023-02-10T11:00:42+00:00\",\"breadcrumb\":{\"@id\":\"https:\/\/kawe.ch\/umwelt-und-nachhaltigkeit-2\/#breadcrumb\"},\"inLanguage\":\"en-US\",\"potentialAction\":[{\"@type\":\"ReadAction\",\"target\":[\"https:\/\/kawe.ch\/umwelt-und-nachhaltigkeit-2\/\"]}]},{\"@type\":\"ImageObject\",\"inLanguage\":\"en-US\",\"@id\":\"https:\/\/kawe.ch\/umwelt-und-nachhaltigkeit-2\/#primaryimage\",\"url\":\"https:\/\/kawe.ch\/\/wp-content\/uploads\/2022\/08\/DSC_7435-1024x683.jpeg\",\"contentUrl\":\"https:\/\/kawe.ch\/\/wp-content\/uploads\/2022\/08\/DSC_7435-1024x683.jpeg\"},{\"@type\":\"BreadcrumbList\",\"@id\":\"https:\/\/kawe.ch\/umwelt-und-nachhaltigkeit-2\/#breadcrumb\",\"itemListElement\":[{\"@type\":\"ListItem\",\"position\":1,\"name\":\"Startseite\",\"item\":\"https:\/\/kawe.ch\/\"},{\"@type\":\"ListItem\",\"position\":2,\"name\":\"Umwelt und Nachhaltigkeit\"}]},{\"@type\":\"WebSite\",\"@id\":\"https:\/\/kawe.ch\/#website\",\"url\":\"https:\/\/kawe.ch\/\",\"name\":\"Kawe\",\"description\":\"Ihr Partner f\u00fcr Systeml\u00f6sungen\",\"publisher\":{\"@id\":\"https:\/\/kawe.ch\/#organization\"},\"potentialAction\":[{\"@type\":\"SearchAction\",\"target\":{\"@type\":\"EntryPoint\",\"urlTemplate\":\"https:\/\/kawe.ch\/?s={search_term_string}\"},\"query-input\":{\"@type\":\"PropertyValueSpecification\",\"valueRequired\":true,\"valueName\":\"search_term_string\"}}],\"inLanguage\":\"en-US\"},{\"@type\":\"Organization\",\"@id\":\"https:\/\/kawe.ch\/#organization\",\"name\":\"Kawe\",\"url\":\"https:\/\/kawe.ch\/\",\"logo\":{\"@type\":\"ImageObject\",\"inLanguage\":\"en-US\",\"@id\":\"https:\/\/kawe.ch\/#\/schema\/logo\/image\/\",\"url\":\"https:\/\/kawe.ch\/wp-content\/uploads\/2021\/06\/kawe-logo.png\",\"contentUrl\":\"https:\/\/kawe.ch\/wp-content\/uploads\/2021\/06\/kawe-logo.png\",\"width\":600,\"height\":134,\"caption\":\"Kawe\"},\"image\":{\"@id\":\"https:\/\/kawe.ch\/#\/schema\/logo\/image\/\"}}]}<\/script>\n<!-- \/ Yoast SEO plugin. -->","yoast_head_json":{"title":"Umwelt und Nachhaltigkeit - Kawe","robots":{"index":"index","follow":"follow","max-snippet":"max-snippet:-1","max-image-preview":"max-image-preview:large","max-video-preview":"max-video-preview:-1"},"canonical":"https:\/\/kawe.ch\/en\/umwelt-und-nachhaltigkeit-2\/","og_locale":"en_US","og_type":"article","og_title":"Umwelt und Nachhaltigkeit - Kawe","og_description":"Dienstleistungen Unsere Dienstleistungen Mechanik Mit unserem breit aufgestellten Maschinenpark von modernen Fr\u00e4s- und Drehmaschinen und unseren motivierten, gut ausgebildeten Fachkr\u00e4ften stellen wir auch die komplexesten Einzelteile f\u00fcr Sie her. Unsere mechanische Fertigung ist mit mehreren Programmierstationen ausger\u00fcstet, welche die Simulation von komplexen Teilen inklusive unterschiedlichen Werkzeugen, Werkzeughaltern und Einspannvorrichtungen erlauben.","og_url":"https:\/\/kawe.ch\/en\/umwelt-und-nachhaltigkeit-2\/","og_site_name":"Kawe","og_image":[{"url":"https:\/\/kawe.ch\/\/wp-content\/uploads\/2022\/08\/DSC_7435-1024x683.jpeg","type":"","width":"","height":""}],"twitter_card":"summary_large_image","schema":{"@context":"https:\/\/schema.org","@graph":[{"@type":"WebPage","@id":"https:\/\/kawe.ch\/umwelt-und-nachhaltigkeit-2\/","url":"https:\/\/kawe.ch\/umwelt-und-nachhaltigkeit-2\/","name":"Umwelt und Nachhaltigkeit - Kawe","isPartOf":{"@id":"https:\/\/kawe.ch\/#website"},"primaryImageOfPage":{"@id":"https:\/\/kawe.ch\/umwelt-und-nachhaltigkeit-2\/#primaryimage"},"image":{"@id":"https:\/\/kawe.ch\/umwelt-und-nachhaltigkeit-2\/#primaryimage"},"thumbnailUrl":"https:\/\/kawe.ch\/\/wp-content\/uploads\/2022\/08\/DSC_7435-1024x683.jpeg","datePublished":"2023-02-10T11:00:42+00:00","breadcrumb":{"@id":"https:\/\/kawe.ch\/umwelt-und-nachhaltigkeit-2\/#breadcrumb"},"inLanguage":"en-US","potentialAction":[{"@type":"ReadAction","target":["https:\/\/kawe.ch\/umwelt-und-nachhaltigkeit-2\/"]}]},{"@type":"ImageObject","inLanguage":"en-US","@id":"https:\/\/kawe.ch\/umwelt-und-nachhaltigkeit-2\/#primaryimage","url":"https:\/\/kawe.ch\/\/wp-content\/uploads\/2022\/08\/DSC_7435-1024x683.jpeg","contentUrl":"https:\/\/kawe.ch\/\/wp-content\/uploads\/2022\/08\/DSC_7435-1024x683.jpeg"},{"@type":"BreadcrumbList","@id":"https:\/\/kawe.ch\/umwelt-und-nachhaltigkeit-2\/#breadcrumb","itemListElement":[{"@type":"ListItem","position":1,"name":"Startseite","item":"https:\/\/kawe.ch\/"},{"@type":"ListItem","position":2,"name":"Umwelt und Nachhaltigkeit"}]},{"@type":"WebSite","@id":"https:\/\/kawe.ch\/#website","url":"https:\/\/kawe.ch\/","name":"Kawe","description":"Your partner for system solutions","publisher":{"@id":"https:\/\/kawe.ch\/#organization"},"potentialAction":[{"@type":"SearchAction","target":{"@type":"EntryPoint","urlTemplate":"https:\/\/kawe.ch\/?s={search_term_string}"},"query-input":{"@type":"PropertyValueSpecification","valueRequired":true,"valueName":"search_term_string"}}],"inLanguage":"en-US"},{"@type":"Organization","@id":"https:\/\/kawe.ch\/#organization","name":"Kawe","url":"https:\/\/kawe.ch\/","logo":{"@type":"ImageObject","inLanguage":"en-US","@id":"https:\/\/kawe.ch\/#\/schema\/logo\/image\/","url":"https:\/\/kawe.ch\/wp-content\/uploads\/2021\/06\/kawe-logo.png","contentUrl":"https:\/\/kawe.ch\/wp-content\/uploads\/2021\/06\/kawe-logo.png","width":600,"height":134,"caption":"Kawe"},"image":{"@id":"https:\/\/kawe.ch\/#\/schema\/logo\/image\/"}}]}},"_links":{"self":[{"href":"https:\/\/kawe.ch\/en\/wp-json\/wp\/v2\/pages\/4028","targetHints":{"allow":["GET"]}}],"collection":[{"href":"https:\/\/kawe.ch\/en\/wp-json\/wp\/v2\/pages"}],"about":[{"href":"https:\/\/kawe.ch\/en\/wp-json\/wp\/v2\/types\/page"}],"author":[{"embeddable":true,"href":"https:\/\/kawe.ch\/en\/wp-json\/wp\/v2\/users\/1"}],"replies":[{"embeddable":true,"href":"https:\/\/kawe.ch\/en\/wp-json\/wp\/v2\/comments?post=4028"}],"version-history":[{"count":1,"href":"https:\/\/kawe.ch\/en\/wp-json\/wp\/v2\/pages\/4028\/revisions"}],"predecessor-version":[{"id":4042,"href":"https:\/\/kawe.ch\/en\/wp-json\/wp\/v2\/pages\/4028\/revisions\/4042"}],"wp:attachment":[{"href":"https:\/\/kawe.ch\/en\/wp-json\/wp\/v2\/media?parent=4028"}],"curies":[{"name":"wp","href":"https:\/\/api.w.org\/{rel}","templated":true}]}}