{"id":4027,"date":"2023-02-10T11:57:58","date_gmt":"2023-02-10T10:57:58","guid":{"rendered":"https:\/\/kawe.ch\/wordpress\/?page_id=4027"},"modified":"2023-04-27T14:15:14","modified_gmt":"2023-04-27T12:15:14","slug":"nahrungsmitteltechnik","status":"publish","type":"page","link":"https:\/\/kawe.ch\/en\/nahrungsmitteltechnik\/","title":{"rendered":"Food Technology"},"content":{"rendered":"<div data-elementor-type=\"wp-page\" data-elementor-id=\"4027\" class=\"elementor elementor-4027\" data-elementor-post-type=\"page\">\n\t\t\t\t\t\t<section class=\"elementor-section elementor-top-section elementor-element elementor-element-8f62c93 elementor-section-full_width elementor-section-height-min-height elementor-section-height-default elementor-section-items-middle\" data-id=\"8f62c93\" data-element_type=\"section\" data-settings=\"{&quot;background_background&quot;:&quot;classic&quot;}\">\n\t\t\t\t\t\t<div class=\"elementor-container elementor-column-gap-default\">\n\t\t\t\t\t<div class=\"elementor-column elementor-col-100 elementor-top-column elementor-element elementor-element-3c4ca30\" data-id=\"3c4ca30\" data-element_type=\"column\" data-settings=\"{&quot;background_background&quot;:&quot;classic&quot;}\">\n\t\t\t<div class=\"elementor-widget-wrap\">\n\t\t\t\t\t\t\t<\/div>\n\t\t<\/div>\n\t\t\t\t\t<\/div>\n\t\t<\/section>\n\t\t\t\t<section class=\"elementor-section elementor-top-section elementor-element elementor-element-b9dae46 elementor-section-boxed elementor-section-height-default elementor-section-height-default\" data-id=\"b9dae46\" data-element_type=\"section\">\n\t\t\t\t\t\t<div class=\"elementor-container elementor-column-gap-default\">\n\t\t\t\t\t<div class=\"elementor-column elementor-col-50 elementor-top-column elementor-element elementor-element-5c73f34\" data-id=\"5c73f34\" data-element_type=\"column\">\n\t\t\t<div class=\"elementor-widget-wrap elementor-element-populated\">\n\t\t\t\t\t\t<div class=\"elementor-element elementor-element-e5fae80 elementor-widget elementor-widget-iheading\" data-id=\"e5fae80\" data-element_type=\"widget\" data-widget_type=\"iheading.default\">\n\t\t\t\t<div class=\"elementor-widget-container\">\n\t\t\t\t\t\t\t<div class=\"section-head\">\n\t        \t            <h6 class=\"text-primary\">Industry sectors<\/h6>\n\t        \t        <h2 class=\"section-title\">Food Technology <span class=\"text-primary\"><\/span><\/h2>\n\t        \t    <\/div>\n\t    \t\t\t\t<\/div>\n\t\t\t\t<\/div>\n\t\t\t\t<div class=\"elementor-element elementor-element-b3bce21 elementor-widget elementor-widget-text-editor\" data-id=\"b3bce21\" data-element_type=\"widget\" data-widget_type=\"text-editor.default\">\n\t\t\t\t<div class=\"elementor-widget-container\">\n\t\t\t\t\t\t\t\t\t<p>Kawe has industry-specific knowledge in the food technology sector. Our customers include well-known OEMs in this industrial sector.<\/p><p>Our engineers and technicians work on innovative, cost-conscious solutions, always in close cooperation with our customers. If desired, we also design on our customers' CAD systems to simplify the development and approval process.<\/p><p>We manufacture the most sophisticated mechanical and electromechanical assemblies, control cabinets and complete machines, if necessary with test and acceptance protocols.<\/p><p>You can also entrust us with the complete design of the wiring (cable harnesses) including parts list and labeling.<\/p><p>Our experience ranges from prototyping to series production. We also repair and upgrade the machines we manufacture for our customers.<\/p><p>We support our customers with customized solutions for the assembly and maintenance of your assemblies and systems.<\/p>\t\t\t\t\t\t\t\t<\/div>\n\t\t\t\t<\/div>\n\t\t\t\t\t<\/div>\n\t\t<\/div>\n\t\t\t\t<div class=\"elementor-column elementor-col-50 elementor-top-column elementor-element elementor-element-bfcb13d\" data-id=\"bfcb13d\" data-element_type=\"column\" data-settings=\"{&quot;background_background&quot;:&quot;classic&quot;}\">\n\t\t\t<div class=\"elementor-widget-wrap elementor-element-populated\">\n\t\t\t\t\t\t<div class=\"elementor-element elementor-element-03daf61 elementor-widget elementor-widget-spacer\" data-id=\"03daf61\" data-element_type=\"widget\" data-widget_type=\"spacer.default\">\n\t\t\t\t<div class=\"elementor-widget-container\">\n\t\t\t\t\t\t\t<div class=\"elementor-spacer\">\n\t\t\t<div class=\"elementor-spacer-inner\"><\/div>\n\t\t<\/div>\n\t\t\t\t\t\t<\/div>\n\t\t\t\t<\/div>\n\t\t\t\t\t<\/div>\n\t\t<\/div>\n\t\t\t\t\t<\/div>\n\t\t<\/section>\n\t\t\t\t<\/div>","protected":false},"excerpt":{"rendered":"<p>Industriebereiche Nahrungsmitteltechnik Kawe weist branchenspezifisches Wissen auf dem Sektor Nahrungsmitteltechnik auf. Zu unseren Kunden geh\u00f6ren namhafte OEMs in diesem Industriebereich. Unsere Ingenieure und Techniker arbeiten an innovativen, kostenbewussten L\u00f6sungen, immer in enger Zusammenarbeit mit unseren Kunden. Wir konstruieren falls gew\u00fcnscht auch auf den CAD Systemen unserer Kunden um den Entwicklungs- und Freigabeprozess zu vereinfachen. Wir [&hellip;]<\/p>\n","protected":false},"author":1,"featured_media":0,"parent":0,"menu_order":0,"comment_status":"closed","ping_status":"closed","template":"elementor_header_footer","meta":{"iawp_total_views":131,"footnotes":""},"class_list":["post-4027","page","type-page","status-publish","hentry"],"yoast_head":"<!-- This site is optimized with the Yoast SEO plugin v26.7 - https:\/\/yoast.com\/wordpress\/plugins\/seo\/ -->\n<title>Nahrungsmitteltechnik - Kawe<\/title>\n<meta name=\"robots\" content=\"index, follow, max-snippet:-1, max-image-preview:large, max-video-preview:-1\" \/>\n<link rel=\"canonical\" href=\"https:\/\/kawe.ch\/en\/nahrungsmitteltechnik\/\" \/>\n<meta property=\"og:locale\" content=\"en_US\" \/>\n<meta property=\"og:type\" content=\"article\" \/>\n<meta property=\"og:title\" content=\"Nahrungsmitteltechnik - Kawe\" \/>\n<meta property=\"og:description\" content=\"Industriebereiche Nahrungsmitteltechnik Kawe weist branchenspezifisches Wissen auf dem Sektor Nahrungsmitteltechnik auf. Zu unseren Kunden geh\u00f6ren namhafte OEMs in diesem Industriebereich. Unsere Ingenieure und Techniker arbeiten an innovativen, kostenbewussten L\u00f6sungen, immer in enger Zusammenarbeit mit unseren Kunden. Wir konstruieren falls gew\u00fcnscht auch auf den CAD Systemen unserer Kunden um den Entwicklungs- und Freigabeprozess zu vereinfachen. Wir [&hellip;]\" \/>\n<meta property=\"og:url\" content=\"https:\/\/kawe.ch\/en\/nahrungsmitteltechnik\/\" \/>\n<meta property=\"og:site_name\" content=\"Kawe\" \/>\n<meta property=\"article:modified_time\" content=\"2023-04-27T12:15:14+00:00\" \/>\n<meta name=\"twitter:card\" content=\"summary_large_image\" \/>\n<meta name=\"twitter:label1\" content=\"Est. reading time\" \/>\n\t<meta name=\"twitter:data1\" content=\"1 minute\" \/>\n<script type=\"application\/ld+json\" class=\"yoast-schema-graph\">{\"@context\":\"https:\/\/schema.org\",\"@graph\":[{\"@type\":\"WebPage\",\"@id\":\"https:\/\/kawe.ch\/nahrungsmitteltechnik\/\",\"url\":\"https:\/\/kawe.ch\/nahrungsmitteltechnik\/\",\"name\":\"Nahrungsmitteltechnik - Kawe\",\"isPartOf\":{\"@id\":\"https:\/\/kawe.ch\/#website\"},\"datePublished\":\"2023-02-10T10:57:58+00:00\",\"dateModified\":\"2023-04-27T12:15:14+00:00\",\"breadcrumb\":{\"@id\":\"https:\/\/kawe.ch\/nahrungsmitteltechnik\/#breadcrumb\"},\"inLanguage\":\"en-US\",\"potentialAction\":[{\"@type\":\"ReadAction\",\"target\":[\"https:\/\/kawe.ch\/nahrungsmitteltechnik\/\"]}]},{\"@type\":\"BreadcrumbList\",\"@id\":\"https:\/\/kawe.ch\/nahrungsmitteltechnik\/#breadcrumb\",\"itemListElement\":[{\"@type\":\"ListItem\",\"position\":1,\"name\":\"Startseite\",\"item\":\"https:\/\/kawe.ch\/\"},{\"@type\":\"ListItem\",\"position\":2,\"name\":\"Nahrungsmitteltechnik\"}]},{\"@type\":\"WebSite\",\"@id\":\"https:\/\/kawe.ch\/#website\",\"url\":\"https:\/\/kawe.ch\/\",\"name\":\"Kawe\",\"description\":\"Ihr Partner f\u00fcr Systeml\u00f6sungen\",\"publisher\":{\"@id\":\"https:\/\/kawe.ch\/#organization\"},\"potentialAction\":[{\"@type\":\"SearchAction\",\"target\":{\"@type\":\"EntryPoint\",\"urlTemplate\":\"https:\/\/kawe.ch\/?s={search_term_string}\"},\"query-input\":{\"@type\":\"PropertyValueSpecification\",\"valueRequired\":true,\"valueName\":\"search_term_string\"}}],\"inLanguage\":\"en-US\"},{\"@type\":\"Organization\",\"@id\":\"https:\/\/kawe.ch\/#organization\",\"name\":\"Kawe\",\"url\":\"https:\/\/kawe.ch\/\",\"logo\":{\"@type\":\"ImageObject\",\"inLanguage\":\"en-US\",\"@id\":\"https:\/\/kawe.ch\/#\/schema\/logo\/image\/\",\"url\":\"https:\/\/kawe.ch\/wp-content\/uploads\/2021\/06\/kawe-logo.png\",\"contentUrl\":\"https:\/\/kawe.ch\/wp-content\/uploads\/2021\/06\/kawe-logo.png\",\"width\":600,\"height\":134,\"caption\":\"Kawe\"},\"image\":{\"@id\":\"https:\/\/kawe.ch\/#\/schema\/logo\/image\/\"}}]}<\/script>\n<!-- \/ Yoast SEO plugin. -->","yoast_head_json":{"title":"Nahrungsmitteltechnik - Kawe","robots":{"index":"index","follow":"follow","max-snippet":"max-snippet:-1","max-image-preview":"max-image-preview:large","max-video-preview":"max-video-preview:-1"},"canonical":"https:\/\/kawe.ch\/en\/nahrungsmitteltechnik\/","og_locale":"en_US","og_type":"article","og_title":"Nahrungsmitteltechnik - Kawe","og_description":"Industriebereiche Nahrungsmitteltechnik Kawe weist branchenspezifisches Wissen auf dem Sektor Nahrungsmitteltechnik auf. Zu unseren Kunden geh\u00f6ren namhafte OEMs in diesem Industriebereich. Unsere Ingenieure und Techniker arbeiten an innovativen, kostenbewussten L\u00f6sungen, immer in enger Zusammenarbeit mit unseren Kunden. Wir konstruieren falls gew\u00fcnscht auch auf den CAD Systemen unserer Kunden um den Entwicklungs- und Freigabeprozess zu vereinfachen. Wir [&hellip;]","og_url":"https:\/\/kawe.ch\/en\/nahrungsmitteltechnik\/","og_site_name":"Kawe","article_modified_time":"2023-04-27T12:15:14+00:00","twitter_card":"summary_large_image","twitter_misc":{"Est. reading time":"1 minute"},"schema":{"@context":"https:\/\/schema.org","@graph":[{"@type":"WebPage","@id":"https:\/\/kawe.ch\/nahrungsmitteltechnik\/","url":"https:\/\/kawe.ch\/nahrungsmitteltechnik\/","name":"Nahrungsmitteltechnik - Kawe","isPartOf":{"@id":"https:\/\/kawe.ch\/#website"},"datePublished":"2023-02-10T10:57:58+00:00","dateModified":"2023-04-27T12:15:14+00:00","breadcrumb":{"@id":"https:\/\/kawe.ch\/nahrungsmitteltechnik\/#breadcrumb"},"inLanguage":"en-US","potentialAction":[{"@type":"ReadAction","target":["https:\/\/kawe.ch\/nahrungsmitteltechnik\/"]}]},{"@type":"BreadcrumbList","@id":"https:\/\/kawe.ch\/nahrungsmitteltechnik\/#breadcrumb","itemListElement":[{"@type":"ListItem","position":1,"name":"Startseite","item":"https:\/\/kawe.ch\/"},{"@type":"ListItem","position":2,"name":"Nahrungsmitteltechnik"}]},{"@type":"WebSite","@id":"https:\/\/kawe.ch\/#website","url":"https:\/\/kawe.ch\/","name":"Kawe","description":"Your partner for system solutions","publisher":{"@id":"https:\/\/kawe.ch\/#organization"},"potentialAction":[{"@type":"SearchAction","target":{"@type":"EntryPoint","urlTemplate":"https:\/\/kawe.ch\/?s={search_term_string}"},"query-input":{"@type":"PropertyValueSpecification","valueRequired":true,"valueName":"search_term_string"}}],"inLanguage":"en-US"},{"@type":"Organization","@id":"https:\/\/kawe.ch\/#organization","name":"Kawe","url":"https:\/\/kawe.ch\/","logo":{"@type":"ImageObject","inLanguage":"en-US","@id":"https:\/\/kawe.ch\/#\/schema\/logo\/image\/","url":"https:\/\/kawe.ch\/wp-content\/uploads\/2021\/06\/kawe-logo.png","contentUrl":"https:\/\/kawe.ch\/wp-content\/uploads\/2021\/06\/kawe-logo.png","width":600,"height":134,"caption":"Kawe"},"image":{"@id":"https:\/\/kawe.ch\/#\/schema\/logo\/image\/"}}]}},"_links":{"self":[{"href":"https:\/\/kawe.ch\/en\/wp-json\/wp\/v2\/pages\/4027","targetHints":{"allow":["GET"]}}],"collection":[{"href":"https:\/\/kawe.ch\/en\/wp-json\/wp\/v2\/pages"}],"about":[{"href":"https:\/\/kawe.ch\/en\/wp-json\/wp\/v2\/types\/page"}],"author":[{"embeddable":true,"href":"https:\/\/kawe.ch\/en\/wp-json\/wp\/v2\/users\/1"}],"replies":[{"embeddable":true,"href":"https:\/\/kawe.ch\/en\/wp-json\/wp\/v2\/comments?post=4027"}],"version-history":[{"count":34,"href":"https:\/\/kawe.ch\/en\/wp-json\/wp\/v2\/pages\/4027\/revisions"}],"predecessor-version":[{"id":5696,"href":"https:\/\/kawe.ch\/en\/wp-json\/wp\/v2\/pages\/4027\/revisions\/5696"}],"wp:attachment":[{"href":"https:\/\/kawe.ch\/en\/wp-json\/wp\/v2\/media?parent=4027"}],"curies":[{"name":"wp","href":"https:\/\/api.w.org\/{rel}","templated":true}]}}