{"id":4026,"date":"2023-02-10T11:57:37","date_gmt":"2023-02-10T10:57:37","guid":{"rendered":"https:\/\/kawe.ch\/wordpress\/?page_id=4026"},"modified":"2023-04-20T14:53:07","modified_gmt":"2023-04-20T12:53:07","slug":"elektrotechnik","status":"publish","type":"page","link":"https:\/\/kawe.ch\/en\/elektrotechnik\/","title":{"rendered":"Electrical engineering"},"content":{"rendered":"<div data-elementor-type=\"wp-page\" data-elementor-id=\"4026\" class=\"elementor elementor-4026\" data-elementor-post-type=\"page\">\n\t\t\t\t\t\t<section class=\"elementor-section elementor-top-section elementor-element elementor-element-8f62c93 elementor-section-full_width elementor-section-height-min-height elementor-section-height-default elementor-section-items-middle\" data-id=\"8f62c93\" data-element_type=\"section\" data-settings=\"{&quot;background_background&quot;:&quot;classic&quot;}\">\n\t\t\t\t\t\t<div class=\"elementor-container elementor-column-gap-default\">\n\t\t\t\t\t<div class=\"elementor-column elementor-col-100 elementor-top-column elementor-element elementor-element-3c4ca30\" data-id=\"3c4ca30\" data-element_type=\"column\" data-settings=\"{&quot;background_background&quot;:&quot;classic&quot;}\">\n\t\t\t<div class=\"elementor-widget-wrap\">\n\t\t\t\t\t\t\t<\/div>\n\t\t<\/div>\n\t\t\t\t\t<\/div>\n\t\t<\/section>\n\t\t\t\t<section class=\"elementor-section elementor-top-section elementor-element elementor-element-300350b elementor-section-boxed elementor-section-height-default elementor-section-height-default\" data-id=\"300350b\" data-element_type=\"section\">\n\t\t\t\t\t\t<div class=\"elementor-container elementor-column-gap-default\">\n\t\t\t\t\t<div class=\"elementor-column elementor-col-50 elementor-top-column elementor-element elementor-element-d402ba5\" data-id=\"d402ba5\" data-element_type=\"column\">\n\t\t\t<div class=\"elementor-widget-wrap elementor-element-populated\">\n\t\t\t\t\t\t<div class=\"elementor-element elementor-element-e4580e0 elementor-widget elementor-widget-iheading\" data-id=\"e4580e0\" data-element_type=\"widget\" data-widget_type=\"iheading.default\">\n\t\t\t\t<div class=\"elementor-widget-container\">\n\t\t\t\t\t\t\t<div class=\"section-head\">\n\t        \t            <h6 class=\"text-primary\">Industry sectors<\/h6>\n\t        \t        <h2 class=\"section-title\">Electrical engineering <span class=\"text-primary\"><\/span><\/h2>\n\t        \t    <\/div>\n\t    \t\t\t\t<\/div>\n\t\t\t\t<\/div>\n\t\t\t\t<div class=\"elementor-element elementor-element-9690994 elementor-widget elementor-widget-text-editor\" data-id=\"9690994\" data-element_type=\"widget\" data-widget_type=\"text-editor.default\">\n\t\t\t\t<div class=\"elementor-widget-container\">\n\t\t\t\t\t\t\t\t\t<p>Kawe has industry-specific knowledge in the electrical engineering sector. Our customers include well-known OEMs in this industrial sector.<\/p><p>We manufacture the most sophisticated electromechanical assemblies, control cabinets, monitoring modules and entire test benches, with test protocols if necessary.<\/p><p>You can also entrust us with the complete design of the wiring (cable harnesses) including parts list and labeling.<\/p>\t\t\t\t\t\t\t\t<\/div>\n\t\t\t\t<\/div>\n\t\t\t\t<div class=\"elementor-element elementor-element-9221784 elementor-blockquote--skin-clean elementor-widget elementor-widget-blockquote\" data-id=\"9221784\" data-element_type=\"widget\" data-widget_type=\"blockquote.default\">\n\t\t\t\t<div class=\"elementor-widget-container\">\n\t\t\t\t\t\t\t<blockquote class=\"elementor-blockquote\">\n\t\t\t<p class=\"elementor-blockquote__content\">\n\t\t\t\tOur experience ranges from prototyping to series production. We also repair and upgrade complex parts and assemblies for our customers.\n<br><br>\nIf you need wiring diagrams for your prototypes, we will be happy to create them for you.\n<br><br>\nIn addition, we support our customers with customized solutions for the assembly and maintenance of your assemblies and systems.\t\t\t<\/p>\n\t\t\t\t\t<\/blockquote>\n\t\t\t\t\t\t<\/div>\n\t\t\t\t<\/div>\n\t\t\t\t\t<\/div>\n\t\t<\/div>\n\t\t\t\t<div class=\"elementor-column elementor-col-50 elementor-top-column elementor-element elementor-element-95aa1dc elementor-hidden-mobile\" data-id=\"95aa1dc\" data-element_type=\"column\" data-settings=\"{&quot;background_background&quot;:&quot;classic&quot;}\">\n\t\t\t<div class=\"elementor-widget-wrap elementor-element-populated\">\n\t\t\t\t\t\t<div class=\"elementor-element elementor-element-4fac0e9 elementor-widget elementor-widget-spacer\" data-id=\"4fac0e9\" data-element_type=\"widget\" data-widget_type=\"spacer.default\">\n\t\t\t\t<div class=\"elementor-widget-container\">\n\t\t\t\t\t\t\t<div class=\"elementor-spacer\">\n\t\t\t<div class=\"elementor-spacer-inner\"><\/div>\n\t\t<\/div>\n\t\t\t\t\t\t<\/div>\n\t\t\t\t<\/div>\n\t\t\t\t\t<\/div>\n\t\t<\/div>\n\t\t\t\t\t<\/div>\n\t\t<\/section>\n\t\t\t\t<\/div>","protected":false},"excerpt":{"rendered":"<p>Industriebereiche Elektrotechnik Kawe weist branchenspezifisches Wissen auf dem Sektor Elektrotechnik auf. Zu unseren Kunden geh\u00f6ren namhafte OEMs in diesem Industriebereich. Wir stellen anspruchsvollste elektromechanische Baugruppen, Steuerungsschr\u00e4nke, \u00dcberwachungsmodule und ganze Pr\u00fcfst\u00e4nde, falls notwendig mit Pr\u00fcfprotokollen her. Auch die komplette Auslegung der Verdrahtung (Kabelb\u00e4ume) inklusive St\u00fcckliste und Beschriftung k\u00f6nnen Sie uns \u00fcbergeben. Unsere Erfahrung reicht vom Prototyping [&hellip;]<\/p>\n","protected":false},"author":1,"featured_media":0,"parent":0,"menu_order":0,"comment_status":"closed","ping_status":"closed","template":"elementor_header_footer","meta":{"iawp_total_views":179,"footnotes":""},"class_list":["post-4026","page","type-page","status-publish","hentry"],"yoast_head":"<!-- This site is optimized with the Yoast SEO plugin v26.7 - https:\/\/yoast.com\/wordpress\/plugins\/seo\/ -->\n<title>Elektrotechnik - Kawe<\/title>\n<meta name=\"robots\" content=\"index, follow, max-snippet:-1, max-image-preview:large, max-video-preview:-1\" \/>\n<link rel=\"canonical\" href=\"https:\/\/kawe.ch\/en\/elektrotechnik\/\" \/>\n<meta property=\"og:locale\" content=\"en_US\" \/>\n<meta property=\"og:type\" content=\"article\" \/>\n<meta property=\"og:title\" content=\"Elektrotechnik - Kawe\" \/>\n<meta property=\"og:description\" content=\"Industriebereiche Elektrotechnik Kawe weist branchenspezifisches Wissen auf dem Sektor Elektrotechnik auf. Zu unseren Kunden geh\u00f6ren namhafte OEMs in diesem Industriebereich. Wir stellen anspruchsvollste elektromechanische Baugruppen, Steuerungsschr\u00e4nke, \u00dcberwachungsmodule und ganze Pr\u00fcfst\u00e4nde, falls notwendig mit Pr\u00fcfprotokollen her. Auch die komplette Auslegung der Verdrahtung (Kabelb\u00e4ume) inklusive St\u00fcckliste und Beschriftung k\u00f6nnen Sie uns \u00fcbergeben. Unsere Erfahrung reicht vom Prototyping [&hellip;]\" \/>\n<meta property=\"og:url\" content=\"https:\/\/kawe.ch\/en\/elektrotechnik\/\" \/>\n<meta property=\"og:site_name\" content=\"Kawe\" \/>\n<meta property=\"article:modified_time\" content=\"2023-04-20T12:53:07+00:00\" \/>\n<meta name=\"twitter:card\" content=\"summary_large_image\" \/>\n<meta name=\"twitter:label1\" content=\"Est. reading time\" \/>\n\t<meta name=\"twitter:data1\" content=\"1 minute\" \/>\n<script type=\"application\/ld+json\" class=\"yoast-schema-graph\">{\"@context\":\"https:\/\/schema.org\",\"@graph\":[{\"@type\":\"WebPage\",\"@id\":\"https:\/\/kawe.ch\/elektrotechnik\/\",\"url\":\"https:\/\/kawe.ch\/elektrotechnik\/\",\"name\":\"Elektrotechnik - Kawe\",\"isPartOf\":{\"@id\":\"https:\/\/kawe.ch\/#website\"},\"datePublished\":\"2023-02-10T10:57:37+00:00\",\"dateModified\":\"2023-04-20T12:53:07+00:00\",\"breadcrumb\":{\"@id\":\"https:\/\/kawe.ch\/elektrotechnik\/#breadcrumb\"},\"inLanguage\":\"en-US\",\"potentialAction\":[{\"@type\":\"ReadAction\",\"target\":[\"https:\/\/kawe.ch\/elektrotechnik\/\"]}]},{\"@type\":\"BreadcrumbList\",\"@id\":\"https:\/\/kawe.ch\/elektrotechnik\/#breadcrumb\",\"itemListElement\":[{\"@type\":\"ListItem\",\"position\":1,\"name\":\"Startseite\",\"item\":\"https:\/\/kawe.ch\/\"},{\"@type\":\"ListItem\",\"position\":2,\"name\":\"Elektrotechnik\"}]},{\"@type\":\"WebSite\",\"@id\":\"https:\/\/kawe.ch\/#website\",\"url\":\"https:\/\/kawe.ch\/\",\"name\":\"Kawe\",\"description\":\"Ihr Partner f\u00fcr Systeml\u00f6sungen\",\"publisher\":{\"@id\":\"https:\/\/kawe.ch\/#organization\"},\"potentialAction\":[{\"@type\":\"SearchAction\",\"target\":{\"@type\":\"EntryPoint\",\"urlTemplate\":\"https:\/\/kawe.ch\/?s={search_term_string}\"},\"query-input\":{\"@type\":\"PropertyValueSpecification\",\"valueRequired\":true,\"valueName\":\"search_term_string\"}}],\"inLanguage\":\"en-US\"},{\"@type\":\"Organization\",\"@id\":\"https:\/\/kawe.ch\/#organization\",\"name\":\"Kawe\",\"url\":\"https:\/\/kawe.ch\/\",\"logo\":{\"@type\":\"ImageObject\",\"inLanguage\":\"en-US\",\"@id\":\"https:\/\/kawe.ch\/#\/schema\/logo\/image\/\",\"url\":\"https:\/\/kawe.ch\/wp-content\/uploads\/2021\/06\/kawe-logo.png\",\"contentUrl\":\"https:\/\/kawe.ch\/wp-content\/uploads\/2021\/06\/kawe-logo.png\",\"width\":600,\"height\":134,\"caption\":\"Kawe\"},\"image\":{\"@id\":\"https:\/\/kawe.ch\/#\/schema\/logo\/image\/\"}}]}<\/script>\n<!-- \/ Yoast SEO plugin. -->","yoast_head_json":{"title":"Elektrotechnik - Kawe","robots":{"index":"index","follow":"follow","max-snippet":"max-snippet:-1","max-image-preview":"max-image-preview:large","max-video-preview":"max-video-preview:-1"},"canonical":"https:\/\/kawe.ch\/en\/elektrotechnik\/","og_locale":"en_US","og_type":"article","og_title":"Elektrotechnik - Kawe","og_description":"Industriebereiche Elektrotechnik Kawe weist branchenspezifisches Wissen auf dem Sektor Elektrotechnik auf. Zu unseren Kunden geh\u00f6ren namhafte OEMs in diesem Industriebereich. Wir stellen anspruchsvollste elektromechanische Baugruppen, Steuerungsschr\u00e4nke, \u00dcberwachungsmodule und ganze Pr\u00fcfst\u00e4nde, falls notwendig mit Pr\u00fcfprotokollen her. Auch die komplette Auslegung der Verdrahtung (Kabelb\u00e4ume) inklusive St\u00fcckliste und Beschriftung k\u00f6nnen Sie uns \u00fcbergeben. Unsere Erfahrung reicht vom Prototyping [&hellip;]","og_url":"https:\/\/kawe.ch\/en\/elektrotechnik\/","og_site_name":"Kawe","article_modified_time":"2023-04-20T12:53:07+00:00","twitter_card":"summary_large_image","twitter_misc":{"Est. reading time":"1 minute"},"schema":{"@context":"https:\/\/schema.org","@graph":[{"@type":"WebPage","@id":"https:\/\/kawe.ch\/elektrotechnik\/","url":"https:\/\/kawe.ch\/elektrotechnik\/","name":"Elektrotechnik - Kawe","isPartOf":{"@id":"https:\/\/kawe.ch\/#website"},"datePublished":"2023-02-10T10:57:37+00:00","dateModified":"2023-04-20T12:53:07+00:00","breadcrumb":{"@id":"https:\/\/kawe.ch\/elektrotechnik\/#breadcrumb"},"inLanguage":"en-US","potentialAction":[{"@type":"ReadAction","target":["https:\/\/kawe.ch\/elektrotechnik\/"]}]},{"@type":"BreadcrumbList","@id":"https:\/\/kawe.ch\/elektrotechnik\/#breadcrumb","itemListElement":[{"@type":"ListItem","position":1,"name":"Startseite","item":"https:\/\/kawe.ch\/"},{"@type":"ListItem","position":2,"name":"Elektrotechnik"}]},{"@type":"WebSite","@id":"https:\/\/kawe.ch\/#website","url":"https:\/\/kawe.ch\/","name":"Kawe","description":"Your partner for system solutions","publisher":{"@id":"https:\/\/kawe.ch\/#organization"},"potentialAction":[{"@type":"SearchAction","target":{"@type":"EntryPoint","urlTemplate":"https:\/\/kawe.ch\/?s={search_term_string}"},"query-input":{"@type":"PropertyValueSpecification","valueRequired":true,"valueName":"search_term_string"}}],"inLanguage":"en-US"},{"@type":"Organization","@id":"https:\/\/kawe.ch\/#organization","name":"Kawe","url":"https:\/\/kawe.ch\/","logo":{"@type":"ImageObject","inLanguage":"en-US","@id":"https:\/\/kawe.ch\/#\/schema\/logo\/image\/","url":"https:\/\/kawe.ch\/wp-content\/uploads\/2021\/06\/kawe-logo.png","contentUrl":"https:\/\/kawe.ch\/wp-content\/uploads\/2021\/06\/kawe-logo.png","width":600,"height":134,"caption":"Kawe"},"image":{"@id":"https:\/\/kawe.ch\/#\/schema\/logo\/image\/"}}]}},"_links":{"self":[{"href":"https:\/\/kawe.ch\/en\/wp-json\/wp\/v2\/pages\/4026","targetHints":{"allow":["GET"]}}],"collection":[{"href":"https:\/\/kawe.ch\/en\/wp-json\/wp\/v2\/pages"}],"about":[{"href":"https:\/\/kawe.ch\/en\/wp-json\/wp\/v2\/types\/page"}],"author":[{"embeddable":true,"href":"https:\/\/kawe.ch\/en\/wp-json\/wp\/v2\/users\/1"}],"replies":[{"embeddable":true,"href":"https:\/\/kawe.ch\/en\/wp-json\/wp\/v2\/comments?post=4026"}],"version-history":[{"count":55,"href":"https:\/\/kawe.ch\/en\/wp-json\/wp\/v2\/pages\/4026\/revisions"}],"predecessor-version":[{"id":5606,"href":"https:\/\/kawe.ch\/en\/wp-json\/wp\/v2\/pages\/4026\/revisions\/5606"}],"wp:attachment":[{"href":"https:\/\/kawe.ch\/en\/wp-json\/wp\/v2\/media?parent=4026"}],"curies":[{"name":"wp","href":"https:\/\/api.w.org\/{rel}","templated":true}]}}