{"id":4023,"date":"2023-02-10T11:55:50","date_gmt":"2023-02-10T10:55:50","guid":{"rendered":"https:\/\/kawe.ch\/wordpress\/?page_id=4023"},"modified":"2023-04-17T15:43:29","modified_gmt":"2023-04-17T13:43:29","slug":"umwelt-und-nachhaltigkeit","status":"publish","type":"page","link":"https:\/\/kawe.ch\/en\/umwelt-und-nachhaltigkeit\/","title":{"rendered":"Environment and sustainability"},"content":{"rendered":"<div data-elementor-type=\"wp-page\" data-elementor-id=\"4023\" class=\"elementor elementor-4023\" data-elementor-post-type=\"page\">\n\t\t\t\t\t\t<section class=\"elementor-section elementor-top-section elementor-element elementor-element-8f62c93 elementor-section-full_width elementor-section-height-min-height elementor-section-height-default elementor-section-items-middle\" data-id=\"8f62c93\" data-element_type=\"section\" data-settings=\"{&quot;background_background&quot;:&quot;classic&quot;}\">\n\t\t\t\t\t\t<div class=\"elementor-container elementor-column-gap-default\">\n\t\t\t\t\t<div class=\"elementor-column elementor-col-100 elementor-top-column elementor-element elementor-element-3c4ca30\" data-id=\"3c4ca30\" data-element_type=\"column\" data-settings=\"{&quot;background_background&quot;:&quot;classic&quot;}\">\n\t\t\t<div class=\"elementor-widget-wrap\">\n\t\t\t\t\t\t\t<\/div>\n\t\t<\/div>\n\t\t\t\t\t<\/div>\n\t\t<\/section>\n\t\t\t\t<section class=\"elementor-section elementor-top-section elementor-element elementor-element-865c97e elementor-section-boxed elementor-section-height-default elementor-section-height-default\" data-id=\"865c97e\" data-element_type=\"section\">\n\t\t\t\t\t\t<div class=\"elementor-container elementor-column-gap-default\">\n\t\t\t\t\t<div class=\"elementor-column elementor-col-50 elementor-top-column elementor-element elementor-element-7a556f2\" data-id=\"7a556f2\" data-element_type=\"column\">\n\t\t\t<div class=\"elementor-widget-wrap elementor-element-populated\">\n\t\t\t\t\t\t<div class=\"elementor-element elementor-element-1267082 elementor-widget elementor-widget-iheading\" data-id=\"1267082\" data-element_type=\"widget\" data-widget_type=\"iheading.default\">\n\t\t\t\t<div class=\"elementor-widget-container\">\n\t\t\t\t\t\t\t<div class=\"section-head\">\n\t        \t            <h6 class=\"text-primary\">Company<\/h6>\n\t        \t        <h2 class=\"section-title\">Environment and sustainability <span class=\"text-primary\"><\/span><\/h2>\n\t        \t    <\/div>\n\t    \t\t\t\t<\/div>\n\t\t\t\t<\/div>\n\t\t\t\t<section class=\"elementor-section elementor-inner-section elementor-element elementor-element-4a1fa0a elementor-section-boxed elementor-section-height-default elementor-section-height-default\" data-id=\"4a1fa0a\" data-element_type=\"section\">\n\t\t\t\t\t\t<div class=\"elementor-container elementor-column-gap-default\">\n\t\t\t\t\t<div class=\"elementor-column elementor-col-100 elementor-inner-column elementor-element elementor-element-cf6a441\" data-id=\"cf6a441\" data-element_type=\"column\">\n\t\t\t<div class=\"elementor-widget-wrap elementor-element-populated\">\n\t\t\t\t\t\t<div class=\"elementor-element elementor-element-7ae8528 elementor-widget elementor-widget-text-editor\" data-id=\"7ae8528\" data-element_type=\"widget\" data-widget_type=\"text-editor.default\">\n\t\t\t\t<div class=\"elementor-widget-container\">\n\t\t\t\t\t\t\t\t\t<p>We fulfill our environmental responsibilities as an important employer in the community and region and maintain a good relationship with our neighbors and public agencies.<\/p><p>We reduce our environmental emissions and continuously improve our recycling rate, as far as this is operationally possible.<\/p><p>Our products and processes are assessed in accordance with environmental guidelines (e.g. Reach, RoHs) on the restriction of hazardous substances and hazardous substances are replaced, provided alternatives exist. It is our concern to avoid materials and equipment containing hazardous substances.<\/p><p>We reduce energy consumption through technical and operational measures, and increase the share of renewable energy.<\/p><p>In our corporate decisions in the areas of energy supply, heating and other operational investments, the assessment for sustainability is an essential decision criterion.<\/p>\t\t\t\t\t\t\t\t<\/div>\n\t\t\t\t<\/div>\n\t\t\t\t\t<\/div>\n\t\t<\/div>\n\t\t\t\t\t<\/div>\n\t\t<\/section>\n\t\t\t\t\t<\/div>\n\t\t<\/div>\n\t\t\t\t<div class=\"elementor-column elementor-col-50 elementor-top-column elementor-element elementor-element-ff686ef\" data-id=\"ff686ef\" data-element_type=\"column\" data-settings=\"{&quot;background_background&quot;:&quot;classic&quot;}\">\n\t\t\t<div class=\"elementor-widget-wrap elementor-element-populated\">\n\t\t\t\t\t\t<div class=\"elementor-element elementor-element-b288d74 elementor-widget elementor-widget-spacer\" data-id=\"b288d74\" data-element_type=\"widget\" data-widget_type=\"spacer.default\">\n\t\t\t\t<div class=\"elementor-widget-container\">\n\t\t\t\t\t\t\t<div class=\"elementor-spacer\">\n\t\t\t<div class=\"elementor-spacer-inner\"><\/div>\n\t\t<\/div>\n\t\t\t\t\t\t<\/div>\n\t\t\t\t<\/div>\n\t\t\t\t\t<\/div>\n\t\t<\/div>\n\t\t\t\t\t<\/div>\n\t\t<\/section>\n\t\t\t\t<\/div>","protected":false},"excerpt":{"rendered":"<p>Unternehmen Umwelt und Nachhaltigkeit Wir nehmen unsere Umwelt-Aufgaben als wichtiger Arbeitgeber in der Gemeinde und Region wahr und pflegen ein gutes Verh\u00e4ltnis mit unseren Nachbarn und den \u00f6ffentlichen \u00c4mtern. Wir reduzieren unsere Umweltemissionen und verbessern unseren Recycling Anteil stetig, sofern dies betrieblich m\u00f6glich ist. Unsere Produkte und Prozesse werden gem\u00e4ss den Umweltrichtlinien (z. B. Reach, [&hellip;]<\/p>\n","protected":false},"author":1,"featured_media":0,"parent":0,"menu_order":0,"comment_status":"closed","ping_status":"closed","template":"elementor_header_footer","meta":{"iawp_total_views":127,"footnotes":""},"class_list":["post-4023","page","type-page","status-publish","hentry"],"yoast_head":"<!-- This site is optimized with the Yoast SEO plugin v26.7 - https:\/\/yoast.com\/wordpress\/plugins\/seo\/ -->\n<title>Umwelt und Nachhaltigkeit - Kawe<\/title>\n<meta name=\"robots\" content=\"index, follow, max-snippet:-1, max-image-preview:large, max-video-preview:-1\" \/>\n<link rel=\"canonical\" href=\"https:\/\/kawe.ch\/en\/umwelt-und-nachhaltigkeit\/\" \/>\n<meta property=\"og:locale\" content=\"en_US\" \/>\n<meta property=\"og:type\" content=\"article\" \/>\n<meta property=\"og:title\" content=\"Umwelt und Nachhaltigkeit - Kawe\" \/>\n<meta property=\"og:description\" content=\"Unternehmen Umwelt und Nachhaltigkeit Wir nehmen unsere Umwelt-Aufgaben als wichtiger Arbeitgeber in der Gemeinde und Region wahr und pflegen ein gutes Verh\u00e4ltnis mit unseren Nachbarn und den \u00f6ffentlichen \u00c4mtern. Wir reduzieren unsere Umweltemissionen und verbessern unseren Recycling Anteil stetig, sofern dies betrieblich m\u00f6glich ist. Unsere Produkte und Prozesse werden gem\u00e4ss den Umweltrichtlinien (z. B. Reach, [&hellip;]\" \/>\n<meta property=\"og:url\" content=\"https:\/\/kawe.ch\/en\/umwelt-und-nachhaltigkeit\/\" \/>\n<meta property=\"og:site_name\" content=\"Kawe\" \/>\n<meta property=\"article:modified_time\" content=\"2023-04-17T13:43:29+00:00\" \/>\n<meta name=\"twitter:card\" content=\"summary_large_image\" \/>\n<meta name=\"twitter:label1\" content=\"Est. reading time\" \/>\n\t<meta name=\"twitter:data1\" content=\"1 minute\" \/>\n<script type=\"application\/ld+json\" class=\"yoast-schema-graph\">{\"@context\":\"https:\/\/schema.org\",\"@graph\":[{\"@type\":\"WebPage\",\"@id\":\"https:\/\/kawe.ch\/umwelt-und-nachhaltigkeit\/\",\"url\":\"https:\/\/kawe.ch\/umwelt-und-nachhaltigkeit\/\",\"name\":\"Umwelt und Nachhaltigkeit - Kawe\",\"isPartOf\":{\"@id\":\"https:\/\/kawe.ch\/#website\"},\"datePublished\":\"2023-02-10T10:55:50+00:00\",\"dateModified\":\"2023-04-17T13:43:29+00:00\",\"breadcrumb\":{\"@id\":\"https:\/\/kawe.ch\/umwelt-und-nachhaltigkeit\/#breadcrumb\"},\"inLanguage\":\"en-US\",\"potentialAction\":[{\"@type\":\"ReadAction\",\"target\":[\"https:\/\/kawe.ch\/umwelt-und-nachhaltigkeit\/\"]}]},{\"@type\":\"BreadcrumbList\",\"@id\":\"https:\/\/kawe.ch\/umwelt-und-nachhaltigkeit\/#breadcrumb\",\"itemListElement\":[{\"@type\":\"ListItem\",\"position\":1,\"name\":\"Startseite\",\"item\":\"https:\/\/kawe.ch\/\"},{\"@type\":\"ListItem\",\"position\":2,\"name\":\"Umwelt und Nachhaltigkeit\"}]},{\"@type\":\"WebSite\",\"@id\":\"https:\/\/kawe.ch\/#website\",\"url\":\"https:\/\/kawe.ch\/\",\"name\":\"Kawe\",\"description\":\"Ihr Partner f\u00fcr Systeml\u00f6sungen\",\"publisher\":{\"@id\":\"https:\/\/kawe.ch\/#organization\"},\"potentialAction\":[{\"@type\":\"SearchAction\",\"target\":{\"@type\":\"EntryPoint\",\"urlTemplate\":\"https:\/\/kawe.ch\/?s={search_term_string}\"},\"query-input\":{\"@type\":\"PropertyValueSpecification\",\"valueRequired\":true,\"valueName\":\"search_term_string\"}}],\"inLanguage\":\"en-US\"},{\"@type\":\"Organization\",\"@id\":\"https:\/\/kawe.ch\/#organization\",\"name\":\"Kawe\",\"url\":\"https:\/\/kawe.ch\/\",\"logo\":{\"@type\":\"ImageObject\",\"inLanguage\":\"en-US\",\"@id\":\"https:\/\/kawe.ch\/#\/schema\/logo\/image\/\",\"url\":\"https:\/\/kawe.ch\/wp-content\/uploads\/2021\/06\/kawe-logo.png\",\"contentUrl\":\"https:\/\/kawe.ch\/wp-content\/uploads\/2021\/06\/kawe-logo.png\",\"width\":600,\"height\":134,\"caption\":\"Kawe\"},\"image\":{\"@id\":\"https:\/\/kawe.ch\/#\/schema\/logo\/image\/\"}}]}<\/script>\n<!-- \/ Yoast SEO plugin. -->","yoast_head_json":{"title":"Umwelt und Nachhaltigkeit - Kawe","robots":{"index":"index","follow":"follow","max-snippet":"max-snippet:-1","max-image-preview":"max-image-preview:large","max-video-preview":"max-video-preview:-1"},"canonical":"https:\/\/kawe.ch\/en\/umwelt-und-nachhaltigkeit\/","og_locale":"en_US","og_type":"article","og_title":"Umwelt und Nachhaltigkeit - Kawe","og_description":"Unternehmen Umwelt und Nachhaltigkeit Wir nehmen unsere Umwelt-Aufgaben als wichtiger Arbeitgeber in der Gemeinde und Region wahr und pflegen ein gutes Verh\u00e4ltnis mit unseren Nachbarn und den \u00f6ffentlichen \u00c4mtern. Wir reduzieren unsere Umweltemissionen und verbessern unseren Recycling Anteil stetig, sofern dies betrieblich m\u00f6glich ist. Unsere Produkte und Prozesse werden gem\u00e4ss den Umweltrichtlinien (z. B. Reach, [&hellip;]","og_url":"https:\/\/kawe.ch\/en\/umwelt-und-nachhaltigkeit\/","og_site_name":"Kawe","article_modified_time":"2023-04-17T13:43:29+00:00","twitter_card":"summary_large_image","twitter_misc":{"Est. reading time":"1 minute"},"schema":{"@context":"https:\/\/schema.org","@graph":[{"@type":"WebPage","@id":"https:\/\/kawe.ch\/umwelt-und-nachhaltigkeit\/","url":"https:\/\/kawe.ch\/umwelt-und-nachhaltigkeit\/","name":"Umwelt und Nachhaltigkeit - Kawe","isPartOf":{"@id":"https:\/\/kawe.ch\/#website"},"datePublished":"2023-02-10T10:55:50+00:00","dateModified":"2023-04-17T13:43:29+00:00","breadcrumb":{"@id":"https:\/\/kawe.ch\/umwelt-und-nachhaltigkeit\/#breadcrumb"},"inLanguage":"en-US","potentialAction":[{"@type":"ReadAction","target":["https:\/\/kawe.ch\/umwelt-und-nachhaltigkeit\/"]}]},{"@type":"BreadcrumbList","@id":"https:\/\/kawe.ch\/umwelt-und-nachhaltigkeit\/#breadcrumb","itemListElement":[{"@type":"ListItem","position":1,"name":"Startseite","item":"https:\/\/kawe.ch\/"},{"@type":"ListItem","position":2,"name":"Umwelt und Nachhaltigkeit"}]},{"@type":"WebSite","@id":"https:\/\/kawe.ch\/#website","url":"https:\/\/kawe.ch\/","name":"Kawe","description":"Your partner for system solutions","publisher":{"@id":"https:\/\/kawe.ch\/#organization"},"potentialAction":[{"@type":"SearchAction","target":{"@type":"EntryPoint","urlTemplate":"https:\/\/kawe.ch\/?s={search_term_string}"},"query-input":{"@type":"PropertyValueSpecification","valueRequired":true,"valueName":"search_term_string"}}],"inLanguage":"en-US"},{"@type":"Organization","@id":"https:\/\/kawe.ch\/#organization","name":"Kawe","url":"https:\/\/kawe.ch\/","logo":{"@type":"ImageObject","inLanguage":"en-US","@id":"https:\/\/kawe.ch\/#\/schema\/logo\/image\/","url":"https:\/\/kawe.ch\/wp-content\/uploads\/2021\/06\/kawe-logo.png","contentUrl":"https:\/\/kawe.ch\/wp-content\/uploads\/2021\/06\/kawe-logo.png","width":600,"height":134,"caption":"Kawe"},"image":{"@id":"https:\/\/kawe.ch\/#\/schema\/logo\/image\/"}}]}},"_links":{"self":[{"href":"https:\/\/kawe.ch\/en\/wp-json\/wp\/v2\/pages\/4023","targetHints":{"allow":["GET"]}}],"collection":[{"href":"https:\/\/kawe.ch\/en\/wp-json\/wp\/v2\/pages"}],"about":[{"href":"https:\/\/kawe.ch\/en\/wp-json\/wp\/v2\/types\/page"}],"author":[{"embeddable":true,"href":"https:\/\/kawe.ch\/en\/wp-json\/wp\/v2\/users\/1"}],"replies":[{"embeddable":true,"href":"https:\/\/kawe.ch\/en\/wp-json\/wp\/v2\/comments?post=4023"}],"version-history":[{"count":16,"href":"https:\/\/kawe.ch\/en\/wp-json\/wp\/v2\/pages\/4023\/revisions"}],"predecessor-version":[{"id":5427,"href":"https:\/\/kawe.ch\/en\/wp-json\/wp\/v2\/pages\/4023\/revisions\/5427"}],"wp:attachment":[{"href":"https:\/\/kawe.ch\/en\/wp-json\/wp\/v2\/media?parent=4023"}],"curies":[{"name":"wp","href":"https:\/\/api.w.org\/{rel}","templated":true}]}}