{"id":3264,"date":"2022-08-23T08:01:59","date_gmt":"2022-08-23T06:01:59","guid":{"rendered":"https:\/\/kawe.ch\/wordpress\/?page_id=3264"},"modified":"2023-08-10T11:45:27","modified_gmt":"2023-08-10T09:45:27","slug":"medizinaltechnik","status":"publish","type":"page","link":"https:\/\/kawe.ch\/en\/medizinaltechnik\/","title":{"rendered":"Medical technology"},"content":{"rendered":"<div data-elementor-type=\"wp-page\" data-elementor-id=\"3264\" class=\"elementor elementor-3264\" data-elementor-post-type=\"page\">\n\t\t\t\t\t\t<section class=\"elementor-section elementor-top-section elementor-element elementor-element-8d430f3 elementor-section-full_width elementor-section-height-min-height elementor-section-height-default elementor-section-items-middle\" data-id=\"8d430f3\" data-element_type=\"section\" data-settings=\"{&quot;background_background&quot;:&quot;classic&quot;}\">\n\t\t\t\t\t\t<div class=\"elementor-container elementor-column-gap-default\">\n\t\t\t\t\t<div class=\"elementor-column elementor-col-100 elementor-top-column elementor-element elementor-element-429d036\" data-id=\"429d036\" data-element_type=\"column\" data-settings=\"{&quot;background_background&quot;:&quot;classic&quot;}\">\n\t\t\t<div class=\"elementor-widget-wrap\">\n\t\t\t\t\t\t\t<\/div>\n\t\t<\/div>\n\t\t\t\t\t<\/div>\n\t\t<\/section>\n\t\t\t\t<section class=\"elementor-section elementor-top-section elementor-element elementor-element-5e13e0f elementor-section-boxed elementor-section-height-default elementor-section-height-default\" data-id=\"5e13e0f\" data-element_type=\"section\">\n\t\t\t\t\t\t<div class=\"elementor-container elementor-column-gap-default\">\n\t\t\t\t\t<div class=\"elementor-column elementor-col-50 elementor-top-column elementor-element elementor-element-0e64cd3\" data-id=\"0e64cd3\" data-element_type=\"column\">\n\t\t\t<div class=\"elementor-widget-wrap elementor-element-populated\">\n\t\t\t\t\t\t<div class=\"elementor-element elementor-element-0b6c56b elementor-widget elementor-widget-iheading\" data-id=\"0b6c56b\" data-element_type=\"widget\" data-widget_type=\"iheading.default\">\n\t\t\t\t<div class=\"elementor-widget-container\">\n\t\t\t\t\t\t\t<div class=\"section-head\">\n\t        \t            <h6 class=\"text-primary\">Industry sectors<\/h6>\n\t        \t        <h2 class=\"section-title\">Medical technology <span class=\"text-primary\"><\/span><\/h2>\n\t        \t    <\/div>\n\t    \t\t\t\t<\/div>\n\t\t\t\t<\/div>\n\t\t\t\t<div class=\"elementor-element elementor-element-9417472 elementor-widget elementor-widget-text-editor\" data-id=\"9417472\" data-element_type=\"widget\" data-widget_type=\"text-editor.default\">\n\t\t\t\t<div class=\"elementor-widget-container\">\n\t\t\t\t\t\t\t\t\t<p>Kawe has industry-specific knowledge in the medical technology sector. Our customers include well-known OEMs in this industrial sector.<\/p><p>Our engineers and technicians work on innovative, cost-conscious solutions, always in close cooperation with our customers. If desired, we also design on our customers' CAD systems to simplify the development and approval process.<\/p><p>We manufacture sophisticated electromechanical assemblies, control cabinets, monitoring modules and complete test benches, if necessary with test protocols.<\/p><p>You can also entrust us with the complete design of the wiring (cable harnesses) including parts list and labeling.<\/p><p>Our experience ranges from prototyping to series production. We also repair and upgrade complex parts and assemblies for our customers.<\/p><p>We support our customers with customized solutions for the assembly and maintenance of your assemblies and systems.<\/p>\t\t\t\t\t\t\t\t<\/div>\n\t\t\t\t<\/div>\n\t\t\t\t\t<\/div>\n\t\t<\/div>\n\t\t\t\t<div class=\"elementor-column elementor-col-50 elementor-top-column elementor-element elementor-element-c981f8a\" data-id=\"c981f8a\" data-element_type=\"column\" data-settings=\"{&quot;background_background&quot;:&quot;classic&quot;}\">\n\t\t\t<div class=\"elementor-widget-wrap elementor-element-populated\">\n\t\t\t\t\t\t<div class=\"elementor-element elementor-element-f1d00b5 elementor-widget elementor-widget-spacer\" data-id=\"f1d00b5\" data-element_type=\"widget\" data-widget_type=\"spacer.default\">\n\t\t\t\t<div class=\"elementor-widget-container\">\n\t\t\t\t\t\t\t<div class=\"elementor-spacer\">\n\t\t\t<div class=\"elementor-spacer-inner\"><\/div>\n\t\t<\/div>\n\t\t\t\t\t\t<\/div>\n\t\t\t\t<\/div>\n\t\t\t\t\t<\/div>\n\t\t<\/div>\n\t\t\t\t\t<\/div>\n\t\t<\/section>\n\t\t\t\t<\/div>","protected":false},"excerpt":{"rendered":"<p>Industriebereiche Medizinaltechnik Kawe weist branchenspezifisches Wissen auf dem Sektor Medizinaltechnik auf. Zu unseren Kunden geh\u00f6ren namhafte OEMs in diesem Industriebereich. Unsere Ingenieure und Techniker arbeiten an innovativen, kostenbewussten L\u00f6sungen, immer in enger Zusammenarbeit mit unseren Kunden. Wir konstruieren falls gew\u00fcnscht auch auf den CAD Systemen unserer Kunden um den Entwicklungs- und Freigabeprozess zu vereinfachen. Wir [&hellip;]<\/p>\n","protected":false},"author":1,"featured_media":0,"parent":0,"menu_order":0,"comment_status":"closed","ping_status":"closed","template":"elementor_header_footer","meta":{"iawp_total_views":201,"footnotes":""},"class_list":["post-3264","page","type-page","status-publish","hentry"],"yoast_head":"<!-- This site is optimized with the Yoast SEO plugin v26.7 - https:\/\/yoast.com\/wordpress\/plugins\/seo\/ -->\n<title>Medizinaltechnik - Kawe<\/title>\n<meta name=\"robots\" content=\"index, follow, max-snippet:-1, max-image-preview:large, max-video-preview:-1\" \/>\n<link rel=\"canonical\" href=\"https:\/\/kawe.ch\/en\/medizinaltechnik\/\" \/>\n<meta property=\"og:locale\" content=\"en_US\" \/>\n<meta property=\"og:type\" content=\"article\" \/>\n<meta property=\"og:title\" content=\"Medizinaltechnik - Kawe\" \/>\n<meta property=\"og:description\" content=\"Industriebereiche Medizinaltechnik Kawe weist branchenspezifisches Wissen auf dem Sektor Medizinaltechnik auf. Zu unseren Kunden geh\u00f6ren namhafte OEMs in diesem Industriebereich. Unsere Ingenieure und Techniker arbeiten an innovativen, kostenbewussten L\u00f6sungen, immer in enger Zusammenarbeit mit unseren Kunden. Wir konstruieren falls gew\u00fcnscht auch auf den CAD Systemen unserer Kunden um den Entwicklungs- und Freigabeprozess zu vereinfachen. Wir [&hellip;]\" \/>\n<meta property=\"og:url\" content=\"https:\/\/kawe.ch\/en\/medizinaltechnik\/\" \/>\n<meta property=\"og:site_name\" content=\"Kawe\" \/>\n<meta property=\"article:modified_time\" content=\"2023-08-10T09:45:27+00:00\" \/>\n<meta name=\"twitter:card\" content=\"summary_large_image\" \/>\n<meta name=\"twitter:label1\" content=\"Est. reading time\" \/>\n\t<meta name=\"twitter:data1\" content=\"1 minute\" \/>\n<script type=\"application\/ld+json\" class=\"yoast-schema-graph\">{\"@context\":\"https:\/\/schema.org\",\"@graph\":[{\"@type\":\"WebPage\",\"@id\":\"https:\/\/kawe.ch\/medizinaltechnik\/\",\"url\":\"https:\/\/kawe.ch\/medizinaltechnik\/\",\"name\":\"Medizinaltechnik - Kawe\",\"isPartOf\":{\"@id\":\"https:\/\/kawe.ch\/#website\"},\"datePublished\":\"2022-08-23T06:01:59+00:00\",\"dateModified\":\"2023-08-10T09:45:27+00:00\",\"breadcrumb\":{\"@id\":\"https:\/\/kawe.ch\/medizinaltechnik\/#breadcrumb\"},\"inLanguage\":\"en-US\",\"potentialAction\":[{\"@type\":\"ReadAction\",\"target\":[\"https:\/\/kawe.ch\/medizinaltechnik\/\"]}]},{\"@type\":\"BreadcrumbList\",\"@id\":\"https:\/\/kawe.ch\/medizinaltechnik\/#breadcrumb\",\"itemListElement\":[{\"@type\":\"ListItem\",\"position\":1,\"name\":\"Startseite\",\"item\":\"https:\/\/kawe.ch\/\"},{\"@type\":\"ListItem\",\"position\":2,\"name\":\"Medizinaltechnik\"}]},{\"@type\":\"WebSite\",\"@id\":\"https:\/\/kawe.ch\/#website\",\"url\":\"https:\/\/kawe.ch\/\",\"name\":\"Kawe\",\"description\":\"Ihr Partner f\u00fcr Systeml\u00f6sungen\",\"publisher\":{\"@id\":\"https:\/\/kawe.ch\/#organization\"},\"potentialAction\":[{\"@type\":\"SearchAction\",\"target\":{\"@type\":\"EntryPoint\",\"urlTemplate\":\"https:\/\/kawe.ch\/?s={search_term_string}\"},\"query-input\":{\"@type\":\"PropertyValueSpecification\",\"valueRequired\":true,\"valueName\":\"search_term_string\"}}],\"inLanguage\":\"en-US\"},{\"@type\":\"Organization\",\"@id\":\"https:\/\/kawe.ch\/#organization\",\"name\":\"Kawe\",\"url\":\"https:\/\/kawe.ch\/\",\"logo\":{\"@type\":\"ImageObject\",\"inLanguage\":\"en-US\",\"@id\":\"https:\/\/kawe.ch\/#\/schema\/logo\/image\/\",\"url\":\"https:\/\/kawe.ch\/wp-content\/uploads\/2021\/06\/kawe-logo.png\",\"contentUrl\":\"https:\/\/kawe.ch\/wp-content\/uploads\/2021\/06\/kawe-logo.png\",\"width\":600,\"height\":134,\"caption\":\"Kawe\"},\"image\":{\"@id\":\"https:\/\/kawe.ch\/#\/schema\/logo\/image\/\"}}]}<\/script>\n<!-- \/ Yoast SEO plugin. -->","yoast_head_json":{"title":"Medizinaltechnik - Kawe","robots":{"index":"index","follow":"follow","max-snippet":"max-snippet:-1","max-image-preview":"max-image-preview:large","max-video-preview":"max-video-preview:-1"},"canonical":"https:\/\/kawe.ch\/en\/medizinaltechnik\/","og_locale":"en_US","og_type":"article","og_title":"Medizinaltechnik - Kawe","og_description":"Industriebereiche Medizinaltechnik Kawe weist branchenspezifisches Wissen auf dem Sektor Medizinaltechnik auf. Zu unseren Kunden geh\u00f6ren namhafte OEMs in diesem Industriebereich. Unsere Ingenieure und Techniker arbeiten an innovativen, kostenbewussten L\u00f6sungen, immer in enger Zusammenarbeit mit unseren Kunden. Wir konstruieren falls gew\u00fcnscht auch auf den CAD Systemen unserer Kunden um den Entwicklungs- und Freigabeprozess zu vereinfachen. Wir [&hellip;]","og_url":"https:\/\/kawe.ch\/en\/medizinaltechnik\/","og_site_name":"Kawe","article_modified_time":"2023-08-10T09:45:27+00:00","twitter_card":"summary_large_image","twitter_misc":{"Est. reading time":"1 minute"},"schema":{"@context":"https:\/\/schema.org","@graph":[{"@type":"WebPage","@id":"https:\/\/kawe.ch\/medizinaltechnik\/","url":"https:\/\/kawe.ch\/medizinaltechnik\/","name":"Medizinaltechnik - Kawe","isPartOf":{"@id":"https:\/\/kawe.ch\/#website"},"datePublished":"2022-08-23T06:01:59+00:00","dateModified":"2023-08-10T09:45:27+00:00","breadcrumb":{"@id":"https:\/\/kawe.ch\/medizinaltechnik\/#breadcrumb"},"inLanguage":"en-US","potentialAction":[{"@type":"ReadAction","target":["https:\/\/kawe.ch\/medizinaltechnik\/"]}]},{"@type":"BreadcrumbList","@id":"https:\/\/kawe.ch\/medizinaltechnik\/#breadcrumb","itemListElement":[{"@type":"ListItem","position":1,"name":"Startseite","item":"https:\/\/kawe.ch\/"},{"@type":"ListItem","position":2,"name":"Medizinaltechnik"}]},{"@type":"WebSite","@id":"https:\/\/kawe.ch\/#website","url":"https:\/\/kawe.ch\/","name":"Kawe","description":"Your partner for system solutions","publisher":{"@id":"https:\/\/kawe.ch\/#organization"},"potentialAction":[{"@type":"SearchAction","target":{"@type":"EntryPoint","urlTemplate":"https:\/\/kawe.ch\/?s={search_term_string}"},"query-input":{"@type":"PropertyValueSpecification","valueRequired":true,"valueName":"search_term_string"}}],"inLanguage":"en-US"},{"@type":"Organization","@id":"https:\/\/kawe.ch\/#organization","name":"Kawe","url":"https:\/\/kawe.ch\/","logo":{"@type":"ImageObject","inLanguage":"en-US","@id":"https:\/\/kawe.ch\/#\/schema\/logo\/image\/","url":"https:\/\/kawe.ch\/wp-content\/uploads\/2021\/06\/kawe-logo.png","contentUrl":"https:\/\/kawe.ch\/wp-content\/uploads\/2021\/06\/kawe-logo.png","width":600,"height":134,"caption":"Kawe"},"image":{"@id":"https:\/\/kawe.ch\/#\/schema\/logo\/image\/"}}]}},"_links":{"self":[{"href":"https:\/\/kawe.ch\/en\/wp-json\/wp\/v2\/pages\/3264","targetHints":{"allow":["GET"]}}],"collection":[{"href":"https:\/\/kawe.ch\/en\/wp-json\/wp\/v2\/pages"}],"about":[{"href":"https:\/\/kawe.ch\/en\/wp-json\/wp\/v2\/types\/page"}],"author":[{"embeddable":true,"href":"https:\/\/kawe.ch\/en\/wp-json\/wp\/v2\/users\/1"}],"replies":[{"embeddable":true,"href":"https:\/\/kawe.ch\/en\/wp-json\/wp\/v2\/comments?post=3264"}],"version-history":[{"count":41,"href":"https:\/\/kawe.ch\/en\/wp-json\/wp\/v2\/pages\/3264\/revisions"}],"predecessor-version":[{"id":5949,"href":"https:\/\/kawe.ch\/en\/wp-json\/wp\/v2\/pages\/3264\/revisions\/5949"}],"wp:attachment":[{"href":"https:\/\/kawe.ch\/en\/wp-json\/wp\/v2\/media?parent=3264"}],"curies":[{"name":"wp","href":"https:\/\/api.w.org\/{rel}","templated":true}]}}