{"id":3021,"date":"2022-08-11T09:22:33","date_gmt":"2022-08-11T07:22:33","guid":{"rendered":"https:\/\/kawe.ch\/wordpress\/?page_id=3021"},"modified":"2023-05-01T15:35:47","modified_gmt":"2023-05-01T13:35:47","slug":"elektrotechnik-2","status":"publish","type":"page","link":"https:\/\/kawe.ch\/en\/elektrotechnik-2\/","title":{"rendered":"Electrical engineering"},"content":{"rendered":"\t\t<div data-elementor-type=\"wp-page\" data-elementor-id=\"3021\" class=\"elementor elementor-3021\" data-elementor-post-type=\"page\">\n\t\t\t\t\t\t<section class=\"elementor-section elementor-top-section elementor-element elementor-element-8744990 elementor-section-full_width elementor-section-height-min-height elementor-section-height-default elementor-section-items-middle\" data-id=\"8744990\" data-element_type=\"section\" data-settings=\"{&quot;background_background&quot;:&quot;classic&quot;}\">\n\t\t\t\t\t\t<div class=\"elementor-container elementor-column-gap-default\">\n\t\t\t\t\t<div class=\"elementor-column elementor-col-100 elementor-top-column elementor-element elementor-element-f280033\" data-id=\"f280033\" data-element_type=\"column\" data-settings=\"{&quot;background_background&quot;:&quot;classic&quot;}\">\n\t\t\t<div class=\"elementor-widget-wrap elementor-element-populated\">\n\t\t\t\t\t\t<div class=\"elementor-element elementor-element-6c75943 elementor-widget elementor-widget-spacer\" data-id=\"6c75943\" data-element_type=\"widget\" data-widget_type=\"spacer.default\">\n\t\t\t\t<div class=\"elementor-widget-container\">\n\t\t\t\t\t\t\t<div class=\"elementor-spacer\">\n\t\t\t<div class=\"elementor-spacer-inner\"><\/div>\n\t\t<\/div>\n\t\t\t\t\t\t<\/div>\n\t\t\t\t<\/div>\n\t\t\t\t\t<\/div>\n\t\t<\/div>\n\t\t\t\t\t<\/div>\n\t\t<\/section>\n\t\t\t\t<section class=\"elementor-section elementor-top-section elementor-element elementor-element-c5ae9d9 elementor-section-boxed elementor-section-height-default elementor-section-height-default\" data-id=\"c5ae9d9\" data-element_type=\"section\">\n\t\t\t\t\t\t<div class=\"elementor-container elementor-column-gap-default\">\n\t\t\t\t\t<div class=\"elementor-column elementor-col-100 elementor-top-column elementor-element elementor-element-065456a\" data-id=\"065456a\" data-element_type=\"column\">\n\t\t\t<div class=\"elementor-widget-wrap elementor-element-populated\">\n\t\t\t\t\t\t<div class=\"elementor-element elementor-element-6049805 elementor-widget elementor-widget-iheading\" data-id=\"6049805\" data-element_type=\"widget\" data-widget_type=\"iheading.default\">\n\t\t\t\t<div class=\"elementor-widget-container\">\n\t\t\t\t\t\t\t<div class=\"section-head\">\n\t        \t            <h6 class=\"text-primary\">Unsere Dienstleistungen<\/h6>\n\t        \t        <h2 class=\"section-title\">Elektrotechnik <span class=\"text-primary\"><\/span><\/h2>\n\t        \t    <\/div>\n\t    \t\t\t\t<\/div>\n\t\t\t\t<\/div>\n\t\t\t\t<section class=\"elementor-section elementor-inner-section elementor-element elementor-element-e121bb4 elementor-section-boxed elementor-section-height-default elementor-section-height-default\" data-id=\"e121bb4\" data-element_type=\"section\">\n\t\t\t\t\t\t<div class=\"elementor-container elementor-column-gap-default\">\n\t\t\t\t\t<div class=\"elementor-column elementor-col-50 elementor-inner-column elementor-element elementor-element-fae55c4\" data-id=\"fae55c4\" data-element_type=\"column\" data-settings=\"{&quot;background_background&quot;:&quot;classic&quot;}\">\n\t\t\t<div class=\"elementor-widget-wrap elementor-element-populated\">\n\t\t\t\t\t\t<div class=\"elementor-element elementor-element-d447a47 elementor-widget elementor-widget-text-editor\" data-id=\"d447a47\" data-element_type=\"widget\" data-widget_type=\"text-editor.default\">\n\t\t\t\t<div class=\"elementor-widget-container\">\n\t\t\t\t\t\t\t\t\t<p><strong>H\u00f6chste Zuverl\u00e4ssigkeit bei Elektrokomponenten und Verdrahtungen<\/strong><\/p><p><strong>Elektronikkomponenten<\/strong><\/p><p>Wir sind ihr kompetenter Partner im Bereich der Elektrotechnik und sorgen f\u00fcr eine st\u00f6rungsfreie Inbetriebnahme und Operation.<\/p><p>Ben\u00f6tigen Sie einen Kleinverteiler, eine Steuerung oder einen komplexen Schaltschrank? Unser erfahrenes Elektrotechnik-Team erstellt Ihnen Elektroschr\u00e4nke, Elektronikmodule und Elektrokabel in kompromissloser Qualit\u00e4t. Selbstverst\u00e4ndlich arbeiten wir nach internationalen und kundenspezifischen Standards und verwenden nur gepr\u00fcfte und spezifizierte Bauteile.<\/p><p>Es spielt keine Rolle ob die Elektropl\u00e4ne bei uns intern erstellt oder von Ihnen geliefert werden, wir realisieren Ihren Auftrag wunschgerecht.<\/p><p>Jede Baugruppe wird vor der Auslieferung gem\u00e4ss den definierten Normen und Vorschriften sowie Ihren spezifischen Kundenvorgaben gepr\u00fcft.<\/p>\t\t\t\t\t\t\t\t<\/div>\n\t\t\t\t<\/div>\n\t\t\t\t<div class=\"elementor-element elementor-element-b1d4ca7 elementor-hidden-desktop elementor-hidden-tablet elementor-widget elementor-widget-image\" data-id=\"b1d4ca7\" data-element_type=\"widget\" data-widget_type=\"image.default\">\n\t\t\t\t<div class=\"elementor-widget-container\">\n\t\t\t\t\t\t\t\t\t\t\t\t\t\t\t<img fetchpriority=\"high\" decoding=\"async\" width=\"640\" height=\"423\" src=\"https:\/\/kawe.ch\/wp-content\/uploads\/2022\/08\/Elektromechanik_1.jpg\" class=\"attachment-large size-large wp-image-3025\" alt=\"\" srcset=\"https:\/\/kawe.ch\/wp-content\/uploads\/2022\/08\/Elektromechanik_1.jpg 800w, https:\/\/kawe.ch\/wp-content\/uploads\/2022\/08\/Elektromechanik_1-300x198.jpg 300w, https:\/\/kawe.ch\/wp-content\/uploads\/2022\/08\/Elektromechanik_1-768x508.jpg 768w, https:\/\/kawe.ch\/wp-content\/uploads\/2022\/08\/Elektromechanik_1-600x397.jpg 600w\" sizes=\"(max-width: 640px) 100vw, 640px\" \/>\t\t\t\t\t\t\t\t\t\t\t\t\t\t\t<\/div>\n\t\t\t\t<\/div>\n\t\t\t\t\t<\/div>\n\t\t<\/div>\n\t\t\t\t<div class=\"elementor-column elementor-col-50 elementor-inner-column elementor-element elementor-element-fdd5b3c elementor-hidden-mobile\" data-id=\"fdd5b3c\" data-element_type=\"column\" data-settings=\"{&quot;background_background&quot;:&quot;classic&quot;}\">\n\t\t\t<div class=\"elementor-widget-wrap elementor-element-populated\">\n\t\t\t\t\t\t<div class=\"elementor-element elementor-element-3d8f2a7 elementor-widget elementor-widget-spacer\" data-id=\"3d8f2a7\" data-element_type=\"widget\" data-widget_type=\"spacer.default\">\n\t\t\t\t<div class=\"elementor-widget-container\">\n\t\t\t\t\t\t\t<div class=\"elementor-spacer\">\n\t\t\t<div class=\"elementor-spacer-inner\"><\/div>\n\t\t<\/div>\n\t\t\t\t\t\t<\/div>\n\t\t\t\t<\/div>\n\t\t\t\t\t<\/div>\n\t\t<\/div>\n\t\t\t\t\t<\/div>\n\t\t<\/section>\n\t\t\t\t<section class=\"elementor-section elementor-inner-section elementor-element elementor-element-1aa1324 elementor-section-boxed elementor-section-height-default elementor-section-height-default\" data-id=\"1aa1324\" data-element_type=\"section\">\n\t\t\t\t\t\t<div class=\"elementor-container elementor-column-gap-default\">\n\t\t\t\t\t<div class=\"elementor-column elementor-col-50 elementor-inner-column elementor-element elementor-element-09269cb elementor-hidden-mobile\" data-id=\"09269cb\" data-element_type=\"column\" data-settings=\"{&quot;background_background&quot;:&quot;classic&quot;}\">\n\t\t\t<div class=\"elementor-widget-wrap elementor-element-populated\">\n\t\t\t\t\t\t<div class=\"elementor-element elementor-element-03481e1 elementor-widget elementor-widget-spacer\" data-id=\"03481e1\" data-element_type=\"widget\" data-widget_type=\"spacer.default\">\n\t\t\t\t<div class=\"elementor-widget-container\">\n\t\t\t\t\t\t\t<div class=\"elementor-spacer\">\n\t\t\t<div class=\"elementor-spacer-inner\"><\/div>\n\t\t<\/div>\n\t\t\t\t\t\t<\/div>\n\t\t\t\t<\/div>\n\t\t\t\t\t<\/div>\n\t\t<\/div>\n\t\t\t\t<div class=\"elementor-column elementor-col-50 elementor-inner-column elementor-element elementor-element-8e44193\" data-id=\"8e44193\" data-element_type=\"column\">\n\t\t\t<div class=\"elementor-widget-wrap elementor-element-populated\">\n\t\t\t\t\t\t<div class=\"elementor-element elementor-element-fb7870f elementor-widget elementor-widget-text-editor\" data-id=\"fb7870f\" data-element_type=\"widget\" data-widget_type=\"text-editor.default\">\n\t\t\t\t<div class=\"elementor-widget-container\">\n\t\t\t\t\t\t\t\t\t<p><strong>Kabelfertigung: <\/strong><\/p><p>Wir l\u00f6sen f\u00fcr Sie alle Bed\u00fcrfnisse der Spezialkabelherstellung auch f\u00fcr kleinere St\u00fcckzahlen.<\/p><p>Ben\u00f6tigen Sie ein Flachband- oder ein Flachrundkabel? Oder ist es ein halogenfreies, mehradrig nummeriertes Kabel? Vielleicht Kabel, welche bereits an definierten Klemmbl\u00f6cke angeschlossen sind oder Kabel welche nur mit Stecker versehen werden? Muss allenfalls ein kompletter Kabelbaum ausgelegt werden?<\/p><p>F\u00fcr Kabelb\u00e4ume in gr\u00f6sseren Anlagen, Baugruppen oder f\u00fcr das Prototypengesch\u00e4ft k\u00f6nnen wir Ihnen mit langj\u00e4hrigem Know-How zur Seite stehen.<\/p><p>Dank unseren flexiblen Kabelmaschinen und Kabelpr\u00fcfanlagen sind wir in der Lage, f\u00fcr Sie Auftr\u00e4ge mit variablen Mengen, vom Einzelst\u00fcck bis zur mittleren Serie in k\u00fcrzester Zeit zu fertigen und zu pr\u00fcfen. Nutzen Sie unsere Geschwindigkeit f\u00fcr Ihren Zeitvorsprung!<\/p>\t\t\t\t\t\t\t\t<\/div>\n\t\t\t\t<\/div>\n\t\t\t\t<div class=\"elementor-element elementor-element-0743482 elementor-hidden-desktop elementor-hidden-tablet elementor-widget elementor-widget-image\" data-id=\"0743482\" data-element_type=\"widget\" data-widget_type=\"image.default\">\n\t\t\t\t<div class=\"elementor-widget-container\">\n\t\t\t\t\t\t\t\t\t\t\t\t\t\t\t<img decoding=\"async\" width=\"640\" height=\"426\" src=\"https:\/\/kawe.ch\/wp-content\/uploads\/2022\/08\/Elektromechanik_2.jpg\" class=\"attachment-large size-large wp-image-3024\" alt=\"\" srcset=\"https:\/\/kawe.ch\/wp-content\/uploads\/2022\/08\/Elektromechanik_2.jpg 800w, https:\/\/kawe.ch\/wp-content\/uploads\/2022\/08\/Elektromechanik_2-300x200.jpg 300w, https:\/\/kawe.ch\/wp-content\/uploads\/2022\/08\/Elektromechanik_2-768x511.jpg 768w, https:\/\/kawe.ch\/wp-content\/uploads\/2022\/08\/Elektromechanik_2-600x399.jpg 600w\" sizes=\"(max-width: 640px) 100vw, 640px\" \/>\t\t\t\t\t\t\t\t\t\t\t\t\t\t\t<\/div>\n\t\t\t\t<\/div>\n\t\t\t\t\t<\/div>\n\t\t<\/div>\n\t\t\t\t\t<\/div>\n\t\t<\/section>\n\t\t\t\t\t<\/div>\n\t\t<\/div>\n\t\t\t\t\t<\/div>\n\t\t<\/section>\n\t\t\t\t<section class=\"elementor-section elementor-top-section elementor-element elementor-element-f6cbb80 elementor-section-full_width elementor-section-content-middle elementor-section-height-default elementor-section-height-default\" data-id=\"f6cbb80\" data-element_type=\"section\" data-settings=\"{&quot;background_background&quot;:&quot;classic&quot;}\">\n\t\t\t\t\t\t<div class=\"elementor-container elementor-column-gap-no\">\n\t\t\t\t\t<div class=\"elementor-column elementor-col-50 elementor-top-column elementor-element elementor-element-f1f9d69\" data-id=\"f1f9d69\" data-element_type=\"column\" data-settings=\"{&quot;background_background&quot;:&quot;slideshow&quot;,&quot;background_slideshow_gallery&quot;:[{&quot;id&quot;:5674,&quot;url&quot;:&quot;https:\\\/\\\/kawe.ch\\\/\\\/wp-content\\\/uploads\\\/2023\\\/04\\\/Elektrotechnik3.jpg&quot;}],&quot;background_slideshow_slide_duration&quot;:6500,&quot;background_slideshow_transition_duration&quot;:1000,&quot;background_slideshow_ken_burns&quot;:&quot;yes&quot;,&quot;background_slideshow_loop&quot;:&quot;yes&quot;,&quot;background_slideshow_slide_transition&quot;:&quot;fade&quot;,&quot;background_slideshow_ken_burns_zoom_direction&quot;:&quot;in&quot;}\">\n\t\t\t<div class=\"elementor-widget-wrap elementor-element-populated\">\n\t\t\t\t\t\t<div class=\"elementor-element elementor-element-67c01ac elementor-widget elementor-widget-spacer\" data-id=\"67c01ac\" data-element_type=\"widget\" data-widget_type=\"spacer.default\">\n\t\t\t\t<div class=\"elementor-widget-container\">\n\t\t\t\t\t\t\t<div class=\"elementor-spacer\">\n\t\t\t<div class=\"elementor-spacer-inner\"><\/div>\n\t\t<\/div>\n\t\t\t\t\t\t<\/div>\n\t\t\t\t<\/div>\n\t\t\t\t\t<\/div>\n\t\t<\/div>\n\t\t\t\t<div class=\"elementor-column elementor-col-50 elementor-top-column elementor-element elementor-element-3bb2955\" data-id=\"3bb2955\" data-element_type=\"column\" data-settings=\"{&quot;background_background&quot;:&quot;classic&quot;}\">\n\t\t\t<div class=\"elementor-widget-wrap elementor-element-populated\">\n\t\t\t\t\t\t<div class=\"elementor-element elementor-element-89f3bda elementor-blockquote--skin-clean elementor-widget elementor-widget-blockquote\" data-id=\"89f3bda\" data-element_type=\"widget\" data-widget_type=\"blockquote.default\">\n\t\t\t\t<div class=\"elementor-widget-container\">\n\t\t\t\t\t\t\t<blockquote class=\"elementor-blockquote\">\n\t\t\t<p class=\"elementor-blockquote__content\">\n\t\t\t\t<strong>Folgende Dienstleistungen bieten wir Ihnen an: <\/strong>\n<br><br>\n- Erstellen von Elektroschemas mit St\u00fccklisten \n<br>\n- Massherstellung von Elektrokabeln und Kabelb\u00e4umen nach Kundenspezifikation\n<br>\n- Auslegung und Dokumentation von Kabelprototypen \n<br>\n-\tHerstellung und Pr\u00fcfung von Sensoren und Messgebern nach Kundenspezifikation\n<br>\n-\tHerstellung und Pr\u00fcfung von elektronischen und elektromechanischen Baugruppen oder kompletten Schaltschr\u00e4nke nach Kundenspezifikation\n<br>\n-\tEinbau, Verdrahtung und Pr\u00fcfung von Steuerungen f\u00fcr mobile und<br> station\u00e4re Anlagen\n\t\t\t<\/p>\n\t\t\t\t\t<\/blockquote>\n\t\t\t\t\t\t<\/div>\n\t\t\t\t<\/div>\n\t\t\t\t\t<\/div>\n\t\t<\/div>\n\t\t\t\t\t<\/div>\n\t\t<\/section>\n\t\t\t\t<\/div>\n\t\t","protected":false},"excerpt":{"rendered":"<p>Unsere Dienstleistungen Elektrotechnik H\u00f6chste Zuverl\u00e4ssigkeit bei Elektrokomponenten und Verdrahtungen Elektronikkomponenten Wir sind ihr kompetenter Partner im Bereich der Elektrotechnik und sorgen f\u00fcr eine st\u00f6rungsfreie Inbetriebnahme und Operation. Ben\u00f6tigen Sie einen Kleinverteiler, eine Steuerung oder einen komplexen Schaltschrank? Unser erfahrenes Elektrotechnik-Team erstellt Ihnen Elektroschr\u00e4nke, Elektronikmodule und Elektrokabel in kompromissloser Qualit\u00e4t. Selbstverst\u00e4ndlich arbeiten wir nach internationalen und [&hellip;]<\/p>\n","protected":false},"author":1,"featured_media":0,"parent":0,"menu_order":0,"comment_status":"closed","ping_status":"closed","template":"elementor_header_footer","meta":{"iawp_total_views":166,"footnotes":""},"class_list":["post-3021","page","type-page","status-publish","hentry"],"yoast_head":"<!-- This site is optimized with the Yoast SEO plugin v26.7 - https:\/\/yoast.com\/wordpress\/plugins\/seo\/ -->\n<title>Elektrotechnik - Kawe<\/title>\n<meta name=\"robots\" content=\"index, follow, max-snippet:-1, max-image-preview:large, max-video-preview:-1\" \/>\n<link rel=\"canonical\" href=\"https:\/\/kawe.ch\/en\/elektrotechnik-2\/\" \/>\n<meta property=\"og:locale\" content=\"en_US\" \/>\n<meta property=\"og:type\" content=\"article\" \/>\n<meta property=\"og:title\" content=\"Elektrotechnik - Kawe\" \/>\n<meta property=\"og:description\" content=\"Unsere Dienstleistungen Elektrotechnik H\u00f6chste Zuverl\u00e4ssigkeit bei Elektrokomponenten und Verdrahtungen Elektronikkomponenten Wir sind ihr kompetenter Partner im Bereich der Elektrotechnik und sorgen f\u00fcr eine st\u00f6rungsfreie Inbetriebnahme und Operation. Ben\u00f6tigen Sie einen Kleinverteiler, eine Steuerung oder einen komplexen Schaltschrank? Unser erfahrenes Elektrotechnik-Team erstellt Ihnen Elektroschr\u00e4nke, Elektronikmodule und Elektrokabel in kompromissloser Qualit\u00e4t. Selbstverst\u00e4ndlich arbeiten wir nach internationalen und [&hellip;]\" \/>\n<meta property=\"og:url\" content=\"https:\/\/kawe.ch\/en\/elektrotechnik-2\/\" \/>\n<meta property=\"og:site_name\" content=\"Kawe\" \/>\n<meta property=\"article:modified_time\" content=\"2023-05-01T13:35:47+00:00\" \/>\n<meta property=\"og:image\" content=\"https:\/\/kawe.ch\/wp-content\/uploads\/2022\/08\/Elektromechanik_1.jpg\" \/>\n<meta name=\"twitter:card\" content=\"summary_large_image\" \/>\n<meta name=\"twitter:label1\" content=\"Est. reading time\" \/>\n\t<meta name=\"twitter:data1\" content=\"2 minutes\" \/>\n<script type=\"application\/ld+json\" class=\"yoast-schema-graph\">{\"@context\":\"https:\/\/schema.org\",\"@graph\":[{\"@type\":\"WebPage\",\"@id\":\"https:\/\/kawe.ch\/elektrotechnik-2\/\",\"url\":\"https:\/\/kawe.ch\/elektrotechnik-2\/\",\"name\":\"Elektrotechnik - Kawe\",\"isPartOf\":{\"@id\":\"https:\/\/kawe.ch\/#website\"},\"primaryImageOfPage\":{\"@id\":\"https:\/\/kawe.ch\/elektrotechnik-2\/#primaryimage\"},\"image\":{\"@id\":\"https:\/\/kawe.ch\/elektrotechnik-2\/#primaryimage\"},\"thumbnailUrl\":\"https:\/\/kawe.ch\/wp-content\/uploads\/2022\/08\/Elektromechanik_1.jpg\",\"datePublished\":\"2022-08-11T07:22:33+00:00\",\"dateModified\":\"2023-05-01T13:35:47+00:00\",\"breadcrumb\":{\"@id\":\"https:\/\/kawe.ch\/elektrotechnik-2\/#breadcrumb\"},\"inLanguage\":\"en-US\",\"potentialAction\":[{\"@type\":\"ReadAction\",\"target\":[\"https:\/\/kawe.ch\/elektrotechnik-2\/\"]}]},{\"@type\":\"ImageObject\",\"inLanguage\":\"en-US\",\"@id\":\"https:\/\/kawe.ch\/elektrotechnik-2\/#primaryimage\",\"url\":\"https:\/\/kawe.ch\/wp-content\/uploads\/2022\/08\/Elektromechanik_1.jpg\",\"contentUrl\":\"https:\/\/kawe.ch\/wp-content\/uploads\/2022\/08\/Elektromechanik_1.jpg\"},{\"@type\":\"BreadcrumbList\",\"@id\":\"https:\/\/kawe.ch\/elektrotechnik-2\/#breadcrumb\",\"itemListElement\":[{\"@type\":\"ListItem\",\"position\":1,\"name\":\"Startseite\",\"item\":\"https:\/\/kawe.ch\/\"},{\"@type\":\"ListItem\",\"position\":2,\"name\":\"Elektrotechnik\"}]},{\"@type\":\"WebSite\",\"@id\":\"https:\/\/kawe.ch\/#website\",\"url\":\"https:\/\/kawe.ch\/\",\"name\":\"Kawe\",\"description\":\"Ihr Partner f\u00fcr Systeml\u00f6sungen\",\"publisher\":{\"@id\":\"https:\/\/kawe.ch\/#organization\"},\"potentialAction\":[{\"@type\":\"SearchAction\",\"target\":{\"@type\":\"EntryPoint\",\"urlTemplate\":\"https:\/\/kawe.ch\/?s={search_term_string}\"},\"query-input\":{\"@type\":\"PropertyValueSpecification\",\"valueRequired\":true,\"valueName\":\"search_term_string\"}}],\"inLanguage\":\"en-US\"},{\"@type\":\"Organization\",\"@id\":\"https:\/\/kawe.ch\/#organization\",\"name\":\"Kawe\",\"url\":\"https:\/\/kawe.ch\/\",\"logo\":{\"@type\":\"ImageObject\",\"inLanguage\":\"en-US\",\"@id\":\"https:\/\/kawe.ch\/#\/schema\/logo\/image\/\",\"url\":\"https:\/\/kawe.ch\/wp-content\/uploads\/2021\/06\/kawe-logo.png\",\"contentUrl\":\"https:\/\/kawe.ch\/wp-content\/uploads\/2021\/06\/kawe-logo.png\",\"width\":600,\"height\":134,\"caption\":\"Kawe\"},\"image\":{\"@id\":\"https:\/\/kawe.ch\/#\/schema\/logo\/image\/\"}}]}<\/script>\n<!-- \/ Yoast SEO plugin. -->","yoast_head_json":{"title":"Elektrotechnik - Kawe","robots":{"index":"index","follow":"follow","max-snippet":"max-snippet:-1","max-image-preview":"max-image-preview:large","max-video-preview":"max-video-preview:-1"},"canonical":"https:\/\/kawe.ch\/en\/elektrotechnik-2\/","og_locale":"en_US","og_type":"article","og_title":"Elektrotechnik - Kawe","og_description":"Unsere Dienstleistungen Elektrotechnik H\u00f6chste Zuverl\u00e4ssigkeit bei Elektrokomponenten und Verdrahtungen Elektronikkomponenten Wir sind ihr kompetenter Partner im Bereich der Elektrotechnik und sorgen f\u00fcr eine st\u00f6rungsfreie Inbetriebnahme und Operation. Ben\u00f6tigen Sie einen Kleinverteiler, eine Steuerung oder einen komplexen Schaltschrank? Unser erfahrenes Elektrotechnik-Team erstellt Ihnen Elektroschr\u00e4nke, Elektronikmodule und Elektrokabel in kompromissloser Qualit\u00e4t. Selbstverst\u00e4ndlich arbeiten wir nach internationalen und [&hellip;]","og_url":"https:\/\/kawe.ch\/en\/elektrotechnik-2\/","og_site_name":"Kawe","article_modified_time":"2023-05-01T13:35:47+00:00","og_image":[{"url":"https:\/\/kawe.ch\/wp-content\/uploads\/2022\/08\/Elektromechanik_1.jpg","type":"","width":"","height":""}],"twitter_card":"summary_large_image","twitter_misc":{"Est. reading time":"2 minutes"},"schema":{"@context":"https:\/\/schema.org","@graph":[{"@type":"WebPage","@id":"https:\/\/kawe.ch\/elektrotechnik-2\/","url":"https:\/\/kawe.ch\/elektrotechnik-2\/","name":"Elektrotechnik - Kawe","isPartOf":{"@id":"https:\/\/kawe.ch\/#website"},"primaryImageOfPage":{"@id":"https:\/\/kawe.ch\/elektrotechnik-2\/#primaryimage"},"image":{"@id":"https:\/\/kawe.ch\/elektrotechnik-2\/#primaryimage"},"thumbnailUrl":"https:\/\/kawe.ch\/wp-content\/uploads\/2022\/08\/Elektromechanik_1.jpg","datePublished":"2022-08-11T07:22:33+00:00","dateModified":"2023-05-01T13:35:47+00:00","breadcrumb":{"@id":"https:\/\/kawe.ch\/elektrotechnik-2\/#breadcrumb"},"inLanguage":"en-US","potentialAction":[{"@type":"ReadAction","target":["https:\/\/kawe.ch\/elektrotechnik-2\/"]}]},{"@type":"ImageObject","inLanguage":"en-US","@id":"https:\/\/kawe.ch\/elektrotechnik-2\/#primaryimage","url":"https:\/\/kawe.ch\/wp-content\/uploads\/2022\/08\/Elektromechanik_1.jpg","contentUrl":"https:\/\/kawe.ch\/wp-content\/uploads\/2022\/08\/Elektromechanik_1.jpg"},{"@type":"BreadcrumbList","@id":"https:\/\/kawe.ch\/elektrotechnik-2\/#breadcrumb","itemListElement":[{"@type":"ListItem","position":1,"name":"Startseite","item":"https:\/\/kawe.ch\/"},{"@type":"ListItem","position":2,"name":"Elektrotechnik"}]},{"@type":"WebSite","@id":"https:\/\/kawe.ch\/#website","url":"https:\/\/kawe.ch\/","name":"Kawe","description":"Your partner for system solutions","publisher":{"@id":"https:\/\/kawe.ch\/#organization"},"potentialAction":[{"@type":"SearchAction","target":{"@type":"EntryPoint","urlTemplate":"https:\/\/kawe.ch\/?s={search_term_string}"},"query-input":{"@type":"PropertyValueSpecification","valueRequired":true,"valueName":"search_term_string"}}],"inLanguage":"en-US"},{"@type":"Organization","@id":"https:\/\/kawe.ch\/#organization","name":"Kawe","url":"https:\/\/kawe.ch\/","logo":{"@type":"ImageObject","inLanguage":"en-US","@id":"https:\/\/kawe.ch\/#\/schema\/logo\/image\/","url":"https:\/\/kawe.ch\/wp-content\/uploads\/2021\/06\/kawe-logo.png","contentUrl":"https:\/\/kawe.ch\/wp-content\/uploads\/2021\/06\/kawe-logo.png","width":600,"height":134,"caption":"Kawe"},"image":{"@id":"https:\/\/kawe.ch\/#\/schema\/logo\/image\/"}}]}},"_links":{"self":[{"href":"https:\/\/kawe.ch\/en\/wp-json\/wp\/v2\/pages\/3021","targetHints":{"allow":["GET"]}}],"collection":[{"href":"https:\/\/kawe.ch\/en\/wp-json\/wp\/v2\/pages"}],"about":[{"href":"https:\/\/kawe.ch\/en\/wp-json\/wp\/v2\/types\/page"}],"author":[{"embeddable":true,"href":"https:\/\/kawe.ch\/en\/wp-json\/wp\/v2\/users\/1"}],"replies":[{"embeddable":true,"href":"https:\/\/kawe.ch\/en\/wp-json\/wp\/v2\/comments?post=3021"}],"version-history":[{"count":95,"href":"https:\/\/kawe.ch\/en\/wp-json\/wp\/v2\/pages\/3021\/revisions"}],"predecessor-version":[{"id":5802,"href":"https:\/\/kawe.ch\/en\/wp-json\/wp\/v2\/pages\/3021\/revisions\/5802"}],"wp:attachment":[{"href":"https:\/\/kawe.ch\/en\/wp-json\/wp\/v2\/media?parent=3021"}],"curies":[{"name":"wp","href":"https:\/\/api.w.org\/{rel}","templated":true}]}}