{"id":2990,"date":"2022-08-11T08:45:55","date_gmt":"2022-08-11T06:45:55","guid":{"rendered":"https:\/\/kawe.ch\/wordpress\/?page_id=2990"},"modified":"2023-05-01T14:29:48","modified_gmt":"2023-05-01T12:29:48","slug":"sondermaschinen-und-anlagenbau","status":"publish","type":"page","link":"https:\/\/kawe.ch\/en\/sondermaschinen-und-anlagenbau\/","title":{"rendered":"Special machinery and plant engineering"},"content":{"rendered":"\t\t<div data-elementor-type=\"wp-page\" data-elementor-id=\"2990\" class=\"elementor elementor-2990\" data-elementor-post-type=\"page\">\n\t\t\t\t\t\t<section class=\"elementor-section elementor-top-section elementor-element elementor-element-1d01ab2 elementor-section-full_width elementor-section-height-min-height elementor-section-height-default elementor-section-items-middle\" data-id=\"1d01ab2\" data-element_type=\"section\" data-settings=\"{&quot;background_background&quot;:&quot;classic&quot;}\">\n\t\t\t\t\t\t<div class=\"elementor-container elementor-column-gap-default\">\n\t\t\t\t\t<div class=\"elementor-column elementor-col-100 elementor-top-column elementor-element elementor-element-8c4f40c\" data-id=\"8c4f40c\" data-element_type=\"column\" data-settings=\"{&quot;background_background&quot;:&quot;classic&quot;}\">\n\t\t\t<div class=\"elementor-widget-wrap\">\n\t\t\t\t\t\t\t<\/div>\n\t\t<\/div>\n\t\t\t\t\t<\/div>\n\t\t<\/section>\n\t\t\t\t<section class=\"elementor-section elementor-top-section elementor-element elementor-element-24a3d52 elementor-section-boxed elementor-section-height-default elementor-section-height-default\" data-id=\"24a3d52\" data-element_type=\"section\">\n\t\t\t\t\t\t<div class=\"elementor-container elementor-column-gap-default\">\n\t\t\t\t\t<div class=\"elementor-column elementor-col-100 elementor-top-column elementor-element elementor-element-c951e9e\" data-id=\"c951e9e\" data-element_type=\"column\">\n\t\t\t<div class=\"elementor-widget-wrap elementor-element-populated\">\n\t\t\t\t\t\t<div class=\"elementor-element elementor-element-c34ac3e elementor-widget elementor-widget-iheading\" data-id=\"c34ac3e\" data-element_type=\"widget\" data-widget_type=\"iheading.default\">\n\t\t\t\t<div class=\"elementor-widget-container\">\n\t\t\t\t\t\t\t<div class=\"section-head\">\n\t        \t            <h6 class=\"text-primary\">Unsere Dienstleistungen<\/h6>\n\t        \t        <h2 class=\"section-title\">Sondermaschinen- und Anlagenbau <span class=\"text-primary\"><\/span><\/h2>\n\t        \t    <\/div>\n\t    \t\t\t\t<\/div>\n\t\t\t\t<\/div>\n\t\t\t\t<section class=\"elementor-section elementor-inner-section elementor-element elementor-element-22512e4 elementor-section-boxed elementor-section-height-default elementor-section-height-default\" data-id=\"22512e4\" data-element_type=\"section\">\n\t\t\t\t\t\t<div class=\"elementor-container elementor-column-gap-default\">\n\t\t\t\t\t<div class=\"elementor-column elementor-col-50 elementor-inner-column elementor-element elementor-element-3b3e8d7\" data-id=\"3b3e8d7\" data-element_type=\"column\" data-settings=\"{&quot;background_background&quot;:&quot;classic&quot;}\">\n\t\t\t<div class=\"elementor-widget-wrap elementor-element-populated\">\n\t\t\t\t\t\t<div class=\"elementor-element elementor-element-4ba04ea elementor-widget elementor-widget-text-editor\" data-id=\"4ba04ea\" data-element_type=\"widget\" data-widget_type=\"text-editor.default\">\n\t\t\t\t<div class=\"elementor-widget-container\">\n\t\t\t\t\t\t\t\t\t<p><strong>Individuelle L\u00f6sungen f\u00fcr spezielle Anlagen<\/strong><\/p><p>Mit unserem Design- und Produktions-Engineering \u00fcbernehmen wir sowohl Ihre komplette System-Konstruktion inklusive der Fertigungszeichnungen und unterst\u00fctzen Sie bei der Umsetzung von Konzepten oder Ideen in die Realit\u00e4t. Basierend auf unserer breiten Erfahrung zeigen wir Ihnen Verbesserungspotential in den Bereichen Detailkonstruktion, Materialwahl, Fertigungsprozess, Operation und Unterhalt auf.<\/p>\t\t\t\t\t\t\t\t<\/div>\n\t\t\t\t<\/div>\n\t\t\t\t<div class=\"elementor-element elementor-element-ba417cb elementor-widget elementor-widget-text-editor\" data-id=\"ba417cb\" data-element_type=\"widget\" data-widget_type=\"text-editor.default\">\n\t\t\t\t<div class=\"elementor-widget-container\">\n\t\t\t\t\t\t\t\t\t<p>Bei Bedarf bieten wir Transport- und Logistik-Dienstleistungen an, z. B. den Transport Ihrer Anlage von unserer Firma zur Baustelle oder Fabrikationshalle, einschliesslich der Erledigung von erforderlichen Zollformalit\u00e4ten sowie der Montage und Inbetriebnahme vor Ort.<\/p>\t\t\t\t\t\t\t\t<\/div>\n\t\t\t\t<\/div>\n\t\t\t\t\t<\/div>\n\t\t<\/div>\n\t\t\t\t<div class=\"elementor-column elementor-col-50 elementor-inner-column elementor-element elementor-element-f15dbd0\" data-id=\"f15dbd0\" data-element_type=\"column\" data-settings=\"{&quot;background_background&quot;:&quot;classic&quot;}\">\n\t\t\t<div class=\"elementor-widget-wrap elementor-element-populated\">\n\t\t\t\t\t\t<div class=\"elementor-element elementor-element-b6c2179 elementor-widget elementor-widget-spacer\" data-id=\"b6c2179\" data-element_type=\"widget\" data-widget_type=\"spacer.default\">\n\t\t\t\t<div class=\"elementor-widget-container\">\n\t\t\t\t\t\t\t<div class=\"elementor-spacer\">\n\t\t\t<div class=\"elementor-spacer-inner\"><\/div>\n\t\t<\/div>\n\t\t\t\t\t\t<\/div>\n\t\t\t\t<\/div>\n\t\t\t\t\t<\/div>\n\t\t<\/div>\n\t\t\t\t\t<\/div>\n\t\t<\/section>\n\t\t\t\t<section class=\"elementor-section elementor-inner-section elementor-element elementor-element-f6aff11 elementor-section-boxed elementor-section-height-default elementor-section-height-default\" data-id=\"f6aff11\" data-element_type=\"section\">\n\t\t\t\t\t\t<div class=\"elementor-container elementor-column-gap-default\">\n\t\t\t\t\t<div class=\"elementor-column elementor-col-50 elementor-inner-column elementor-element elementor-element-eadf391 elementor-hidden-mobile\" data-id=\"eadf391\" data-element_type=\"column\" data-settings=\"{&quot;background_background&quot;:&quot;classic&quot;}\">\n\t\t\t<div class=\"elementor-widget-wrap elementor-element-populated\">\n\t\t\t\t\t\t<div class=\"elementor-element elementor-element-72555fa elementor-widget elementor-widget-spacer\" data-id=\"72555fa\" data-element_type=\"widget\" data-widget_type=\"spacer.default\">\n\t\t\t\t<div class=\"elementor-widget-container\">\n\t\t\t\t\t\t\t<div class=\"elementor-spacer\">\n\t\t\t<div class=\"elementor-spacer-inner\"><\/div>\n\t\t<\/div>\n\t\t\t\t\t\t<\/div>\n\t\t\t\t<\/div>\n\t\t\t\t\t<\/div>\n\t\t<\/div>\n\t\t\t\t<div class=\"elementor-column elementor-col-50 elementor-inner-column elementor-element elementor-element-aa6dcd6\" data-id=\"aa6dcd6\" data-element_type=\"column\">\n\t\t\t<div class=\"elementor-widget-wrap elementor-element-populated\">\n\t\t\t\t\t\t<div class=\"elementor-element elementor-element-8053870 elementor-widget elementor-widget-text-editor\" data-id=\"8053870\" data-element_type=\"widget\" data-widget_type=\"text-editor.default\">\n\t\t\t\t<div class=\"elementor-widget-container\">\n\t\t\t\t\t\t\t\t\t<p>In der Fertigung, Montage, Pr\u00fcfung und Inbetriebnahme weisen wir dank unserem breiten Kunden- Portfolio Kenntnisse in verschiedensten Industriebereichen auf:<\/p><ul><li>Nahrungsmittelindustrie Produktionsanlagen<\/li><li>Produktionsanlagen zur Effizienzsteigerung in der Maschinenindustrie<\/li><li>Medizinaltechnik Pr\u00fcfst\u00e4nde<\/li><li>Kraftwerk Steuermodule (Wasser, \u00d6l, Brennstoff, Gas etc.)<\/li><li>Off-Shore Verdichteranlagen<\/li><li>Pr\u00fcfst\u00e4nde, Drehb\u00e4nke und Wuchtanlagen f\u00fcr Rotoren<\/li><li>Massgeschneiderte Mess- und Pr\u00fcfger\u00e4te<\/li><li>Elektrische Module und Elektro-Container<\/li><li>Kl\u00e4rschlammtrockner<\/li><li>Off-Shore Verdichteranlagen<\/li><li>Labormaschinen f\u00fcr Hochschulen<\/li><\/ul>\t\t\t\t\t\t\t\t<\/div>\n\t\t\t\t<\/div>\n\t\t\t\t\t<\/div>\n\t\t<\/div>\n\t\t\t\t\t<\/div>\n\t\t<\/section>\n\t\t\t\t\t<\/div>\n\t\t<\/div>\n\t\t\t\t\t<\/div>\n\t\t<\/section>\n\t\t\t\t<section class=\"elementor-section elementor-top-section elementor-element elementor-element-f43eba8 elementor-section-full_width elementor-section-content-middle elementor-section-height-default elementor-section-height-default\" data-id=\"f43eba8\" data-element_type=\"section\" data-settings=\"{&quot;background_background&quot;:&quot;classic&quot;}\">\n\t\t\t\t\t\t<div class=\"elementor-container elementor-column-gap-no\">\n\t\t\t\t\t<div class=\"elementor-column elementor-col-50 elementor-top-column elementor-element elementor-element-62bb735\" data-id=\"62bb735\" data-element_type=\"column\" data-settings=\"{&quot;background_background&quot;:&quot;slideshow&quot;,&quot;background_slideshow_gallery&quot;:[{&quot;id&quot;:5518,&quot;url&quot;:&quot;https:\\\/\\\/kawe.ch\\\/wp-content\\\/uploads\\\/2023\\\/04\\\/Sondemaschine.jpg&quot;}],&quot;background_slideshow_slide_duration&quot;:6500,&quot;background_slideshow_transition_duration&quot;:1000,&quot;background_slideshow_ken_burns&quot;:&quot;yes&quot;,&quot;background_slideshow_loop&quot;:&quot;yes&quot;,&quot;background_slideshow_slide_transition&quot;:&quot;fade&quot;,&quot;background_slideshow_ken_burns_zoom_direction&quot;:&quot;in&quot;}\">\n\t\t\t<div class=\"elementor-widget-wrap elementor-element-populated\">\n\t\t\t\t\t\t<div class=\"elementor-element elementor-element-77756bc elementor-widget elementor-widget-spacer\" data-id=\"77756bc\" data-element_type=\"widget\" data-widget_type=\"spacer.default\">\n\t\t\t\t<div class=\"elementor-widget-container\">\n\t\t\t\t\t\t\t<div class=\"elementor-spacer\">\n\t\t\t<div class=\"elementor-spacer-inner\"><\/div>\n\t\t<\/div>\n\t\t\t\t\t\t<\/div>\n\t\t\t\t<\/div>\n\t\t\t\t\t<\/div>\n\t\t<\/div>\n\t\t\t\t<div class=\"elementor-column elementor-col-50 elementor-top-column elementor-element elementor-element-a164056\" data-id=\"a164056\" data-element_type=\"column\" data-settings=\"{&quot;background_background&quot;:&quot;classic&quot;}\">\n\t\t\t<div class=\"elementor-widget-wrap elementor-element-populated\">\n\t\t\t\t\t\t<div class=\"elementor-element elementor-element-c975557 elementor-blockquote--skin-clean elementor-widget elementor-widget-blockquote\" data-id=\"c975557\" data-element_type=\"widget\" data-widget_type=\"blockquote.default\">\n\t\t\t\t<div class=\"elementor-widget-container\">\n\t\t\t\t\t\t\t<blockquote class=\"elementor-blockquote\">\n\t\t\t<p class=\"elementor-blockquote__content\">\n\t\t\t\tBeim Prototypenbau f\u00fcr Ihren Markteinstieg unterst\u00fctzen wir Sie von der Idee bis zur erfolgreichen Inbetriebnahme. Falls Sie Ihre Produktion ausgelagert haben, fertigen wir auch Ihre Serienmaschine. F\u00fcr Kunden mit Serienmaschinen oder Systemen mit wiederkehrenden Produktionsvolumen \u00fcbernehmen wir das Management und die Fertigung der kritischen Ersatzteile.\t\t\t<\/p>\n\t\t\t\t\t<\/blockquote>\n\t\t\t\t\t\t<\/div>\n\t\t\t\t<\/div>\n\t\t\t\t\t<\/div>\n\t\t<\/div>\n\t\t\t\t\t<\/div>\n\t\t<\/section>\n\t\t\t\t<\/div>\n\t\t","protected":false},"excerpt":{"rendered":"<p>Unsere Dienstleistungen Sondermaschinen- und Anlagenbau Individuelle L\u00f6sungen f\u00fcr spezielle Anlagen Mit unserem Design- und Produktions-Engineering \u00fcbernehmen wir sowohl Ihre komplette System-Konstruktion inklusive der Fertigungszeichnungen und unterst\u00fctzen Sie bei der Umsetzung von Konzepten oder Ideen in die Realit\u00e4t. Basierend auf unserer breiten Erfahrung zeigen wir Ihnen Verbesserungspotential in den Bereichen Detailkonstruktion, Materialwahl, Fertigungsprozess, Operation und Unterhalt [&hellip;]<\/p>\n","protected":false},"author":1,"featured_media":0,"parent":0,"menu_order":0,"comment_status":"closed","ping_status":"closed","template":"elementor_header_footer","meta":{"iawp_total_views":514,"footnotes":""},"class_list":["post-2990","page","type-page","status-publish","hentry"],"yoast_head":"<!-- This site is optimized with the Yoast SEO plugin v26.7 - https:\/\/yoast.com\/wordpress\/plugins\/seo\/ -->\n<title>Sondermaschinen- und Anlagenbau - Kawe<\/title>\n<meta name=\"robots\" content=\"index, follow, max-snippet:-1, max-image-preview:large, max-video-preview:-1\" \/>\n<link rel=\"canonical\" href=\"https:\/\/kawe.ch\/en\/sondermaschinen-und-anlagenbau\/\" \/>\n<meta property=\"og:locale\" content=\"en_US\" \/>\n<meta property=\"og:type\" content=\"article\" \/>\n<meta property=\"og:title\" content=\"Sondermaschinen- und Anlagenbau - Kawe\" \/>\n<meta property=\"og:description\" content=\"Unsere Dienstleistungen Sondermaschinen- und Anlagenbau Individuelle L\u00f6sungen f\u00fcr spezielle Anlagen Mit unserem Design- und Produktions-Engineering \u00fcbernehmen wir sowohl Ihre komplette System-Konstruktion inklusive der Fertigungszeichnungen und unterst\u00fctzen Sie bei der Umsetzung von Konzepten oder Ideen in die Realit\u00e4t. Basierend auf unserer breiten Erfahrung zeigen wir Ihnen Verbesserungspotential in den Bereichen Detailkonstruktion, Materialwahl, Fertigungsprozess, Operation und Unterhalt [&hellip;]\" \/>\n<meta property=\"og:url\" content=\"https:\/\/kawe.ch\/en\/sondermaschinen-und-anlagenbau\/\" \/>\n<meta property=\"og:site_name\" content=\"Kawe\" \/>\n<meta property=\"article:modified_time\" content=\"2023-05-01T12:29:48+00:00\" \/>\n<meta name=\"twitter:card\" content=\"summary_large_image\" \/>\n<meta name=\"twitter:label1\" content=\"Est. reading time\" \/>\n\t<meta name=\"twitter:data1\" content=\"1 minute\" \/>\n<script type=\"application\/ld+json\" class=\"yoast-schema-graph\">{\"@context\":\"https:\/\/schema.org\",\"@graph\":[{\"@type\":\"WebPage\",\"@id\":\"https:\/\/kawe.ch\/sondermaschinen-und-anlagenbau\/\",\"url\":\"https:\/\/kawe.ch\/sondermaschinen-und-anlagenbau\/\",\"name\":\"Sondermaschinen- und Anlagenbau - Kawe\",\"isPartOf\":{\"@id\":\"https:\/\/kawe.ch\/#website\"},\"datePublished\":\"2022-08-11T06:45:55+00:00\",\"dateModified\":\"2023-05-01T12:29:48+00:00\",\"breadcrumb\":{\"@id\":\"https:\/\/kawe.ch\/sondermaschinen-und-anlagenbau\/#breadcrumb\"},\"inLanguage\":\"en-US\",\"potentialAction\":[{\"@type\":\"ReadAction\",\"target\":[\"https:\/\/kawe.ch\/sondermaschinen-und-anlagenbau\/\"]}]},{\"@type\":\"BreadcrumbList\",\"@id\":\"https:\/\/kawe.ch\/sondermaschinen-und-anlagenbau\/#breadcrumb\",\"itemListElement\":[{\"@type\":\"ListItem\",\"position\":1,\"name\":\"Startseite\",\"item\":\"https:\/\/kawe.ch\/\"},{\"@type\":\"ListItem\",\"position\":2,\"name\":\"Sondermaschinen- und Anlagenbau\"}]},{\"@type\":\"WebSite\",\"@id\":\"https:\/\/kawe.ch\/#website\",\"url\":\"https:\/\/kawe.ch\/\",\"name\":\"Kawe\",\"description\":\"Ihr Partner f\u00fcr Systeml\u00f6sungen\",\"publisher\":{\"@id\":\"https:\/\/kawe.ch\/#organization\"},\"potentialAction\":[{\"@type\":\"SearchAction\",\"target\":{\"@type\":\"EntryPoint\",\"urlTemplate\":\"https:\/\/kawe.ch\/?s={search_term_string}\"},\"query-input\":{\"@type\":\"PropertyValueSpecification\",\"valueRequired\":true,\"valueName\":\"search_term_string\"}}],\"inLanguage\":\"en-US\"},{\"@type\":\"Organization\",\"@id\":\"https:\/\/kawe.ch\/#organization\",\"name\":\"Kawe\",\"url\":\"https:\/\/kawe.ch\/\",\"logo\":{\"@type\":\"ImageObject\",\"inLanguage\":\"en-US\",\"@id\":\"https:\/\/kawe.ch\/#\/schema\/logo\/image\/\",\"url\":\"https:\/\/kawe.ch\/wp-content\/uploads\/2021\/06\/kawe-logo.png\",\"contentUrl\":\"https:\/\/kawe.ch\/wp-content\/uploads\/2021\/06\/kawe-logo.png\",\"width\":600,\"height\":134,\"caption\":\"Kawe\"},\"image\":{\"@id\":\"https:\/\/kawe.ch\/#\/schema\/logo\/image\/\"}}]}<\/script>\n<!-- \/ Yoast SEO plugin. -->","yoast_head_json":{"title":"Sondermaschinen- und Anlagenbau - Kawe","robots":{"index":"index","follow":"follow","max-snippet":"max-snippet:-1","max-image-preview":"max-image-preview:large","max-video-preview":"max-video-preview:-1"},"canonical":"https:\/\/kawe.ch\/en\/sondermaschinen-und-anlagenbau\/","og_locale":"en_US","og_type":"article","og_title":"Sondermaschinen- und Anlagenbau - Kawe","og_description":"Unsere Dienstleistungen Sondermaschinen- und Anlagenbau Individuelle L\u00f6sungen f\u00fcr spezielle Anlagen Mit unserem Design- und Produktions-Engineering \u00fcbernehmen wir sowohl Ihre komplette System-Konstruktion inklusive der Fertigungszeichnungen und unterst\u00fctzen Sie bei der Umsetzung von Konzepten oder Ideen in die Realit\u00e4t. Basierend auf unserer breiten Erfahrung zeigen wir Ihnen Verbesserungspotential in den Bereichen Detailkonstruktion, Materialwahl, Fertigungsprozess, Operation und Unterhalt [&hellip;]","og_url":"https:\/\/kawe.ch\/en\/sondermaschinen-und-anlagenbau\/","og_site_name":"Kawe","article_modified_time":"2023-05-01T12:29:48+00:00","twitter_card":"summary_large_image","twitter_misc":{"Est. reading time":"1 minute"},"schema":{"@context":"https:\/\/schema.org","@graph":[{"@type":"WebPage","@id":"https:\/\/kawe.ch\/sondermaschinen-und-anlagenbau\/","url":"https:\/\/kawe.ch\/sondermaschinen-und-anlagenbau\/","name":"Sondermaschinen- und Anlagenbau - Kawe","isPartOf":{"@id":"https:\/\/kawe.ch\/#website"},"datePublished":"2022-08-11T06:45:55+00:00","dateModified":"2023-05-01T12:29:48+00:00","breadcrumb":{"@id":"https:\/\/kawe.ch\/sondermaschinen-und-anlagenbau\/#breadcrumb"},"inLanguage":"en-US","potentialAction":[{"@type":"ReadAction","target":["https:\/\/kawe.ch\/sondermaschinen-und-anlagenbau\/"]}]},{"@type":"BreadcrumbList","@id":"https:\/\/kawe.ch\/sondermaschinen-und-anlagenbau\/#breadcrumb","itemListElement":[{"@type":"ListItem","position":1,"name":"Startseite","item":"https:\/\/kawe.ch\/"},{"@type":"ListItem","position":2,"name":"Sondermaschinen- und Anlagenbau"}]},{"@type":"WebSite","@id":"https:\/\/kawe.ch\/#website","url":"https:\/\/kawe.ch\/","name":"Kawe","description":"Your partner for system solutions","publisher":{"@id":"https:\/\/kawe.ch\/#organization"},"potentialAction":[{"@type":"SearchAction","target":{"@type":"EntryPoint","urlTemplate":"https:\/\/kawe.ch\/?s={search_term_string}"},"query-input":{"@type":"PropertyValueSpecification","valueRequired":true,"valueName":"search_term_string"}}],"inLanguage":"en-US"},{"@type":"Organization","@id":"https:\/\/kawe.ch\/#organization","name":"Kawe","url":"https:\/\/kawe.ch\/","logo":{"@type":"ImageObject","inLanguage":"en-US","@id":"https:\/\/kawe.ch\/#\/schema\/logo\/image\/","url":"https:\/\/kawe.ch\/wp-content\/uploads\/2021\/06\/kawe-logo.png","contentUrl":"https:\/\/kawe.ch\/wp-content\/uploads\/2021\/06\/kawe-logo.png","width":600,"height":134,"caption":"Kawe"},"image":{"@id":"https:\/\/kawe.ch\/#\/schema\/logo\/image\/"}}]}},"_links":{"self":[{"href":"https:\/\/kawe.ch\/en\/wp-json\/wp\/v2\/pages\/2990","targetHints":{"allow":["GET"]}}],"collection":[{"href":"https:\/\/kawe.ch\/en\/wp-json\/wp\/v2\/pages"}],"about":[{"href":"https:\/\/kawe.ch\/en\/wp-json\/wp\/v2\/types\/page"}],"author":[{"embeddable":true,"href":"https:\/\/kawe.ch\/en\/wp-json\/wp\/v2\/users\/1"}],"replies":[{"embeddable":true,"href":"https:\/\/kawe.ch\/en\/wp-json\/wp\/v2\/comments?post=2990"}],"version-history":[{"count":103,"href":"https:\/\/kawe.ch\/en\/wp-json\/wp\/v2\/pages\/2990\/revisions"}],"predecessor-version":[{"id":5778,"href":"https:\/\/kawe.ch\/en\/wp-json\/wp\/v2\/pages\/2990\/revisions\/5778"}],"wp:attachment":[{"href":"https:\/\/kawe.ch\/en\/wp-json\/wp\/v2\/media?parent=2990"}],"curies":[{"name":"wp","href":"https:\/\/api.w.org\/{rel}","templated":true}]}}