{"id":2359,"date":"2021-11-16T17:30:42","date_gmt":"2021-11-16T16:30:42","guid":{"rendered":"https:\/\/kawe.ch\/wordpress\/?page_id=2359"},"modified":"2026-03-05T16:04:10","modified_gmt":"2026-03-05T15:04:10","slug":"schweiss-und-verbindungstechnik","status":"publish","type":"page","link":"https:\/\/kawe.ch\/en\/schweiss-und-verbindungstechnik\/","title":{"rendered":"Welding and joining technology"},"content":{"rendered":"\t\t<div data-elementor-type=\"wp-page\" data-elementor-id=\"2359\" class=\"elementor elementor-2359\" data-elementor-post-type=\"page\">\n\t\t\t\t\t\t<section class=\"elementor-section elementor-top-section elementor-element elementor-element-8ece25e elementor-section-full_width elementor-section-height-min-height elementor-section-height-default elementor-section-items-middle\" data-id=\"8ece25e\" data-element_type=\"section\" data-settings=\"{&quot;background_background&quot;:&quot;classic&quot;}\">\n\t\t\t\t\t\t\t<div class=\"elementor-background-overlay\"><\/div>\n\t\t\t\t\t\t\t<div class=\"elementor-container elementor-column-gap-default\">\n\t\t\t\t\t<div class=\"elementor-column elementor-col-100 elementor-top-column elementor-element elementor-element-79d7045\" data-id=\"79d7045\" data-element_type=\"column\" data-settings=\"{&quot;background_background&quot;:&quot;classic&quot;}\">\n\t\t\t<div class=\"elementor-widget-wrap\">\n\t\t\t\t\t\t\t<\/div>\n\t\t<\/div>\n\t\t\t\t\t<\/div>\n\t\t<\/section>\n\t\t\t\t<section class=\"elementor-section elementor-top-section elementor-element elementor-element-751132d elementor-section-boxed elementor-section-height-default elementor-section-height-default\" data-id=\"751132d\" data-element_type=\"section\">\n\t\t\t\t\t\t<div class=\"elementor-container elementor-column-gap-default\">\n\t\t\t\t\t<div class=\"elementor-column elementor-col-50 elementor-top-column elementor-element elementor-element-6ea6d94\" data-id=\"6ea6d94\" data-element_type=\"column\">\n\t\t\t<div class=\"elementor-widget-wrap elementor-element-populated\">\n\t\t\t\t\t\t<div class=\"elementor-element elementor-element-bea2ab4 elementor-widget elementor-widget-iheading\" data-id=\"bea2ab4\" data-element_type=\"widget\" data-widget_type=\"iheading.default\">\n\t\t\t\t<div class=\"elementor-widget-container\">\n\t\t\t\t\t\t\t<div class=\"section-head\">\n\t        \t            <h6 class=\"text-primary\">Unsere Dienstleistungen<\/h6>\n\t        \t        <h2 class=\"section-title\">Schweiss- und Verbindungstechnik <span class=\"text-primary\"><\/span><\/h2>\n\t        \t    <\/div>\n\t    \t\t\t\t<\/div>\n\t\t\t\t<\/div>\n\t\t\t\t<div class=\"elementor-element elementor-element-898798a elementor-widget elementor-widget-text-editor\" data-id=\"898798a\" data-element_type=\"widget\" data-widget_type=\"text-editor.default\">\n\t\t\t\t<div class=\"elementor-widget-container\">\n\t\t\t\t\t\t\t\t\t<p><strong>Handwerkliches K\u00f6nnen und innovative L\u00f6sungen <\/strong><\/p><p>Komplexe Schweisskonstruktionen m\u00f6glichst verzugsfrei zusammenzuf\u00fcgen oder filigrane Blechbauteile passgenau und mit kleiner Nahtdicke dauerhaft zu verbinden, das sind die St\u00e4rken von unseren erfahrenen, gut ausgebildeten Schweissprofis.<\/p><p>Wir wenden neben dem WIG- und MIG-Verfahren auch Orbitalschweissen f\u00fcr h\u00f6chste Anspr\u00fcche in der Kraftwerktechnik und Luftfahrt an.<\/p><p>\u00a0<\/p>\t\t\t\t\t\t\t\t<\/div>\n\t\t\t\t<\/div>\n\t\t\t\t<div class=\"elementor-element elementor-element-352e47b elementor-hidden-desktop elementor-hidden-tablet elementor-hidden-mobile elementor-widget elementor-widget-text-editor\" data-id=\"352e47b\" data-element_type=\"widget\" data-widget_type=\"text-editor.default\">\n\t\t\t\t<div class=\"elementor-widget-container\">\n\t\t\t\t\t\t\t\t\t<p>Wir verarbeiten folgende Materialien:<\/p><ul><li>Unlegierter Stahl<\/li><li>Edelstahl<\/li><li>Aluminium<\/li><li>Buntmetalle<\/li><\/ul><p>Je nach Bedarf Ihrer Anforderung bieten wir L\u00f6sungen mit folgenden Verfahren an:<\/p><ul><li><span style=\"color: #000000;\">MIG \/ MAG<\/span><\/li><li><span style=\"color: #000000;\">WIG<\/span><\/li><li><span style=\"color: #000000;\">Orbitalschweissen<\/span><\/li><li><span style=\"color: #000000;\">Widerstandsschweissen<\/span><\/li><li><span style=\"color: #000000;\">Widerstandbuckelschweissen<\/span><\/li><li><span style=\"color: #000000;\">L\u00f6ten<\/span><\/li><li><span style=\"color: #000000;\">Nieten<\/span><\/li><li><span style=\"color: #000000;\">Kleben<\/span><\/li><\/ul>\t\t\t\t\t\t\t\t<\/div>\n\t\t\t\t<\/div>\n\t\t\t\t<div class=\"elementor-element elementor-element-b67b728 elementor-widget elementor-widget-heading\" data-id=\"b67b728\" data-element_type=\"widget\" data-widget_type=\"heading.default\">\n\t\t\t\t<div class=\"elementor-widget-container\">\n\t\t\t\t\t<h4 class=\"elementor-heading-title elementor-size-default\">Zulassungen<\/h4>\t\t\t\t<\/div>\n\t\t\t\t<\/div>\n\t\t\t\t<section class=\"elementor-section elementor-inner-section elementor-element elementor-element-c0f7109 elementor-section-boxed elementor-section-height-default elementor-section-height-default\" data-id=\"c0f7109\" data-element_type=\"section\">\n\t\t\t\t\t\t<div class=\"elementor-container elementor-column-gap-default\">\n\t\t\t\t\t<div class=\"elementor-column elementor-col-33 elementor-inner-column elementor-element elementor-element-3b7b02d\" data-id=\"3b7b02d\" data-element_type=\"column\">\n\t\t\t<div class=\"elementor-widget-wrap elementor-element-populated\">\n\t\t\t\t\t\t<div class=\"elementor-element elementor-element-c6ac7c9 elementor-align-center elementor-mobile-align-left elementor-widget elementor-widget-ibutton\" data-id=\"c6ac7c9\" data-element_type=\"widget\" data-widget_type=\"ibutton.default\">\n\t\t\t\t<div class=\"elementor-widget-container\">\n\t\t\t\t\t\t\t<div class=\"ot-button\">\n\t\t\t<a href=\"https:\/\/kawe.ch\/\/wp-content\/uploads\/2023\/02\/ISO-9001-14001-DE.pdf\" target=\"_blank\" class=\"btn btn-main no-icon\"><span>ISO 9001 und ISO 14001<\/span><\/a>\n\t    <\/div>\n\t    \t\t\t\t<\/div>\n\t\t\t\t<\/div>\n\t\t\t\t\t<\/div>\n\t\t<\/div>\n\t\t\t\t<div class=\"elementor-column elementor-col-33 elementor-inner-column elementor-element elementor-element-0a70bfe\" data-id=\"0a70bfe\" data-element_type=\"column\">\n\t\t\t<div class=\"elementor-widget-wrap elementor-element-populated\">\n\t\t\t\t\t\t<div class=\"elementor-element elementor-element-e81b080 elementor-align-center elementor-mobile-align-left elementor-widget elementor-widget-ibutton\" data-id=\"e81b080\" data-element_type=\"widget\" data-widget_type=\"ibutton.default\">\n\t\t\t\t<div class=\"elementor-widget-container\">\n\t\t\t\t\t\t\t<div class=\"ot-button\">\n\t\t\t<a href=\"https:\/\/kawe.ch\/wp-content\/uploads\/2026\/01\/NEU-Zertifikat-EN-15085-DE-2025.pdf\" target=\"_blank\" class=\"btn btn-main no-icon\"><span>EN 15085<\/span><\/a>\n\t    <\/div>\n\t    \t\t\t\t<\/div>\n\t\t\t\t<\/div>\n\t\t\t\t\t<\/div>\n\t\t<\/div>\n\t\t\t\t<div class=\"elementor-column elementor-col-33 elementor-inner-column elementor-element elementor-element-e3a8653\" data-id=\"e3a8653\" data-element_type=\"column\">\n\t\t\t<div class=\"elementor-widget-wrap elementor-element-populated\">\n\t\t\t\t\t\t<div class=\"elementor-element elementor-element-a787223 elementor-align-center elementor-mobile-align-left elementor-widget elementor-widget-ibutton\" data-id=\"a787223\" data-element_type=\"widget\" data-widget_type=\"ibutton.default\">\n\t\t\t\t<div class=\"elementor-widget-container\">\n\t\t\t\t\t\t\t<div class=\"ot-button\">\n\t\t\t<a href=\"https:\/\/kawe.ch\/wp-content\/uploads\/2025\/09\/KAWE-ISO-3834-2-EN.pdf\" target=\"_blank\" class=\"btn btn-main no-icon\"><span>EN ISO 3834-2<\/span><\/a>\n\t    <\/div>\n\t    \t\t\t\t<\/div>\n\t\t\t\t<\/div>\n\t\t\t\t\t<\/div>\n\t\t<\/div>\n\t\t\t\t\t<\/div>\n\t\t<\/section>\n\t\t\t\t\t<\/div>\n\t\t<\/div>\n\t\t\t\t<div class=\"elementor-column elementor-col-50 elementor-top-column elementor-element elementor-element-218bd3f elementor-hidden-mobile\" data-id=\"218bd3f\" data-element_type=\"column\" data-settings=\"{&quot;background_background&quot;:&quot;classic&quot;}\">\n\t\t\t<div class=\"elementor-widget-wrap elementor-element-populated\">\n\t\t\t\t\t\t<div class=\"elementor-element elementor-element-3fc8f7c elementor-widget elementor-widget-image\" data-id=\"3fc8f7c\" data-element_type=\"widget\" data-widget_type=\"image.default\">\n\t\t\t\t<div class=\"elementor-widget-container\">\n\t\t\t\t\t\t\t\t\t\t\t\t\t\t\t<img fetchpriority=\"high\" decoding=\"async\" width=\"481\" height=\"720\" src=\"https:\/\/kawe.ch\/wp-content\/uploads\/2023\/04\/mechanic-man-welding-metal-material-in-garage-2021-08-27-22-49-28-utc.jpg\" class=\"attachment-large size-large wp-image-5164\" alt=\"\" srcset=\"https:\/\/kawe.ch\/wp-content\/uploads\/2023\/04\/mechanic-man-welding-metal-material-in-garage-2021-08-27-22-49-28-utc.jpg 481w, https:\/\/kawe.ch\/wp-content\/uploads\/2023\/04\/mechanic-man-welding-metal-material-in-garage-2021-08-27-22-49-28-utc-200x300.jpg 200w, https:\/\/kawe.ch\/wp-content\/uploads\/2023\/04\/mechanic-man-welding-metal-material-in-garage-2021-08-27-22-49-28-utc-8x12.jpg 8w\" sizes=\"(max-width: 481px) 100vw, 481px\" \/>\t\t\t\t\t\t\t\t\t\t\t\t\t\t\t<\/div>\n\t\t\t\t<\/div>\n\t\t\t\t\t<\/div>\n\t\t<\/div>\n\t\t\t\t\t<\/div>\n\t\t<\/section>\n\t\t\t\t<section class=\"elementor-section elementor-top-section elementor-element elementor-element-8bed8c0 elementor-section-full_width elementor-section-content-middle elementor-section-height-default elementor-section-height-default\" data-id=\"8bed8c0\" data-element_type=\"section\" data-settings=\"{&quot;background_background&quot;:&quot;classic&quot;}\">\n\t\t\t\t\t\t<div class=\"elementor-container elementor-column-gap-no\">\n\t\t\t\t\t<div class=\"elementor-column elementor-col-50 elementor-top-column elementor-element elementor-element-7b109a5\" data-id=\"7b109a5\" data-element_type=\"column\" data-settings=\"{&quot;background_background&quot;:&quot;slideshow&quot;,&quot;background_slideshow_gallery&quot;:[{&quot;id&quot;:4338,&quot;url&quot;:&quot;https:\\\/\\\/kawe.ch\\\/\\\/wp-content\\\/uploads\\\/2023\\\/03\\\/DSC_7406-scaled-1.jpeg&quot;}],&quot;background_slideshow_slide_duration&quot;:6500,&quot;background_slideshow_transition_duration&quot;:1000,&quot;background_slideshow_ken_burns&quot;:&quot;yes&quot;,&quot;background_slideshow_loop&quot;:&quot;yes&quot;,&quot;background_slideshow_slide_transition&quot;:&quot;fade&quot;,&quot;background_slideshow_ken_burns_zoom_direction&quot;:&quot;in&quot;}\">\n\t\t\t<div class=\"elementor-widget-wrap elementor-element-populated\">\n\t\t\t\t\t\t<div class=\"elementor-element elementor-element-9d2c52d elementor-widget elementor-widget-spacer\" data-id=\"9d2c52d\" data-element_type=\"widget\" data-widget_type=\"spacer.default\">\n\t\t\t\t<div class=\"elementor-widget-container\">\n\t\t\t\t\t\t\t<div class=\"elementor-spacer\">\n\t\t\t<div class=\"elementor-spacer-inner\"><\/div>\n\t\t<\/div>\n\t\t\t\t\t\t<\/div>\n\t\t\t\t<\/div>\n\t\t\t\t\t<\/div>\n\t\t<\/div>\n\t\t\t\t<div class=\"elementor-column elementor-col-50 elementor-top-column elementor-element elementor-element-c2071a4\" data-id=\"c2071a4\" data-element_type=\"column\" data-settings=\"{&quot;background_background&quot;:&quot;classic&quot;}\">\n\t\t\t<div class=\"elementor-widget-wrap elementor-element-populated\">\n\t\t\t\t\t\t<div class=\"elementor-element elementor-element-37c294d elementor-blockquote--skin-clean elementor-widget elementor-widget-blockquote\" data-id=\"37c294d\" data-element_type=\"widget\" data-widget_type=\"blockquote.default\">\n\t\t\t\t<div class=\"elementor-widget-container\">\n\t\t\t\t\t\t\t<blockquote class=\"elementor-blockquote\">\n\t\t\t<p class=\"elementor-blockquote__content\">\n\t\t\t\tUnsere interne Schweissaufsicht stellt sicher, dass die geforderte Qualit\u00e4t erreicht wird. F\u00fcr die kritischen Anforderungen im Bahn-, Kraftwerk-, Nahrungsmittel-, Medizinal- und Defense Bereich stehen uns sowohl Schweissfachleute und ein Schweissfach-Ingenieur zur Verf\u00fcgung.\n<br><br>\nWir weisen zudem eine breite Palette von Verfahrenspr\u00fcfungen f\u00fcr die kundenspezifischen Anforderungen aus.\n<br><br>\nDank den synchronisierten Hallenkr\u00e4nen sind wir in der Lage grosse Komplettanlagen bis zu 30 t bei uns im Hause fertigen und verladen zu k\u00f6nnen.\t\t\t<\/p>\n\t\t\t\t\t<\/blockquote>\n\t\t\t\t\t\t<\/div>\n\t\t\t\t<\/div>\n\t\t\t\t\t<\/div>\n\t\t<\/div>\n\t\t\t\t\t<\/div>\n\t\t<\/section>\n\t\t\t\t<\/div>\n\t\t","protected":false},"excerpt":{"rendered":"<p>Unsere Dienstleistungen Schweiss- und Verbindungstechnik Handwerkliches K\u00f6nnen und innovative L\u00f6sungen Komplexe Schweisskonstruktionen m\u00f6glichst verzugsfrei zusammenzuf\u00fcgen oder filigrane Blechbauteile passgenau und mit kleiner Nahtdicke dauerhaft zu verbinden, das sind die St\u00e4rken von unseren erfahrenen, gut ausgebildeten Schweissprofis. Wir wenden neben dem WIG- und MIG-Verfahren auch Orbitalschweissen f\u00fcr h\u00f6chste Anspr\u00fcche in der Kraftwerktechnik und Luftfahrt an. \u00a0 [&hellip;]<\/p>\n","protected":false},"author":1,"featured_media":0,"parent":0,"menu_order":0,"comment_status":"closed","ping_status":"closed","template":"elementor_header_footer","meta":{"iawp_total_views":321,"footnotes":""},"class_list":["post-2359","page","type-page","status-publish","hentry"],"yoast_head":"<!-- This site is optimized with the Yoast SEO plugin v26.7 - https:\/\/yoast.com\/wordpress\/plugins\/seo\/ -->\n<title>Schweiss- und Verbindungstechnik - Kawe<\/title>\n<meta name=\"robots\" content=\"index, follow, max-snippet:-1, max-image-preview:large, max-video-preview:-1\" \/>\n<link rel=\"canonical\" href=\"https:\/\/kawe.ch\/en\/schweiss-und-verbindungstechnik\/\" \/>\n<meta property=\"og:locale\" content=\"en_US\" \/>\n<meta property=\"og:type\" content=\"article\" \/>\n<meta property=\"og:title\" content=\"Schweiss- und Verbindungstechnik - Kawe\" \/>\n<meta property=\"og:description\" content=\"Unsere Dienstleistungen Schweiss- und Verbindungstechnik Handwerkliches K\u00f6nnen und innovative L\u00f6sungen Komplexe Schweisskonstruktionen m\u00f6glichst verzugsfrei zusammenzuf\u00fcgen oder filigrane Blechbauteile passgenau und mit kleiner Nahtdicke dauerhaft zu verbinden, das sind die St\u00e4rken von unseren erfahrenen, gut ausgebildeten Schweissprofis. Wir wenden neben dem WIG- und MIG-Verfahren auch Orbitalschweissen f\u00fcr h\u00f6chste Anspr\u00fcche in der Kraftwerktechnik und Luftfahrt an. \u00a0 [&hellip;]\" \/>\n<meta property=\"og:url\" content=\"https:\/\/kawe.ch\/en\/schweiss-und-verbindungstechnik\/\" \/>\n<meta property=\"og:site_name\" content=\"Kawe\" \/>\n<meta property=\"article:modified_time\" content=\"2026-03-05T15:04:10+00:00\" \/>\n<meta property=\"og:image\" content=\"https:\/\/kawe.ch\/wp-content\/uploads\/2023\/04\/mechanic-man-welding-metal-material-in-garage-2021-08-27-22-49-28-utc.jpg\" \/>\n\t<meta property=\"og:image:width\" content=\"481\" \/>\n\t<meta property=\"og:image:height\" content=\"720\" \/>\n\t<meta property=\"og:image:type\" content=\"image\/jpeg\" \/>\n<meta name=\"twitter:card\" content=\"summary_large_image\" \/>\n<meta name=\"twitter:label1\" content=\"Est. reading time\" \/>\n\t<meta name=\"twitter:data1\" content=\"1 minute\" \/>\n<script type=\"application\/ld+json\" class=\"yoast-schema-graph\">{\"@context\":\"https:\/\/schema.org\",\"@graph\":[{\"@type\":\"WebPage\",\"@id\":\"https:\/\/kawe.ch\/schweiss-und-verbindungstechnik\/\",\"url\":\"https:\/\/kawe.ch\/schweiss-und-verbindungstechnik\/\",\"name\":\"Schweiss- und Verbindungstechnik - Kawe\",\"isPartOf\":{\"@id\":\"https:\/\/kawe.ch\/#website\"},\"primaryImageOfPage\":{\"@id\":\"https:\/\/kawe.ch\/schweiss-und-verbindungstechnik\/#primaryimage\"},\"image\":{\"@id\":\"https:\/\/kawe.ch\/schweiss-und-verbindungstechnik\/#primaryimage\"},\"thumbnailUrl\":\"https:\/\/kawe.ch\/wp-content\/uploads\/2023\/04\/mechanic-man-welding-metal-material-in-garage-2021-08-27-22-49-28-utc.jpg\",\"datePublished\":\"2021-11-16T16:30:42+00:00\",\"dateModified\":\"2026-03-05T15:04:10+00:00\",\"breadcrumb\":{\"@id\":\"https:\/\/kawe.ch\/schweiss-und-verbindungstechnik\/#breadcrumb\"},\"inLanguage\":\"en-US\",\"potentialAction\":[{\"@type\":\"ReadAction\",\"target\":[\"https:\/\/kawe.ch\/schweiss-und-verbindungstechnik\/\"]}]},{\"@type\":\"ImageObject\",\"inLanguage\":\"en-US\",\"@id\":\"https:\/\/kawe.ch\/schweiss-und-verbindungstechnik\/#primaryimage\",\"url\":\"https:\/\/kawe.ch\/wp-content\/uploads\/2023\/04\/mechanic-man-welding-metal-material-in-garage-2021-08-27-22-49-28-utc.jpg\",\"contentUrl\":\"https:\/\/kawe.ch\/wp-content\/uploads\/2023\/04\/mechanic-man-welding-metal-material-in-garage-2021-08-27-22-49-28-utc.jpg\"},{\"@type\":\"BreadcrumbList\",\"@id\":\"https:\/\/kawe.ch\/schweiss-und-verbindungstechnik\/#breadcrumb\",\"itemListElement\":[{\"@type\":\"ListItem\",\"position\":1,\"name\":\"Startseite\",\"item\":\"https:\/\/kawe.ch\/\"},{\"@type\":\"ListItem\",\"position\":2,\"name\":\"Schweiss- und Verbindungstechnik\"}]},{\"@type\":\"WebSite\",\"@id\":\"https:\/\/kawe.ch\/#website\",\"url\":\"https:\/\/kawe.ch\/\",\"name\":\"Kawe\",\"description\":\"Ihr Partner f\u00fcr Systeml\u00f6sungen\",\"publisher\":{\"@id\":\"https:\/\/kawe.ch\/#organization\"},\"potentialAction\":[{\"@type\":\"SearchAction\",\"target\":{\"@type\":\"EntryPoint\",\"urlTemplate\":\"https:\/\/kawe.ch\/?s={search_term_string}\"},\"query-input\":{\"@type\":\"PropertyValueSpecification\",\"valueRequired\":true,\"valueName\":\"search_term_string\"}}],\"inLanguage\":\"en-US\"},{\"@type\":\"Organization\",\"@id\":\"https:\/\/kawe.ch\/#organization\",\"name\":\"Kawe\",\"url\":\"https:\/\/kawe.ch\/\",\"logo\":{\"@type\":\"ImageObject\",\"inLanguage\":\"en-US\",\"@id\":\"https:\/\/kawe.ch\/#\/schema\/logo\/image\/\",\"url\":\"https:\/\/kawe.ch\/wp-content\/uploads\/2021\/06\/kawe-logo.png\",\"contentUrl\":\"https:\/\/kawe.ch\/wp-content\/uploads\/2021\/06\/kawe-logo.png\",\"width\":600,\"height\":134,\"caption\":\"Kawe\"},\"image\":{\"@id\":\"https:\/\/kawe.ch\/#\/schema\/logo\/image\/\"}}]}<\/script>\n<!-- \/ Yoast SEO plugin. -->","yoast_head_json":{"title":"Schweiss- und Verbindungstechnik - Kawe","robots":{"index":"index","follow":"follow","max-snippet":"max-snippet:-1","max-image-preview":"max-image-preview:large","max-video-preview":"max-video-preview:-1"},"canonical":"https:\/\/kawe.ch\/en\/schweiss-und-verbindungstechnik\/","og_locale":"en_US","og_type":"article","og_title":"Schweiss- und Verbindungstechnik - Kawe","og_description":"Unsere Dienstleistungen Schweiss- und Verbindungstechnik Handwerkliches K\u00f6nnen und innovative L\u00f6sungen Komplexe Schweisskonstruktionen m\u00f6glichst verzugsfrei zusammenzuf\u00fcgen oder filigrane Blechbauteile passgenau und mit kleiner Nahtdicke dauerhaft zu verbinden, das sind die St\u00e4rken von unseren erfahrenen, gut ausgebildeten Schweissprofis. Wir wenden neben dem WIG- und MIG-Verfahren auch Orbitalschweissen f\u00fcr h\u00f6chste Anspr\u00fcche in der Kraftwerktechnik und Luftfahrt an. \u00a0 [&hellip;]","og_url":"https:\/\/kawe.ch\/en\/schweiss-und-verbindungstechnik\/","og_site_name":"Kawe","article_modified_time":"2026-03-05T15:04:10+00:00","og_image":[{"width":481,"height":720,"url":"https:\/\/kawe.ch\/wp-content\/uploads\/2023\/04\/mechanic-man-welding-metal-material-in-garage-2021-08-27-22-49-28-utc.jpg","type":"image\/jpeg"}],"twitter_card":"summary_large_image","twitter_misc":{"Est. reading time":"1 minute"},"schema":{"@context":"https:\/\/schema.org","@graph":[{"@type":"WebPage","@id":"https:\/\/kawe.ch\/schweiss-und-verbindungstechnik\/","url":"https:\/\/kawe.ch\/schweiss-und-verbindungstechnik\/","name":"Schweiss- und Verbindungstechnik - Kawe","isPartOf":{"@id":"https:\/\/kawe.ch\/#website"},"primaryImageOfPage":{"@id":"https:\/\/kawe.ch\/schweiss-und-verbindungstechnik\/#primaryimage"},"image":{"@id":"https:\/\/kawe.ch\/schweiss-und-verbindungstechnik\/#primaryimage"},"thumbnailUrl":"https:\/\/kawe.ch\/wp-content\/uploads\/2023\/04\/mechanic-man-welding-metal-material-in-garage-2021-08-27-22-49-28-utc.jpg","datePublished":"2021-11-16T16:30:42+00:00","dateModified":"2026-03-05T15:04:10+00:00","breadcrumb":{"@id":"https:\/\/kawe.ch\/schweiss-und-verbindungstechnik\/#breadcrumb"},"inLanguage":"en-US","potentialAction":[{"@type":"ReadAction","target":["https:\/\/kawe.ch\/schweiss-und-verbindungstechnik\/"]}]},{"@type":"ImageObject","inLanguage":"en-US","@id":"https:\/\/kawe.ch\/schweiss-und-verbindungstechnik\/#primaryimage","url":"https:\/\/kawe.ch\/wp-content\/uploads\/2023\/04\/mechanic-man-welding-metal-material-in-garage-2021-08-27-22-49-28-utc.jpg","contentUrl":"https:\/\/kawe.ch\/wp-content\/uploads\/2023\/04\/mechanic-man-welding-metal-material-in-garage-2021-08-27-22-49-28-utc.jpg"},{"@type":"BreadcrumbList","@id":"https:\/\/kawe.ch\/schweiss-und-verbindungstechnik\/#breadcrumb","itemListElement":[{"@type":"ListItem","position":1,"name":"Startseite","item":"https:\/\/kawe.ch\/"},{"@type":"ListItem","position":2,"name":"Schweiss- und Verbindungstechnik"}]},{"@type":"WebSite","@id":"https:\/\/kawe.ch\/#website","url":"https:\/\/kawe.ch\/","name":"Kawe","description":"Your partner for system solutions","publisher":{"@id":"https:\/\/kawe.ch\/#organization"},"potentialAction":[{"@type":"SearchAction","target":{"@type":"EntryPoint","urlTemplate":"https:\/\/kawe.ch\/?s={search_term_string}"},"query-input":{"@type":"PropertyValueSpecification","valueRequired":true,"valueName":"search_term_string"}}],"inLanguage":"en-US"},{"@type":"Organization","@id":"https:\/\/kawe.ch\/#organization","name":"Kawe","url":"https:\/\/kawe.ch\/","logo":{"@type":"ImageObject","inLanguage":"en-US","@id":"https:\/\/kawe.ch\/#\/schema\/logo\/image\/","url":"https:\/\/kawe.ch\/wp-content\/uploads\/2021\/06\/kawe-logo.png","contentUrl":"https:\/\/kawe.ch\/wp-content\/uploads\/2021\/06\/kawe-logo.png","width":600,"height":134,"caption":"Kawe"},"image":{"@id":"https:\/\/kawe.ch\/#\/schema\/logo\/image\/"}}]}},"_links":{"self":[{"href":"https:\/\/kawe.ch\/en\/wp-json\/wp\/v2\/pages\/2359","targetHints":{"allow":["GET"]}}],"collection":[{"href":"https:\/\/kawe.ch\/en\/wp-json\/wp\/v2\/pages"}],"about":[{"href":"https:\/\/kawe.ch\/en\/wp-json\/wp\/v2\/types\/page"}],"author":[{"embeddable":true,"href":"https:\/\/kawe.ch\/en\/wp-json\/wp\/v2\/users\/1"}],"replies":[{"embeddable":true,"href":"https:\/\/kawe.ch\/en\/wp-json\/wp\/v2\/comments?post=2359"}],"version-history":[{"count":76,"href":"https:\/\/kawe.ch\/en\/wp-json\/wp\/v2\/pages\/2359\/revisions"}],"predecessor-version":[{"id":9199,"href":"https:\/\/kawe.ch\/en\/wp-json\/wp\/v2\/pages\/2359\/revisions\/9199"}],"wp:attachment":[{"href":"https:\/\/kawe.ch\/en\/wp-json\/wp\/v2\/media?parent=2359"}],"curies":[{"name":"wp","href":"https:\/\/api.w.org\/{rel}","templated":true}]}}