{"id":2353,"date":"2021-11-16T17:29:48","date_gmt":"2021-11-16T16:29:48","guid":{"rendered":"https:\/\/kawe.ch\/wordpress\/?page_id=2353"},"modified":"2023-04-27T13:52:57","modified_gmt":"2023-04-27T11:52:57","slug":"mechanik-und-komponentenbau","status":"publish","type":"page","link":"https:\/\/kawe.ch\/en\/mechanik-und-komponentenbau\/","title":{"rendered":"Mechanics and component manufacturing"},"content":{"rendered":"\t\t<div data-elementor-type=\"wp-page\" data-elementor-id=\"2353\" class=\"elementor elementor-2353\" data-elementor-post-type=\"page\">\n\t\t\t\t\t\t<section class=\"elementor-section elementor-top-section elementor-element elementor-element-a9742e5 elementor-section-full_width elementor-section-height-min-height elementor-section-height-default elementor-section-items-middle\" data-id=\"a9742e5\" data-element_type=\"section\" data-settings=\"{&quot;background_background&quot;:&quot;classic&quot;}\">\n\t\t\t\t\t\t<div class=\"elementor-container elementor-column-gap-default\">\n\t\t\t\t\t<div class=\"elementor-column elementor-col-100 elementor-top-column elementor-element elementor-element-ffd0e34\" data-id=\"ffd0e34\" data-element_type=\"column\" data-settings=\"{&quot;background_background&quot;:&quot;classic&quot;}\">\n\t\t\t<div class=\"elementor-widget-wrap elementor-element-populated\">\n\t\t\t\t\t\t<div class=\"elementor-element elementor-element-ebe75c4 elementor-widget elementor-widget-spacer\" data-id=\"ebe75c4\" data-element_type=\"widget\" data-widget_type=\"spacer.default\">\n\t\t\t\t<div class=\"elementor-widget-container\">\n\t\t\t\t\t\t\t<div class=\"elementor-spacer\">\n\t\t\t<div class=\"elementor-spacer-inner\"><\/div>\n\t\t<\/div>\n\t\t\t\t\t\t<\/div>\n\t\t\t\t<\/div>\n\t\t\t\t\t<\/div>\n\t\t<\/div>\n\t\t\t\t\t<\/div>\n\t\t<\/section>\n\t\t\t\t<section class=\"elementor-section elementor-top-section elementor-element elementor-element-2755aa3 elementor-section-boxed elementor-section-height-default elementor-section-height-default\" data-id=\"2755aa3\" data-element_type=\"section\">\n\t\t\t\t\t\t<div class=\"elementor-container elementor-column-gap-default\">\n\t\t\t\t\t<div class=\"elementor-column elementor-col-50 elementor-top-column elementor-element elementor-element-0db05f0\" data-id=\"0db05f0\" data-element_type=\"column\">\n\t\t\t<div class=\"elementor-widget-wrap elementor-element-populated\">\n\t\t\t\t\t\t<div class=\"elementor-element elementor-element-f22c8fb elementor-widget elementor-widget-iheading\" data-id=\"f22c8fb\" data-element_type=\"widget\" data-widget_type=\"iheading.default\">\n\t\t\t\t<div class=\"elementor-widget-container\">\n\t\t\t\t\t\t\t<div class=\"section-head\">\n\t        \t            <h6 class=\"text-primary\">Unsere Dienstleistungen<\/h6>\n\t        \t        <h2 class=\"section-title\">Mechanik und Komponentenbau <span class=\"text-primary\"><\/span><\/h2>\n\t        \t    <\/div>\n\t    \t\t\t\t<\/div>\n\t\t\t\t<\/div>\n\t\t\t\t<div class=\"elementor-element elementor-element-1bbfa33 elementor-widget elementor-widget-text-editor\" data-id=\"1bbfa33\" data-element_type=\"widget\" data-widget_type=\"text-editor.default\">\n\t\t\t\t<div class=\"elementor-widget-container\">\n\t\t\t\t\t\t\t\t\t<p><strong>Komplexe Geometrien und enge Toleranzen: Spannende Fertigung f\u00fcr <br \/><\/strong><strong>komplexe Teile<\/strong><\/p><p>Unsere Komponentenwerkstatt \u00fcbernimmt die Pr\u00e4zisionsfertigung, Montage und das Testen von Bauteilen und Baugruppen f\u00fcr komplexe Anforderungen unterschiedlichster Industriebereiche. Mit Hilfe unserer eigenen Engineering-Abteilung arbeiten wir nach Ihren Konstruktionsunterlagen oder begleiten Sie bei der Umsetzung Ihrer Konzepte und Ideen. Profitieren Sie von unserer Unterst\u00fctzung bei der Qualifikation und dem Projekt-Management von zeitkritischen Prototypen und der Herstellung von neuen, anspruchsvollen Produktelinien.<\/p>\t\t\t\t\t\t\t\t<\/div>\n\t\t\t\t<\/div>\n\t\t\t\t<div class=\"elementor-element elementor-element-a56e7f1 elementor-widget elementor-widget-text-editor\" data-id=\"a56e7f1\" data-element_type=\"widget\" data-widget_type=\"text-editor.default\">\n\t\t\t\t<div class=\"elementor-widget-container\">\n\t\t\t\t\t\t\t\t\t<p>Pr\u00e4zisionsteile mit h\u00f6chsten Anforderungen sind unsere Spezialit\u00e4t, ebenso die Herstellung und Produktion von Komponenten f\u00fcr die unterschiedlichsten Industrien wie z. B. Raum- und Luftfahrtindustrie, Kraftwerksbau, Chemie- und Nahrungsmittelindustrie.<\/p>\t\t\t\t\t\t\t\t<\/div>\n\t\t\t\t<\/div>\n\t\t\t\t<div class=\"elementor-element elementor-element-3625136 elementor-hidden-desktop elementor-hidden-tablet elementor-widget elementor-widget-image\" data-id=\"3625136\" data-element_type=\"widget\" data-widget_type=\"image.default\">\n\t\t\t\t<div class=\"elementor-widget-container\">\n\t\t\t\t\t\t\t\t\t\t\t\t\t\t\t<img fetchpriority=\"high\" decoding=\"async\" width=\"640\" height=\"570\" src=\"https:\/\/kawe.ch\/wp-content\/uploads\/2023\/03\/komponenten_1.jpg\" class=\"attachment-large size-large wp-image-4477\" alt=\"\" srcset=\"https:\/\/kawe.ch\/wp-content\/uploads\/2023\/03\/komponenten_1.jpg 800w, https:\/\/kawe.ch\/wp-content\/uploads\/2023\/03\/komponenten_1-300x267.jpg 300w, https:\/\/kawe.ch\/wp-content\/uploads\/2023\/03\/komponenten_1-768x684.jpg 768w, https:\/\/kawe.ch\/wp-content\/uploads\/2023\/03\/komponenten_1-13x12.jpg 13w\" sizes=\"(max-width: 640px) 100vw, 640px\" \/>\t\t\t\t\t\t\t\t\t\t\t\t\t\t\t<\/div>\n\t\t\t\t<\/div>\n\t\t\t\t\t<\/div>\n\t\t<\/div>\n\t\t\t\t<div class=\"elementor-column elementor-col-50 elementor-top-column elementor-element elementor-element-2ab7df9 elementor-hidden-mobile\" data-id=\"2ab7df9\" data-element_type=\"column\" data-settings=\"{&quot;background_background&quot;:&quot;classic&quot;}\">\n\t\t\t<div class=\"elementor-widget-wrap elementor-element-populated\">\n\t\t\t\t\t\t<div class=\"elementor-element elementor-element-a87f420 elementor-widget elementor-widget-spacer\" data-id=\"a87f420\" data-element_type=\"widget\" data-widget_type=\"spacer.default\">\n\t\t\t\t<div class=\"elementor-widget-container\">\n\t\t\t\t\t\t\t<div class=\"elementor-spacer\">\n\t\t\t<div class=\"elementor-spacer-inner\"><\/div>\n\t\t<\/div>\n\t\t\t\t\t\t<\/div>\n\t\t\t\t<\/div>\n\t\t\t\t\t<\/div>\n\t\t<\/div>\n\t\t\t\t\t<\/div>\n\t\t<\/section>\n\t\t\t\t<section class=\"elementor-section elementor-top-section elementor-element elementor-element-b233d4d elementor-section-full_width elementor-section-content-middle elementor-section-height-default elementor-section-height-default\" data-id=\"b233d4d\" data-element_type=\"section\" data-settings=\"{&quot;background_background&quot;:&quot;classic&quot;}\">\n\t\t\t\t\t\t<div class=\"elementor-container elementor-column-gap-no\">\n\t\t\t\t\t<div class=\"elementor-column elementor-col-50 elementor-top-column elementor-element elementor-element-e2acf80\" data-id=\"e2acf80\" data-element_type=\"column\" data-settings=\"{&quot;background_background&quot;:&quot;slideshow&quot;,&quot;background_slideshow_gallery&quot;:[{&quot;id&quot;:5526,&quot;url&quot;:&quot;https:\\\/\\\/kawe.ch\\\/\\\/wp-content\\\/uploads\\\/2023\\\/04\\\/Dienstleistung-Mechanik_Foto-4-Federkoerper.jpg&quot;}],&quot;background_slideshow_slide_duration&quot;:6500,&quot;background_slideshow_transition_duration&quot;:1000,&quot;background_slideshow_ken_burns&quot;:&quot;yes&quot;,&quot;background_slideshow_loop&quot;:&quot;yes&quot;,&quot;background_slideshow_slide_transition&quot;:&quot;fade&quot;,&quot;background_slideshow_ken_burns_zoom_direction&quot;:&quot;in&quot;}\">\n\t\t\t<div class=\"elementor-widget-wrap elementor-element-populated\">\n\t\t\t\t\t\t<div class=\"elementor-element elementor-element-7ab2945 elementor-widget elementor-widget-spacer\" data-id=\"7ab2945\" data-element_type=\"widget\" data-widget_type=\"spacer.default\">\n\t\t\t\t<div class=\"elementor-widget-container\">\n\t\t\t\t\t\t\t<div class=\"elementor-spacer\">\n\t\t\t<div class=\"elementor-spacer-inner\"><\/div>\n\t\t<\/div>\n\t\t\t\t\t\t<\/div>\n\t\t\t\t<\/div>\n\t\t\t\t\t<\/div>\n\t\t<\/div>\n\t\t\t\t<div class=\"elementor-column elementor-col-50 elementor-top-column elementor-element elementor-element-083daf2\" data-id=\"083daf2\" data-element_type=\"column\" data-settings=\"{&quot;background_background&quot;:&quot;classic&quot;}\">\n\t\t\t<div class=\"elementor-widget-wrap elementor-element-populated\">\n\t\t\t\t\t\t<div class=\"elementor-element elementor-element-a742435 elementor-blockquote--skin-clean elementor-widget elementor-widget-blockquote\" data-id=\"a742435\" data-element_type=\"widget\" data-widget_type=\"blockquote.default\">\n\t\t\t\t<div class=\"elementor-widget-container\">\n\t\t\t\t\t\t\t<blockquote class=\"elementor-blockquote\">\n\t\t\t<p class=\"elementor-blockquote__content\">\n\t\t\t\tEs ist unser Ziel, gemeinsam mit Ihnen die kosteneffektivsten Herstellungsmethoden und Materialien zu finden, um Ihre Anforderungen sowohl in Bezug auf Kosten, Qualit\u00e4t und Lieferzeit zu erf\u00fcllen. Unsere Erfahrung umfasst die Verarbeitung einer grossen Bandbreite von Materialien einschliesslich hochlegierten Spezialst\u00e4hlen, Buntmetallen und Aluminiumlegierungen.\t\t\t<\/p>\n\t\t\t\t\t<\/blockquote>\n\t\t\t\t\t\t<\/div>\n\t\t\t\t<\/div>\n\t\t\t\t\t<\/div>\n\t\t<\/div>\n\t\t\t\t\t<\/div>\n\t\t<\/section>\n\t\t\t\t<\/div>\n\t\t","protected":false},"excerpt":{"rendered":"<p>Unsere Dienstleistungen Mechanik und Komponentenbau Komplexe Geometrien und enge Toleranzen: Spannende Fertigung f\u00fcr komplexe Teile Unsere Komponentenwerkstatt \u00fcbernimmt die Pr\u00e4zisionsfertigung, Montage und das Testen von Bauteilen und Baugruppen f\u00fcr komplexe Anforderungen unterschiedlichster Industriebereiche. Mit Hilfe unserer eigenen Engineering-Abteilung arbeiten wir nach Ihren Konstruktionsunterlagen oder begleiten Sie bei der Umsetzung Ihrer Konzepte und Ideen. Profitieren Sie [&hellip;]<\/p>\n","protected":false},"author":1,"featured_media":0,"parent":0,"menu_order":0,"comment_status":"closed","ping_status":"closed","template":"elementor_header_footer","meta":{"iawp_total_views":337,"footnotes":""},"class_list":["post-2353","page","type-page","status-publish","hentry"],"yoast_head":"<!-- This site is optimized with the Yoast SEO plugin v26.7 - https:\/\/yoast.com\/wordpress\/plugins\/seo\/ -->\n<title>Mechanik und Komponentenbau - Kawe<\/title>\n<meta name=\"robots\" content=\"index, follow, max-snippet:-1, max-image-preview:large, max-video-preview:-1\" \/>\n<link rel=\"canonical\" href=\"https:\/\/kawe.ch\/en\/mechanik-und-komponentenbau\/\" \/>\n<meta property=\"og:locale\" content=\"en_US\" \/>\n<meta property=\"og:type\" content=\"article\" \/>\n<meta property=\"og:title\" content=\"Mechanik und Komponentenbau - Kawe\" \/>\n<meta property=\"og:description\" content=\"Unsere Dienstleistungen Mechanik und Komponentenbau Komplexe Geometrien und enge Toleranzen: Spannende Fertigung f\u00fcr komplexe Teile Unsere Komponentenwerkstatt \u00fcbernimmt die Pr\u00e4zisionsfertigung, Montage und das Testen von Bauteilen und Baugruppen f\u00fcr komplexe Anforderungen unterschiedlichster Industriebereiche. Mit Hilfe unserer eigenen Engineering-Abteilung arbeiten wir nach Ihren Konstruktionsunterlagen oder begleiten Sie bei der Umsetzung Ihrer Konzepte und Ideen. Profitieren Sie [&hellip;]\" \/>\n<meta property=\"og:url\" content=\"https:\/\/kawe.ch\/en\/mechanik-und-komponentenbau\/\" \/>\n<meta property=\"og:site_name\" content=\"Kawe\" \/>\n<meta property=\"article:modified_time\" content=\"2023-04-27T11:52:57+00:00\" \/>\n<meta property=\"og:image\" content=\"https:\/\/kawe.ch\/\/wp-content\/uploads\/2023\/03\/komponenten_1.jpg\" \/>\n<meta name=\"twitter:card\" content=\"summary_large_image\" \/>\n<meta name=\"twitter:label1\" content=\"Est. reading time\" \/>\n\t<meta name=\"twitter:data1\" content=\"1 minute\" \/>\n<script type=\"application\/ld+json\" class=\"yoast-schema-graph\">{\"@context\":\"https:\/\/schema.org\",\"@graph\":[{\"@type\":\"WebPage\",\"@id\":\"https:\/\/kawe.ch\/mechanik-und-komponentenbau\/\",\"url\":\"https:\/\/kawe.ch\/mechanik-und-komponentenbau\/\",\"name\":\"Mechanik und Komponentenbau - Kawe\",\"isPartOf\":{\"@id\":\"https:\/\/kawe.ch\/#website\"},\"primaryImageOfPage\":{\"@id\":\"https:\/\/kawe.ch\/mechanik-und-komponentenbau\/#primaryimage\"},\"image\":{\"@id\":\"https:\/\/kawe.ch\/mechanik-und-komponentenbau\/#primaryimage\"},\"thumbnailUrl\":\"https:\/\/kawe.ch\/\/wp-content\/uploads\/2023\/03\/komponenten_1.jpg\",\"datePublished\":\"2021-11-16T16:29:48+00:00\",\"dateModified\":\"2023-04-27T11:52:57+00:00\",\"breadcrumb\":{\"@id\":\"https:\/\/kawe.ch\/mechanik-und-komponentenbau\/#breadcrumb\"},\"inLanguage\":\"en-US\",\"potentialAction\":[{\"@type\":\"ReadAction\",\"target\":[\"https:\/\/kawe.ch\/mechanik-und-komponentenbau\/\"]}]},{\"@type\":\"ImageObject\",\"inLanguage\":\"en-US\",\"@id\":\"https:\/\/kawe.ch\/mechanik-und-komponentenbau\/#primaryimage\",\"url\":\"https:\/\/kawe.ch\/\/wp-content\/uploads\/2023\/03\/komponenten_1.jpg\",\"contentUrl\":\"https:\/\/kawe.ch\/\/wp-content\/uploads\/2023\/03\/komponenten_1.jpg\"},{\"@type\":\"BreadcrumbList\",\"@id\":\"https:\/\/kawe.ch\/mechanik-und-komponentenbau\/#breadcrumb\",\"itemListElement\":[{\"@type\":\"ListItem\",\"position\":1,\"name\":\"Startseite\",\"item\":\"https:\/\/kawe.ch\/\"},{\"@type\":\"ListItem\",\"position\":2,\"name\":\"Mechanik und Komponentenbau\"}]},{\"@type\":\"WebSite\",\"@id\":\"https:\/\/kawe.ch\/#website\",\"url\":\"https:\/\/kawe.ch\/\",\"name\":\"Kawe\",\"description\":\"Ihr Partner f\u00fcr Systeml\u00f6sungen\",\"publisher\":{\"@id\":\"https:\/\/kawe.ch\/#organization\"},\"potentialAction\":[{\"@type\":\"SearchAction\",\"target\":{\"@type\":\"EntryPoint\",\"urlTemplate\":\"https:\/\/kawe.ch\/?s={search_term_string}\"},\"query-input\":{\"@type\":\"PropertyValueSpecification\",\"valueRequired\":true,\"valueName\":\"search_term_string\"}}],\"inLanguage\":\"en-US\"},{\"@type\":\"Organization\",\"@id\":\"https:\/\/kawe.ch\/#organization\",\"name\":\"Kawe\",\"url\":\"https:\/\/kawe.ch\/\",\"logo\":{\"@type\":\"ImageObject\",\"inLanguage\":\"en-US\",\"@id\":\"https:\/\/kawe.ch\/#\/schema\/logo\/image\/\",\"url\":\"https:\/\/kawe.ch\/wp-content\/uploads\/2021\/06\/kawe-logo.png\",\"contentUrl\":\"https:\/\/kawe.ch\/wp-content\/uploads\/2021\/06\/kawe-logo.png\",\"width\":600,\"height\":134,\"caption\":\"Kawe\"},\"image\":{\"@id\":\"https:\/\/kawe.ch\/#\/schema\/logo\/image\/\"}}]}<\/script>\n<!-- \/ Yoast SEO plugin. -->","yoast_head_json":{"title":"Mechanik und Komponentenbau - Kawe","robots":{"index":"index","follow":"follow","max-snippet":"max-snippet:-1","max-image-preview":"max-image-preview:large","max-video-preview":"max-video-preview:-1"},"canonical":"https:\/\/kawe.ch\/en\/mechanik-und-komponentenbau\/","og_locale":"en_US","og_type":"article","og_title":"Mechanik und Komponentenbau - Kawe","og_description":"Unsere Dienstleistungen Mechanik und Komponentenbau Komplexe Geometrien und enge Toleranzen: Spannende Fertigung f\u00fcr komplexe Teile Unsere Komponentenwerkstatt \u00fcbernimmt die Pr\u00e4zisionsfertigung, Montage und das Testen von Bauteilen und Baugruppen f\u00fcr komplexe Anforderungen unterschiedlichster Industriebereiche. Mit Hilfe unserer eigenen Engineering-Abteilung arbeiten wir nach Ihren Konstruktionsunterlagen oder begleiten Sie bei der Umsetzung Ihrer Konzepte und Ideen. Profitieren Sie [&hellip;]","og_url":"https:\/\/kawe.ch\/en\/mechanik-und-komponentenbau\/","og_site_name":"Kawe","article_modified_time":"2023-04-27T11:52:57+00:00","og_image":[{"url":"https:\/\/kawe.ch\/\/wp-content\/uploads\/2023\/03\/komponenten_1.jpg","type":"","width":"","height":""}],"twitter_card":"summary_large_image","twitter_misc":{"Est. reading time":"1 minute"},"schema":{"@context":"https:\/\/schema.org","@graph":[{"@type":"WebPage","@id":"https:\/\/kawe.ch\/mechanik-und-komponentenbau\/","url":"https:\/\/kawe.ch\/mechanik-und-komponentenbau\/","name":"Mechanik und Komponentenbau - Kawe","isPartOf":{"@id":"https:\/\/kawe.ch\/#website"},"primaryImageOfPage":{"@id":"https:\/\/kawe.ch\/mechanik-und-komponentenbau\/#primaryimage"},"image":{"@id":"https:\/\/kawe.ch\/mechanik-und-komponentenbau\/#primaryimage"},"thumbnailUrl":"https:\/\/kawe.ch\/\/wp-content\/uploads\/2023\/03\/komponenten_1.jpg","datePublished":"2021-11-16T16:29:48+00:00","dateModified":"2023-04-27T11:52:57+00:00","breadcrumb":{"@id":"https:\/\/kawe.ch\/mechanik-und-komponentenbau\/#breadcrumb"},"inLanguage":"en-US","potentialAction":[{"@type":"ReadAction","target":["https:\/\/kawe.ch\/mechanik-und-komponentenbau\/"]}]},{"@type":"ImageObject","inLanguage":"en-US","@id":"https:\/\/kawe.ch\/mechanik-und-komponentenbau\/#primaryimage","url":"https:\/\/kawe.ch\/\/wp-content\/uploads\/2023\/03\/komponenten_1.jpg","contentUrl":"https:\/\/kawe.ch\/\/wp-content\/uploads\/2023\/03\/komponenten_1.jpg"},{"@type":"BreadcrumbList","@id":"https:\/\/kawe.ch\/mechanik-und-komponentenbau\/#breadcrumb","itemListElement":[{"@type":"ListItem","position":1,"name":"Startseite","item":"https:\/\/kawe.ch\/"},{"@type":"ListItem","position":2,"name":"Mechanik und Komponentenbau"}]},{"@type":"WebSite","@id":"https:\/\/kawe.ch\/#website","url":"https:\/\/kawe.ch\/","name":"Kawe","description":"Your partner for system solutions","publisher":{"@id":"https:\/\/kawe.ch\/#organization"},"potentialAction":[{"@type":"SearchAction","target":{"@type":"EntryPoint","urlTemplate":"https:\/\/kawe.ch\/?s={search_term_string}"},"query-input":{"@type":"PropertyValueSpecification","valueRequired":true,"valueName":"search_term_string"}}],"inLanguage":"en-US"},{"@type":"Organization","@id":"https:\/\/kawe.ch\/#organization","name":"Kawe","url":"https:\/\/kawe.ch\/","logo":{"@type":"ImageObject","inLanguage":"en-US","@id":"https:\/\/kawe.ch\/#\/schema\/logo\/image\/","url":"https:\/\/kawe.ch\/wp-content\/uploads\/2021\/06\/kawe-logo.png","contentUrl":"https:\/\/kawe.ch\/wp-content\/uploads\/2021\/06\/kawe-logo.png","width":600,"height":134,"caption":"Kawe"},"image":{"@id":"https:\/\/kawe.ch\/#\/schema\/logo\/image\/"}}]}},"_links":{"self":[{"href":"https:\/\/kawe.ch\/en\/wp-json\/wp\/v2\/pages\/2353","targetHints":{"allow":["GET"]}}],"collection":[{"href":"https:\/\/kawe.ch\/en\/wp-json\/wp\/v2\/pages"}],"about":[{"href":"https:\/\/kawe.ch\/en\/wp-json\/wp\/v2\/types\/page"}],"author":[{"embeddable":true,"href":"https:\/\/kawe.ch\/en\/wp-json\/wp\/v2\/users\/1"}],"replies":[{"embeddable":true,"href":"https:\/\/kawe.ch\/en\/wp-json\/wp\/v2\/comments?post=2353"}],"version-history":[{"count":72,"href":"https:\/\/kawe.ch\/en\/wp-json\/wp\/v2\/pages\/2353\/revisions"}],"predecessor-version":[{"id":5671,"href":"https:\/\/kawe.ch\/en\/wp-json\/wp\/v2\/pages\/2353\/revisions\/5671"}],"wp:attachment":[{"href":"https:\/\/kawe.ch\/en\/wp-json\/wp\/v2\/media?parent=2353"}],"curies":[{"name":"wp","href":"https:\/\/api.w.org\/{rel}","templated":true}]}}